{"id":3006,"date":"2025-10-29T08:53:57","date_gmt":"2025-10-29T08:53:57","guid":{"rendered":"https:\/\/mountlaser.com\/?post_type=product&#038;p=3006"},"modified":"2025-11-28T04:56:07","modified_gmt":"2025-11-28T04:56:07","slug":"cls33a-thumb-release-tripod-for-pole","status":"publish","type":"product","link":"https:\/\/mountlaser.com\/it\/prodotto\/cls33a-thumb-release-tripod-for-pole\/","title":{"rendered":"CLS33A Treppiede con sgancio a pollice per palo"},"content":{"rendered":"<p>Presentazione del <a href=\"https:\/\/mountlaser.com\/it\/\"><strong>CLS33A Treppiede con sgancio a pollice per palo<\/strong><\/a>, Progettato per i topografi che richiedono velocit\u00e0 e stabilit\u00e0 costante sul campo. Questo treppiede per rilievi topografici con sgancio a pollice di livello professionale \u00e8 progettato per migliorare il flusso di lavoro ed \u00e8 disponibile in due diverse opzioni di colore ad alta visibilit\u00e0: CLS33A-RD con sgancio a pollice per asta (rosso) e CLS33A-GN con sgancio a pollice per asta (verde). Il treppiede con sgancio a pollice per asta CLS33A rappresenta la prossima evoluzione nei sistemi di supporto portatili, offrendo un perfetto equilibrio tra struttura robusta e innovazione incentrata sull&#039;utente.<\/p>\n<p><img fetchpriority=\"high\" decoding=\"async\" class=\"aligncenter wp-image-3010\" src=\"https:\/\/mountlaser.com\/wp-content\/uploads\/2025\/10\/\u7eff\u8272-CLS33A-2.webp\" alt=\"Thumb Release Surveying Tripod\" width=\"500\" height=\"500\" srcset=\"https:\/\/mountlaser.com\/wp-content\/uploads\/2025\/10\/\u7eff\u8272-CLS33A-2.webp 1000w, https:\/\/mountlaser.com\/wp-content\/uploads\/2025\/10\/\u7eff\u8272-CLS33A-2-300x300.webp 300w, https:\/\/mountlaser.com\/wp-content\/uploads\/2025\/10\/\u7eff\u8272-CLS33A-2-400x400.webp 400w, https:\/\/mountlaser.com\/wp-content\/uploads\/2025\/10\/\u7eff\u8272-CLS33A-2-800x800.webp 800w, https:\/\/mountlaser.com\/wp-content\/uploads\/2025\/10\/\u7eff\u8272-CLS33A-2-600x600.webp 600w, https:\/\/mountlaser.com\/wp-content\/uploads\/2025\/10\/\u7eff\u8272-CLS33A-2-150x150.webp 150w, https:\/\/mountlaser.com\/wp-content\/uploads\/2025\/10\/\u7eff\u8272-CLS33A-2-768x768.webp 768w, https:\/\/mountlaser.com\/wp-content\/uploads\/2025\/10\/\u7eff\u8272-CLS33A-2-12x12.webp 12w\" sizes=\"(max-width: 500px) 100vw, 500px\" \/><\/p>\n<p>Progettato per durare a lungo, il CLS33A \u00e8 dotato di un tubo interno in alluminio nero lucido (diametro esterno 18 mm) e di un tubo esterno in alluminio colorato pi\u00f9 spesso (diametro esterno 25 mm). Questo robusto treppiede per rilievi topografici con sgancio a pollice offre un&#039;estensione completa di 180 cm, garantendo l&#039;altezza necessaria per conquistare terreni impegnativi. La caratteristica distintiva \u00e8 il suo rapido meccanismo di sgancio a pollice, che consente regolazioni rapide con una sola mano, consolidando il suo ruolo di strumento essenziale. <a href=\"https:\/\/mountlaser.com\/it\/about-us\/\"><strong>Treppiede per rilevamento con rilascio del pollice<\/strong><\/a> per qualsiasi cantiere con ritmi di lavoro serrati. Un vantaggio fondamentale \u00e8 il design del piede rimovibile, che offre una maggiore adattabilit\u00e0 su superfici irregolari e semplifica la manutenzione e il trasporto. Completo di custodia morbida e scatola interna, questo treppiede \u00e8 il partner ideale per misurazioni efficienti e precise.<\/p>","protected":false},"excerpt":{"rendered":"<ul>\n<li>Offre un&#039;eccezionale gamma di altezze per adattarsi a diverse esigenze di rilevamento e ad ambienti difficili.<\/li>\n<li>Offrono un&#039;adattabilit\u00e0 superiore su terreni irregolari e consentono una facile pulizia o sostituzione.<\/li>\n<li>Include una custodia morbida e una scatola interna per un trasporto e una conservazione comodi e protetti.<\/li>\n<\/ul>","protected":false},"featured_media":3007,"comment_status":"open","ping_status":"closed","template":"","meta":[],"product_brand":[],"product_cat":[91,109],"product_tag":[],"class_list":{"0":"post-3006","1":"product","2":"type-product","3":"status-publish","4":"has-post-thumbnail","6":"product_cat-bipod-tripod","7":"product_cat-thumb-release-tripod-for-pole","9":"first","10":"instock","11":"shipping-taxable","12":"product-type-simple"},"_links":{"self":[{"href":"https:\/\/mountlaser.com\/it\/wp-json\/wp\/v2\/product\/3006","targetHints":{"allow":["GET"]}}],"collection":[{"href":"https:\/\/mountlaser.com\/it\/wp-json\/wp\/v2\/product"}],"about":[{"href":"https:\/\/mountlaser.com\/it\/wp-json\/wp\/v2\/types\/product"}],"replies":[{"embeddable":true,"href":"https:\/\/mountlaser.com\/it\/wp-json\/wp\/v2\/comments?post=3006"}],"wp:featuredmedia":[{"embeddable":true,"href":"https:\/\/mountlaser.com\/it\/wp-json\/wp\/v2\/media\/3007"}],"wp:attachment":[{"href":"https:\/\/mountlaser.com\/it\/wp-json\/wp\/v2\/media?parent=3006"}],"wp:term":[{"taxonomy":"product_brand","embeddable":true,"href":"https:\/\/mountlaser.com\/it\/wp-json\/wp\/v2\/product_brand?post=3006"},{"taxonomy":"product_cat","embeddable":true,"href":"https:\/\/mountlaser.com\/it\/wp-json\/wp\/v2\/product_cat?post=3006"},{"taxonomy":"product_tag","embeddable":true,"href":"https:\/\/mountlaser.com\/it\/wp-json\/wp\/v2\/product_tag?post=3006"}],"curies":[{"name":"parola chiave","href":"https:\/\/api.w.org\/{rel}","templated":true}]}}