{"id":2997,"date":"2025-10-29T08:41:11","date_gmt":"2025-10-29T08:41:11","guid":{"rendered":"https:\/\/mountlaser.com\/?post_type=product&#038;p=2997"},"modified":"2025-11-28T04:57:27","modified_gmt":"2025-11-28T04:57:27","slug":"dz33a-thumb-release-tripod-for-pole","status":"publish","type":"product","link":"https:\/\/mountlaser.com\/it\/prodotto\/dz33a-thumb-release-tripod-for-pole\/","title":{"rendered":"DZ33A Treppiede con sgancio a pollice per palo"},"content":{"rendered":"<p>Incontra il <a href=\"https:\/\/mountlaser.com\/it\/\"><strong>DZ33A Treppiede con sgancio a pollice per palo<\/strong><\/a>, la soluzione definitiva per i topografi che rifiutano compromessi tra stabilit\u00e0 superiore e rapidit\u00e0 di utilizzo. Progettato per i professionisti, questo versatile treppiede prismatico con asta a sgancio rapido \u00e8 disponibile in tre colori ad alta visibilit\u00e0: DZ33A-RW (rosso\/bianco), DZ33A-YL (giallo) e DZ33A-BK (nero), garantendo stile e maggiore sicurezza in cantiere. Robusto treppiede prismatico in alluminio, \u00e8 progettato per fornire una base solida per le misurazioni pi\u00f9 critiche.<img fetchpriority=\"high\" decoding=\"async\" class=\"aligncenter wp-image-3002\" src=\"https:\/\/mountlaser.com\/wp-content\/uploads\/2025\/10\/DZ33A-\u7ea2\u767d3.webp\" alt=\"Aluminum Prism Pole Tripod\" width=\"500\" height=\"500\" srcset=\"https:\/\/mountlaser.com\/wp-content\/uploads\/2025\/10\/DZ33A-\u7ea2\u767d3.webp 1000w, https:\/\/mountlaser.com\/wp-content\/uploads\/2025\/10\/DZ33A-\u7ea2\u767d3-300x300.webp 300w, https:\/\/mountlaser.com\/wp-content\/uploads\/2025\/10\/DZ33A-\u7ea2\u767d3-400x400.webp 400w, https:\/\/mountlaser.com\/wp-content\/uploads\/2025\/10\/DZ33A-\u7ea2\u767d3-800x800.webp 800w, https:\/\/mountlaser.com\/wp-content\/uploads\/2025\/10\/DZ33A-\u7ea2\u767d3-600x600.webp 600w, https:\/\/mountlaser.com\/wp-content\/uploads\/2025\/10\/DZ33A-\u7ea2\u767d3-150x150.webp 150w, https:\/\/mountlaser.com\/wp-content\/uploads\/2025\/10\/DZ33A-\u7ea2\u767d3-768x768.webp 768w, https:\/\/mountlaser.com\/wp-content\/uploads\/2025\/10\/DZ33A-\u7ea2\u767d3-12x12.webp 12w\" sizes=\"(max-width: 500px) 100vw, 500px\" \/><\/p>\n<p>Realizzato con un robusto tubo interno in alluminio argentato (diametro esterno 18 mm) e un tubo esterno pi\u00f9 spesso (diametro esterno 25 mm) disponibile nel colore desiderato, il DZ33A \u00e8 progettato per garantire longevit\u00e0 e resistenza. Questo treppiede con asta prismatica in alluminio vanta un&#039;impressionante estensione di 180 cm, offrendo un&#039;eccezionale escursione in altezza per affrontare terreni impegnativi e configurazioni complesse. L&#039;innovativo meccanismo di sgancio a pollice lo definisce. <a href=\"https:\/\/mountlaser.com\/it\/about-us\/\"><strong>Treppiede con asta prismatica con sgancio a pollice<\/strong><\/a>, consentendo regolazioni incredibilmente rapide e con una sola mano, senza sacrificare la stabilit\u00e0 assoluta su cui fai affidamento. I piedini fissi e antiscivolo assicurano una presa sicura su qualsiasi superficie, garantendo che l&#039;asta del prisma rimanga perfettamente stabile. Quando \u00e8 il momento di spostarlo, tutto si ripone ordinatamente nella custodia morbida e nella scatola interna incluse.<\/p>","protected":false},"excerpt":{"rendered":"<ul>\n<li>Opzioni di colore ad alta visibilit\u00e0: disponibili in rosso\/bianco, giallo e nero per una maggiore sicurezza in cantiere e in base alle preferenze personali.<\/li>\n<li>Kit portatile completo: include una custodia morbida e una scatola interna per un trasporto e una conservazione comodi e protetti.<\/li>\n<\/ul>","protected":false},"featured_media":2998,"comment_status":"open","ping_status":"closed","template":"","meta":[],"product_brand":[],"product_cat":[91,109],"product_tag":[],"class_list":{"0":"post-2997","1":"product","2":"type-product","3":"status-publish","4":"has-post-thumbnail","6":"product_cat-bipod-tripod","7":"product_cat-thumb-release-tripod-for-pole","9":"first","10":"instock","11":"shipping-taxable","12":"product-type-simple"},"_links":{"self":[{"href":"https:\/\/mountlaser.com\/it\/wp-json\/wp\/v2\/product\/2997","targetHints":{"allow":["GET"]}}],"collection":[{"href":"https:\/\/mountlaser.com\/it\/wp-json\/wp\/v2\/product"}],"about":[{"href":"https:\/\/mountlaser.com\/it\/wp-json\/wp\/v2\/types\/product"}],"replies":[{"embeddable":true,"href":"https:\/\/mountlaser.com\/it\/wp-json\/wp\/v2\/comments?post=2997"}],"wp:featuredmedia":[{"embeddable":true,"href":"https:\/\/mountlaser.com\/it\/wp-json\/wp\/v2\/media\/2998"}],"wp:attachment":[{"href":"https:\/\/mountlaser.com\/it\/wp-json\/wp\/v2\/media?parent=2997"}],"wp:term":[{"taxonomy":"product_brand","embeddable":true,"href":"https:\/\/mountlaser.com\/it\/wp-json\/wp\/v2\/product_brand?post=2997"},{"taxonomy":"product_cat","embeddable":true,"href":"https:\/\/mountlaser.com\/it\/wp-json\/wp\/v2\/product_cat?post=2997"},{"taxonomy":"product_tag","embeddable":true,"href":"https:\/\/mountlaser.com\/it\/wp-json\/wp\/v2\/product_tag?post=2997"}],"curies":[{"name":"parola chiave","href":"https:\/\/api.w.org\/{rel}","templated":true}]}}