{"id":2851,"date":"2025-10-21T09:09:22","date_gmt":"2025-10-21T09:09:22","guid":{"rendered":"https:\/\/mountlaser.com\/?post_type=product&#038;p=2851"},"modified":"2025-11-28T05:40:16","modified_gmt":"2025-11-28T05:40:16","slug":"swiss-style-gpr1-reflector-prism","status":"publish","type":"product","link":"https:\/\/mountlaser.com\/it\/prodotto\/swiss-style-gpr1-reflector-prism\/","title":{"rendered":"Prisma riflettore GPR1 in stile svizzero"},"content":{"rendered":"<p>Il Mountlaser <a href=\"https:\/\/mountlaser.com\/it\/\"><strong>Prisma riflettore GPR1 in stile svizzero<\/strong><\/a> \u00e8 progettato per soddisfare i pi\u00f9 elevati standard di precisione e compatibilit\u00e0.<\/p>\n<p>Questo autentico <a href=\"https:\/\/mountlaser.com\/it\/products\/\"><strong>Prisma GPR1 in stile svizzero<\/strong><\/a> presenta un fattore di forma di \u00f864,0 mm, garantendo una perfetta integrazione con Leica e altri importanti sistemi di stazioni totali che richiedono questo specifico tipo di prisma.<\/p>\n<p>&nbsp;<\/p>\n<p><img fetchpriority=\"high\" decoding=\"async\" class=\"aligncenter wp-image-2853\" src=\"https:\/\/mountlaser.com\/wp-content\/uploads\/2025\/10\/IMG_9467_\u526f\u672c.webp\" alt=\"Swiss Style GPR1 Prism\" width=\"500\" height=\"500\" srcset=\"https:\/\/mountlaser.com\/wp-content\/uploads\/2025\/10\/IMG_9467_\u526f\u672c.webp 1000w, https:\/\/mountlaser.com\/wp-content\/uploads\/2025\/10\/IMG_9467_\u526f\u672c-300x300.webp 300w, https:\/\/mountlaser.com\/wp-content\/uploads\/2025\/10\/IMG_9467_\u526f\u672c-400x400.webp 400w, https:\/\/mountlaser.com\/wp-content\/uploads\/2025\/10\/IMG_9467_\u526f\u672c-800x800.webp 800w, https:\/\/mountlaser.com\/wp-content\/uploads\/2025\/10\/IMG_9467_\u526f\u672c-600x600.webp 600w, https:\/\/mountlaser.com\/wp-content\/uploads\/2025\/10\/IMG_9467_\u526f\u672c-150x150.webp 150w, https:\/\/mountlaser.com\/wp-content\/uploads\/2025\/10\/IMG_9467_\u526f\u672c-768x768.webp 768w, https:\/\/mountlaser.com\/wp-content\/uploads\/2025\/10\/IMG_9467_\u526f\u672c-12x12.webp 12w\" sizes=\"(max-width: 500px) 100vw, 500px\" \/><\/p>\n<p>Rinomato per le sue eccezionali prestazioni di misurazione a lungo raggio e per l&#039;eccellente ritorno del segnale, il prisma Swiss Style GPR1 \u00e8 la scelta definitiva per applicazioni di rilevamento ad alta precisione in cui l&#039;accuratezza non pu\u00f2 essere compromessa.<\/p>","protected":false},"excerpt":{"rendered":"<ul>\n<li>Autentico standard svizzero: garantisce la piena compatibilit\u00e0 e prestazioni ottimali con le stazioni totali Leica e altri strumenti progettati per questo tipo di prisma.<\/li>\n<li>Ottica ad alta precisione: il prisma in vetro da \u00f864,0 mm garantisce una precisione superiore e un&#039;eccellente riflettivit\u00e0 per misurazioni a lunga distanza.<\/li>\n<\/ul>","protected":false},"featured_media":2852,"comment_status":"open","ping_status":"closed","template":"","meta":[],"product_brand":[],"product_cat":[72,105],"product_tag":[],"class_list":{"0":"post-2851","1":"product","2":"type-product","3":"status-publish","4":"has-post-thumbnail","6":"product_cat-reflective-target-prism","7":"product_cat-corner-cube-prisms","9":"first","10":"instock","11":"shipping-taxable","12":"product-type-simple"},"_links":{"self":[{"href":"https:\/\/mountlaser.com\/it\/wp-json\/wp\/v2\/product\/2851","targetHints":{"allow":["GET"]}}],"collection":[{"href":"https:\/\/mountlaser.com\/it\/wp-json\/wp\/v2\/product"}],"about":[{"href":"https:\/\/mountlaser.com\/it\/wp-json\/wp\/v2\/types\/product"}],"replies":[{"embeddable":true,"href":"https:\/\/mountlaser.com\/it\/wp-json\/wp\/v2\/comments?post=2851"}],"wp:featuredmedia":[{"embeddable":true,"href":"https:\/\/mountlaser.com\/it\/wp-json\/wp\/v2\/media\/2852"}],"wp:attachment":[{"href":"https:\/\/mountlaser.com\/it\/wp-json\/wp\/v2\/media?parent=2851"}],"wp:term":[{"taxonomy":"product_brand","embeddable":true,"href":"https:\/\/mountlaser.com\/it\/wp-json\/wp\/v2\/product_brand?post=2851"},{"taxonomy":"product_cat","embeddable":true,"href":"https:\/\/mountlaser.com\/it\/wp-json\/wp\/v2\/product_cat?post=2851"},{"taxonomy":"product_tag","embeddable":true,"href":"https:\/\/mountlaser.com\/it\/wp-json\/wp\/v2\/product_tag?post=2851"}],"curies":[{"name":"parola chiave","href":"https:\/\/api.w.org\/{rel}","templated":true}]}}