{"id":2699,"date":"2025-10-17T07:21:28","date_gmt":"2025-10-17T07:21:28","guid":{"rendered":"https:\/\/mountlaser.com\/?post_type=product&#038;p=2699"},"modified":"2025-11-28T06:38:19","modified_gmt":"2025-11-28T06:38:19","slug":"c34b-triple-prism-assembly","status":"publish","type":"product","link":"https:\/\/mountlaser.com\/it\/prodotto\/c34b-triple-prism-assembly\/","title":{"rendered":"Gruppo prisma triplo C34B"},"content":{"rendered":"<p>Due modelli distinti con codice colore per una facile identificazione e gestione del progetto:<a href=\"https:\/\/mountlaser.com\/it\/\"><strong> Gruppo prisma triplo C34B-YY<\/strong><\/a> (Giallo-Giallo) e il gruppo prisma triplo C34B-RR (Rosso-Rosso), per garantirti lo strumento giusto per il tuo flusso di lavoro specifico e per le esigenze del tuo team.<\/p>\n<p><a href=\"https:\/\/mountlaser.com\/it\/products\/\"><strong>Gruppo prisma triplo C34B<\/strong><\/a> Dotato di tre prismi da 64 mm di alta qualit\u00e0, questo sistema garantisce un ritorno del segnale affidabile e un&#039;eccezionale costanza di misura. Offre una precisione di 2 o 3-4 secondi, consentendo ai professionisti di selezionare il modello ideale in base alle esigenze di precisione del loro progetto.<\/p>\n<p><img fetchpriority=\"high\" decoding=\"async\" class=\"wp-image-2704 aligncenter\" src=\"https:\/\/mountlaser.com\/wp-content\/uploads\/2025\/10\/C34B-RR-2.webp\" alt=\"C34B Triple Prism Assembly\" width=\"500\" height=\"500\" srcset=\"https:\/\/mountlaser.com\/wp-content\/uploads\/2025\/10\/C34B-RR-2.webp 1000w, https:\/\/mountlaser.com\/wp-content\/uploads\/2025\/10\/C34B-RR-2-300x300.webp 300w, https:\/\/mountlaser.com\/wp-content\/uploads\/2025\/10\/C34B-RR-2-400x400.webp 400w, https:\/\/mountlaser.com\/wp-content\/uploads\/2025\/10\/C34B-RR-2-800x800.webp 800w, https:\/\/mountlaser.com\/wp-content\/uploads\/2025\/10\/C34B-RR-2-600x600.webp 600w, https:\/\/mountlaser.com\/wp-content\/uploads\/2025\/10\/C34B-RR-2-150x150.webp 150w, https:\/\/mountlaser.com\/wp-content\/uploads\/2025\/10\/C34B-RR-2-768x768.webp 768w, https:\/\/mountlaser.com\/wp-content\/uploads\/2025\/10\/C34B-RR-2-12x12.webp 12w\" sizes=\"(max-width: 500px) 100vw, 500px\" \/><\/p>\n<p>Compatibilit\u00e0 universale: l&#039;adattatore femmina 5\/8\u2033-11 in acciaio inossidabile integrato garantisce un adattamento sicuro e universale su qualsiasi asta o adattatore per prisma standard 5\/8\u2033-11, garantendo un&#039;integrazione perfetta con le apparecchiature di rilevamento esistenti.<\/p>\n<p>Configurazione flessibile: con un&#039;altezza dell&#039;asse di inclinazione di 100 mm e la possibilit\u00e0 di un offset di 0 mm o -30 mm, il gruppo prisma triplo C34B offre l&#039;adattabilit\u00e0 necessaria per affrontare complesse attivit\u00e0 di rilevamento, da complessi layout di costruzione ad allineamenti aerei.<\/p>","protected":false},"excerpt":{"rendered":"<ul>\n<li>Costruito per resistere ai rigori dell&#039;uso quotidiano nei cantieri, il gruppo \u00e8 dotato di una borsa protettiva per il trasporto<\/li>\n<li>garantendo un trasporto e uno stoccaggio sicuri per il tuo prezioso investimento.<\/li>\n<li>Che tu scelga il gruppo prisma triplo C34B-YY altamente visibile o il gruppo prisma triplo C34B-RR<\/li>\n<\/ul>","protected":false},"featured_media":2700,"comment_status":"open","ping_status":"closed","template":"","meta":[],"product_brand":[],"product_cat":[72,103],"product_tag":[],"class_list":{"0":"post-2699","1":"product","2":"type-product","3":"status-publish","4":"has-post-thumbnail","6":"product_cat-reflective-target-prism","7":"product_cat-prism-assembly","9":"first","10":"instock","11":"shipping-taxable","12":"product-type-simple"},"_links":{"self":[{"href":"https:\/\/mountlaser.com\/it\/wp-json\/wp\/v2\/product\/2699","targetHints":{"allow":["GET"]}}],"collection":[{"href":"https:\/\/mountlaser.com\/it\/wp-json\/wp\/v2\/product"}],"about":[{"href":"https:\/\/mountlaser.com\/it\/wp-json\/wp\/v2\/types\/product"}],"replies":[{"embeddable":true,"href":"https:\/\/mountlaser.com\/it\/wp-json\/wp\/v2\/comments?post=2699"}],"wp:featuredmedia":[{"embeddable":true,"href":"https:\/\/mountlaser.com\/it\/wp-json\/wp\/v2\/media\/2700"}],"wp:attachment":[{"href":"https:\/\/mountlaser.com\/it\/wp-json\/wp\/v2\/media?parent=2699"}],"wp:term":[{"taxonomy":"product_brand","embeddable":true,"href":"https:\/\/mountlaser.com\/it\/wp-json\/wp\/v2\/product_brand?post=2699"},{"taxonomy":"product_cat","embeddable":true,"href":"https:\/\/mountlaser.com\/it\/wp-json\/wp\/v2\/product_cat?post=2699"},{"taxonomy":"product_tag","embeddable":true,"href":"https:\/\/mountlaser.com\/it\/wp-json\/wp\/v2\/product_tag?post=2699"}],"curies":[{"name":"parola chiave","href":"https:\/\/api.w.org\/{rel}","templated":true}]}}