{"id":2684,"date":"2025-10-16T09:19:22","date_gmt":"2025-10-16T09:19:22","guid":{"rendered":"https:\/\/mountlaser.com\/?post_type=product&#038;p=2684"},"modified":"2025-11-28T06:40:43","modified_gmt":"2025-11-28T06:40:43","slug":"z14ue-prism-assembly","status":"publish","type":"product","link":"https:\/\/mountlaser.com\/it\/prodotto\/z14ue-prism-assembly\/","title":{"rendered":"Gruppo prisma Z14UE"},"content":{"rendered":"<p>Z14UE <a href=\"https:\/\/mountlaser.com\/it\/\"><strong>Gruppo prisma allargato<\/strong><\/a>: Stabilit\u00e0 senza pari per rilievi di precisione<\/p>\n<p>Prova il prossimo livello di stabilit\u00e0 di rilevamento con <strong><a href=\"https:\/\/mountlaser.com\/it\/products\/\">Gruppo prisma Z14UE<\/a>y<\/strong>, un eccezionale gruppo prismatico metallico di grandi dimensioni, progettato per le condizioni di lavoro pi\u00f9 impegnative.<\/p>\n<p>&nbsp;<\/p>\n<p><img fetchpriority=\"high\" decoding=\"async\" class=\"aligncenter wp-image-2688\" src=\"https:\/\/mountlaser.com\/wp-content\/uploads\/2025\/10\/Z14UE-BY-4.webp\" alt=\"Widened Prism Assembly \" width=\"500\" height=\"500\" srcset=\"https:\/\/mountlaser.com\/wp-content\/uploads\/2025\/10\/Z14UE-BY-4.webp 1000w, https:\/\/mountlaser.com\/wp-content\/uploads\/2025\/10\/Z14UE-BY-4-300x300.webp 300w, https:\/\/mountlaser.com\/wp-content\/uploads\/2025\/10\/Z14UE-BY-4-400x400.webp 400w, https:\/\/mountlaser.com\/wp-content\/uploads\/2025\/10\/Z14UE-BY-4-800x800.webp 800w, https:\/\/mountlaser.com\/wp-content\/uploads\/2025\/10\/Z14UE-BY-4-600x600.webp 600w, https:\/\/mountlaser.com\/wp-content\/uploads\/2025\/10\/Z14UE-BY-4-150x150.webp 150w, https:\/\/mountlaser.com\/wp-content\/uploads\/2025\/10\/Z14UE-BY-4-768x768.webp 768w, https:\/\/mountlaser.com\/wp-content\/uploads\/2025\/10\/Z14UE-BY-4-12x12.webp 12w\" sizes=\"(max-width: 500px) 100vw, 500px\" \/><\/p>\n<p>Questo prisma allargato in stile giapponese \u00e8 meticolosamente realizzato per offrire prestazioni superiori grazie al suo design innovativo. \u00c8 disponibile in due modelli distinti e ad alta visibilit\u00e0, contraddistinti da un codice colore: il prisma Z14UE-BR (rosso grande) e il prisma Z14UE-RY (giallo grande), garantendo una facile identificazione e una gestione efficiente del flusso di lavoro in qualsiasi cantiere.<\/p>","protected":false},"excerpt":{"rendered":"<ul>\n<li>La base di questo gruppo prismatico allargato \u00e8 la sua ampia base dal design esclusivo.<\/li>\n<li>Questo grande prisma metallico allargato riduce drasticamente l&#039;oscillazione e migliora la rigidit\u00e0 complessiva, garantendo un&#039;acquisizione dati pi\u00f9 affidabile.<\/li>\n<li>Costruzione robusta e configurazione flessibile<\/li>\n<\/ul>","protected":false},"featured_media":2686,"comment_status":"open","ping_status":"closed","template":"","meta":[],"product_brand":[],"product_cat":[72,103],"product_tag":[],"class_list":{"0":"post-2684","1":"product","2":"type-product","3":"status-publish","4":"has-post-thumbnail","6":"product_cat-reflective-target-prism","7":"product_cat-prism-assembly","9":"first","10":"instock","11":"shipping-taxable","12":"product-type-simple"},"_links":{"self":[{"href":"https:\/\/mountlaser.com\/it\/wp-json\/wp\/v2\/product\/2684","targetHints":{"allow":["GET"]}}],"collection":[{"href":"https:\/\/mountlaser.com\/it\/wp-json\/wp\/v2\/product"}],"about":[{"href":"https:\/\/mountlaser.com\/it\/wp-json\/wp\/v2\/types\/product"}],"replies":[{"embeddable":true,"href":"https:\/\/mountlaser.com\/it\/wp-json\/wp\/v2\/comments?post=2684"}],"wp:featuredmedia":[{"embeddable":true,"href":"https:\/\/mountlaser.com\/it\/wp-json\/wp\/v2\/media\/2686"}],"wp:attachment":[{"href":"https:\/\/mountlaser.com\/it\/wp-json\/wp\/v2\/media?parent=2684"}],"wp:term":[{"taxonomy":"product_brand","embeddable":true,"href":"https:\/\/mountlaser.com\/it\/wp-json\/wp\/v2\/product_brand?post=2684"},{"taxonomy":"product_cat","embeddable":true,"href":"https:\/\/mountlaser.com\/it\/wp-json\/wp\/v2\/product_cat?post=2684"},{"taxonomy":"product_tag","embeddable":true,"href":"https:\/\/mountlaser.com\/it\/wp-json\/wp\/v2\/product_tag?post=2684"}],"curies":[{"name":"parola chiave","href":"https:\/\/api.w.org\/{rel}","templated":true}]}}