{"id":2676,"date":"2025-10-16T09:09:21","date_gmt":"2025-10-16T09:09:21","guid":{"rendered":"https:\/\/mountlaser.com\/?post_type=product&#038;p=2676"},"modified":"2025-11-28T06:42:40","modified_gmt":"2025-11-28T06:42:40","slug":"z14sk-prism-assembly","status":"publish","type":"product","link":"https:\/\/mountlaser.com\/it\/prodotto\/z14sk-prism-assembly\/","title":{"rendered":"Gruppo prisma Z14SK"},"content":{"rendered":"<p><a href=\"https:\/\/mountlaser.com\/it\/about-us\/\"><strong>Nuovo set di prismi metallici Z14SK<\/strong><\/a>: La durevolezza incontra la precisione<\/p>\n<p>Migliora le tue capacit\u00e0 di rilevamento con<a href=\"https:\/\/mountlaser.com\/it\/\"><strong> Gruppo prisma Z14SK<\/strong><\/a>, un robusto set di prismi New Metal in stile giapponese, progettato per garantire resistenza e precisione negli ambienti pi\u00f9 difficili. Questo set \u00e8 progettato per fornire ai topografi uno strumento affidabile e duraturo, disponibile in due colori ad alta visibilit\u00e0 per una facile identificazione: il set di prismi Z14SK-RR (rosso-rosso) e il set di prismi Z14SK-YY (giallo-giallo).<\/p>\n<p>&nbsp;<\/p>\n<p><img fetchpriority=\"high\" decoding=\"async\" class=\"wp-image-2681 aligncenter\" src=\"https:\/\/mountlaser.com\/wp-content\/uploads\/2025\/10\/Z14SK-RR-1.webp\" alt=\"New Metal Prism Set \" width=\"500\" height=\"500\" srcset=\"https:\/\/mountlaser.com\/wp-content\/uploads\/2025\/10\/Z14SK-RR-1.webp 1000w, https:\/\/mountlaser.com\/wp-content\/uploads\/2025\/10\/Z14SK-RR-1-300x300.webp 300w, https:\/\/mountlaser.com\/wp-content\/uploads\/2025\/10\/Z14SK-RR-1-400x400.webp 400w, https:\/\/mountlaser.com\/wp-content\/uploads\/2025\/10\/Z14SK-RR-1-800x800.webp 800w, https:\/\/mountlaser.com\/wp-content\/uploads\/2025\/10\/Z14SK-RR-1-600x600.webp 600w, https:\/\/mountlaser.com\/wp-content\/uploads\/2025\/10\/Z14SK-RR-1-150x150.webp 150w, https:\/\/mountlaser.com\/wp-content\/uploads\/2025\/10\/Z14SK-RR-1-768x768.webp 768w, https:\/\/mountlaser.com\/wp-content\/uploads\/2025\/10\/Z14SK-RR-1-12x12.webp 12w\" sizes=\"(max-width: 500px) 100vw, 500px\" \/><\/p>\n<p>In quanto set di prismi New Metal di alta qualit\u00e0, lo Z14SK \u00e8 dotato di un prisma di precisione da 64 mm, che offre diverse opzioni di precisione (2&quot;, 3-4&quot; o 5-8&quot;) per soddisfare le diverse esigenze di vari progetti, dalle reti di controllo ad alta precisione alla progettazione di layout di costruzione generali. Il suo punto di forza risiede nella filettatura femmina integrata in acciaio inossidabile da 5\/8&quot;-11, che garantisce la piena compatibilit\u00e0 con aste e adattatori per prismi standard, offrendo al contempo una resistenza superiore alla corrosione e all&#039;usura.<\/p>","protected":false},"excerpt":{"rendered":"<ul>\n<li>La codifica a colori distintiva aiuta a evitare confusioni sul posto, migliorando l&#039;efficienza del team.<\/li>\n<li>Fornito con una pratica borsa per il trasporto, questo set completo New Metal Prism \u00e8 completamente attrezzato per un trasporto sicuro e uno stoccaggio organizzato<\/li>\n<li>Garantiamo che il tuo investimento sia protetto e sempre pronto all&#039;uso.<\/li>\n<\/ul>","protected":false},"featured_media":2677,"comment_status":"open","ping_status":"closed","template":"","meta":[],"product_brand":[],"product_cat":[72,103],"product_tag":[],"class_list":{"0":"post-2676","1":"product","2":"type-product","3":"status-publish","4":"has-post-thumbnail","6":"product_cat-reflective-target-prism","7":"product_cat-prism-assembly","9":"first","10":"instock","11":"shipping-taxable","12":"product-type-simple"},"_links":{"self":[{"href":"https:\/\/mountlaser.com\/it\/wp-json\/wp\/v2\/product\/2676","targetHints":{"allow":["GET"]}}],"collection":[{"href":"https:\/\/mountlaser.com\/it\/wp-json\/wp\/v2\/product"}],"about":[{"href":"https:\/\/mountlaser.com\/it\/wp-json\/wp\/v2\/types\/product"}],"replies":[{"embeddable":true,"href":"https:\/\/mountlaser.com\/it\/wp-json\/wp\/v2\/comments?post=2676"}],"wp:featuredmedia":[{"embeddable":true,"href":"https:\/\/mountlaser.com\/it\/wp-json\/wp\/v2\/media\/2677"}],"wp:attachment":[{"href":"https:\/\/mountlaser.com\/it\/wp-json\/wp\/v2\/media?parent=2676"}],"wp:term":[{"taxonomy":"product_brand","embeddable":true,"href":"https:\/\/mountlaser.com\/it\/wp-json\/wp\/v2\/product_brand?post=2676"},{"taxonomy":"product_cat","embeddable":true,"href":"https:\/\/mountlaser.com\/it\/wp-json\/wp\/v2\/product_cat?post=2676"},{"taxonomy":"product_tag","embeddable":true,"href":"https:\/\/mountlaser.com\/it\/wp-json\/wp\/v2\/product_tag?post=2676"}],"curies":[{"name":"parola chiave","href":"https:\/\/api.w.org\/{rel}","templated":true}]}}