{"id":2654,"date":"2025-10-16T08:22:59","date_gmt":"2025-10-16T08:22:59","guid":{"rendered":"https:\/\/mountlaser.com\/?post_type=product&#038;p=2654"},"modified":"2025-11-28T06:46:17","modified_gmt":"2025-11-28T06:46:17","slug":"z14uc-prism-assembly","status":"publish","type":"product","link":"https:\/\/mountlaser.com\/it\/prodotto\/z14uc-prism-assembly\/","title":{"rendered":"Gruppo prisma Z14UC"},"content":{"rendered":"<p><a href=\"https:\/\/mountlaser.com\/it\/\"><strong>Gruppo prisma Z14UC<\/strong><\/a>: Premium <a href=\"https:\/\/mountlaser.com\/it\/products\/\"><strong>Set di prismi a inclinazione singola<\/strong><\/a> per una precisione superiore<\/p>\n<p>Vi presentiamo il gruppo prisma Z14UC, un set di prismi a inclinazione singola di alta qualit\u00e0 in stile giapponese, progettato per i topografi che non scendono a compromessi in termini di precisione o durata. Questo gruppo \u00e8 disponibile in due distinte varianti di colore ad alta visibilit\u00e0: il gruppo prisma Z14UC-YG (Y). La codifica a colori distintiva del gruppo prisma Z14UC-YG e del gruppo prisma Z14UC-YY semplifica il flusso di lavoro per i team che utilizzano pi\u00f9 configurazioni.<\/p>\n<p>Abbinato a una custodia protettiva per il trasporto, questo set di prismi a inclinazione singola \u00e8 perfettamente attrezzato sia per una conservazione organizzata che per un facile trasporto tra i cantieri. (giallo-verde) e il gruppo prisma Z14UC-YY (giallo-giallo), consentendo un&#039;identificazione e un&#039;organizzazione senza sforzo in qualsiasi cantiere.<\/p>\n<p><img fetchpriority=\"high\" decoding=\"async\" class=\"aligncenter wp-image-2658\" src=\"https:\/\/mountlaser.com\/wp-content\/uploads\/2025\/10\/Z14UC-YG-1.webp\" alt=\"Single Tilt Prism Set\" width=\"500\" height=\"500\" srcset=\"https:\/\/mountlaser.com\/wp-content\/uploads\/2025\/10\/Z14UC-YG-1.webp 1000w, https:\/\/mountlaser.com\/wp-content\/uploads\/2025\/10\/Z14UC-YG-1-300x300.webp 300w, https:\/\/mountlaser.com\/wp-content\/uploads\/2025\/10\/Z14UC-YG-1-400x400.webp 400w, https:\/\/mountlaser.com\/wp-content\/uploads\/2025\/10\/Z14UC-YG-1-800x800.webp 800w, https:\/\/mountlaser.com\/wp-content\/uploads\/2025\/10\/Z14UC-YG-1-600x600.webp 600w, https:\/\/mountlaser.com\/wp-content\/uploads\/2025\/10\/Z14UC-YG-1-150x150.webp 150w, https:\/\/mountlaser.com\/wp-content\/uploads\/2025\/10\/Z14UC-YG-1-768x768.webp 768w, https:\/\/mountlaser.com\/wp-content\/uploads\/2025\/10\/Z14UC-YG-1-12x12.webp 12w\" sizes=\"(max-width: 500px) 100vw, 500px\" \/><\/p>\n<p>Progettato per l&#039;eccellenza, il cuore di questo gruppo \u00e8 un prisma ad alta precisione da 64 mm. Offre livelli di precisione selezionabili di 2&quot; o 3-4&quot;, rispondendo alle esigenze di misurazione pi\u00f9 impegnative, dove \u00e8 richiesto il massimo livello di certezza. La robusta struttura \u00e8 dotata di un adattatore in acciaio inossidabile con filettatura femmina standard da 5\/8&quot;-11, che garantisce resistenza alla corrosione e una perfetta compatibilit\u00e0 con la maggior parte delle paline topografiche pi\u00f9 diffuse.<\/p>","protected":false},"excerpt":{"rendered":"<ul>\n<li>La codifica a colori distintiva del gruppo prisma Z14UC-YG e del gruppo prisma Z14UC-YY semplifica il flusso di lavoro per i team che utilizzano pi\u00f9 configurazioni.<\/li>\n<li>Abbinato a una custodia protettiva per il trasporto<\/li>\n<li>Questo set di prismi a inclinazione singola \u00e8 perfettamente attrezzato sia per lo stoccaggio organizzato che per il facile trasporto tra i cantieri.<\/li>\n<\/ul>","protected":false},"featured_media":2659,"comment_status":"open","ping_status":"closed","template":"","meta":[],"product_brand":[],"product_cat":[72,103],"product_tag":[],"class_list":{"0":"post-2654","1":"product","2":"type-product","3":"status-publish","4":"has-post-thumbnail","6":"product_cat-reflective-target-prism","7":"product_cat-prism-assembly","9":"first","10":"instock","11":"shipping-taxable","12":"product-type-simple"},"_links":{"self":[{"href":"https:\/\/mountlaser.com\/it\/wp-json\/wp\/v2\/product\/2654","targetHints":{"allow":["GET"]}}],"collection":[{"href":"https:\/\/mountlaser.com\/it\/wp-json\/wp\/v2\/product"}],"about":[{"href":"https:\/\/mountlaser.com\/it\/wp-json\/wp\/v2\/types\/product"}],"replies":[{"embeddable":true,"href":"https:\/\/mountlaser.com\/it\/wp-json\/wp\/v2\/comments?post=2654"}],"wp:featuredmedia":[{"embeddable":true,"href":"https:\/\/mountlaser.com\/it\/wp-json\/wp\/v2\/media\/2659"}],"wp:attachment":[{"href":"https:\/\/mountlaser.com\/it\/wp-json\/wp\/v2\/media?parent=2654"}],"wp:term":[{"taxonomy":"product_brand","embeddable":true,"href":"https:\/\/mountlaser.com\/it\/wp-json\/wp\/v2\/product_brand?post=2654"},{"taxonomy":"product_cat","embeddable":true,"href":"https:\/\/mountlaser.com\/it\/wp-json\/wp\/v2\/product_cat?post=2654"},{"taxonomy":"product_tag","embeddable":true,"href":"https:\/\/mountlaser.com\/it\/wp-json\/wp\/v2\/product_tag?post=2654"}],"curies":[{"name":"parola chiave","href":"https:\/\/api.w.org\/{rel}","templated":true}]}}