{"id":2622,"date":"2025-10-14T09:14:49","date_gmt":"2025-10-14T09:14:49","guid":{"rendered":"https:\/\/mountlaser.com\/?post_type=product&#038;p=2622"},"modified":"2025-11-28T06:49:44","modified_gmt":"2025-11-28T06:49:44","slug":"z14u-prism-assembly","status":"publish","type":"product","link":"https:\/\/mountlaser.com\/it\/prodotto\/z14u-prism-assembly\/","title":{"rendered":"Gruppo prisma Z14U"},"content":{"rendered":"<p><a href=\"https:\/\/mountlaser.com\/it\/\"><strong>Gruppo prisma Z14U<\/strong><\/a> | Prisma ad alta precisione da 64 mm per rilievi professionali<\/p>\n<p>Il gruppo prisma Z14U \u00e8 un accessorio per la topografia ad alte prestazioni, progettato per i professionisti che richiedono precisione assoluta e una struttura robusta. Questo gruppo \u00e8 disponibile in due modelli distinti, con codice colore per semplificare l&#039;identificazione sul campo e il flusso di lavoro: il gruppo prisma Z14U-RO (rosso-arancione) e il gruppo prisma Z14U-YY (giallo-giallo). Che scegliate il modello ad alta visibilit\u00e0, <a href=\"https:\/\/mountlaser.com\/it\/products\/\"><strong>Gruppo prisma Z14U-RO<\/strong> <\/a>o il gruppo prisma Z14U-YY, avrete la garanzia di uno strumento costruito secondo gli standard pi\u00f9 elevati.<\/p>\n<p><img fetchpriority=\"high\" decoding=\"async\" class=\"aligncenter wp-image-2623\" src=\"https:\/\/mountlaser.com\/wp-content\/uploads\/2025\/10\/Z14U-YY-1.webp\" alt=\"Z14U Prism Assmbly\" width=\"500\" height=\"500\" srcset=\"https:\/\/mountlaser.com\/wp-content\/uploads\/2025\/10\/Z14U-YY-1.webp 1000w, https:\/\/mountlaser.com\/wp-content\/uploads\/2025\/10\/Z14U-YY-1-300x300.webp 300w, https:\/\/mountlaser.com\/wp-content\/uploads\/2025\/10\/Z14U-YY-1-400x400.webp 400w, https:\/\/mountlaser.com\/wp-content\/uploads\/2025\/10\/Z14U-YY-1-800x800.webp 800w, https:\/\/mountlaser.com\/wp-content\/uploads\/2025\/10\/Z14U-YY-1-600x600.webp 600w, https:\/\/mountlaser.com\/wp-content\/uploads\/2025\/10\/Z14U-YY-1-150x150.webp 150w, https:\/\/mountlaser.com\/wp-content\/uploads\/2025\/10\/Z14U-YY-1-768x768.webp 768w, https:\/\/mountlaser.com\/wp-content\/uploads\/2025\/10\/Z14U-YY-1-12x12.webp 12w\" sizes=\"(max-width: 500px) 100vw, 500px\" \/><\/p>\n<p>Progettato con un prisma di precisione da 64 mm, questo strumento \u00e8 in grado di gestire le attivit\u00e0 di misurazione pi\u00f9 impegnative, fornendo dati affidabili in diversi cantieri topografici e di costruzione. Il suo design robusto garantisce prestazioni a lungo termine, rendendolo una scelta affidabile per l&#039;uso quotidiano.<\/p>\n<p><img decoding=\"async\" class=\"aligncenter wp-image-2627\" src=\"https:\/\/mountlaser.com\/wp-content\/uploads\/2025\/10\/Z14U-RO-2.webp\" alt=\"Z14U Prism Assmbly\" width=\"500\" height=\"500\" srcset=\"https:\/\/mountlaser.com\/wp-content\/uploads\/2025\/10\/Z14U-RO-2.webp 800w, https:\/\/mountlaser.com\/wp-content\/uploads\/2025\/10\/Z14U-RO-2-300x300.webp 300w, https:\/\/mountlaser.com\/wp-content\/uploads\/2025\/10\/Z14U-RO-2-400x400.webp 400w, https:\/\/mountlaser.com\/wp-content\/uploads\/2025\/10\/Z14U-RO-2-600x600.webp 600w, https:\/\/mountlaser.com\/wp-content\/uploads\/2025\/10\/Z14U-RO-2-150x150.webp 150w, https:\/\/mountlaser.com\/wp-content\/uploads\/2025\/10\/Z14U-RO-2-768x768.webp 768w, https:\/\/mountlaser.com\/wp-content\/uploads\/2025\/10\/Z14U-RO-2-12x12.webp 12w\" sizes=\"(max-width: 500px) 100vw, 500px\" \/><\/p>","protected":false},"excerpt":{"rendered":"<ul>\n<li>Dispone di un offset del prisma selezionabile di 0 mm o -30 mm e di un&#039;altezza dell&#039;asse di inclinazione di 100 mm per una configurazione versatile e un puntamento preciso.<\/li>\n<li>Portabilit\u00e0 completa: include una borsa da trasporto resistente per una protezione superiore e un facile trasporto dell&#039;unit\u00e0 tra i cantieri.<\/li>\n<\/ul>","protected":false},"featured_media":2625,"comment_status":"open","ping_status":"closed","template":"","meta":[],"product_brand":[],"product_cat":[103,72],"product_tag":[],"class_list":{"0":"post-2622","1":"product","2":"type-product","3":"status-publish","4":"has-post-thumbnail","6":"product_cat-prism-assembly","7":"product_cat-reflective-target-prism","9":"first","10":"instock","11":"shipping-taxable","12":"product-type-simple"},"_links":{"self":[{"href":"https:\/\/mountlaser.com\/it\/wp-json\/wp\/v2\/product\/2622","targetHints":{"allow":["GET"]}}],"collection":[{"href":"https:\/\/mountlaser.com\/it\/wp-json\/wp\/v2\/product"}],"about":[{"href":"https:\/\/mountlaser.com\/it\/wp-json\/wp\/v2\/types\/product"}],"replies":[{"embeddable":true,"href":"https:\/\/mountlaser.com\/it\/wp-json\/wp\/v2\/comments?post=2622"}],"wp:featuredmedia":[{"embeddable":true,"href":"https:\/\/mountlaser.com\/it\/wp-json\/wp\/v2\/media\/2625"}],"wp:attachment":[{"href":"https:\/\/mountlaser.com\/it\/wp-json\/wp\/v2\/media?parent=2622"}],"wp:term":[{"taxonomy":"product_brand","embeddable":true,"href":"https:\/\/mountlaser.com\/it\/wp-json\/wp\/v2\/product_brand?post=2622"},{"taxonomy":"product_cat","embeddable":true,"href":"https:\/\/mountlaser.com\/it\/wp-json\/wp\/v2\/product_cat?post=2622"},{"taxonomy":"product_tag","embeddable":true,"href":"https:\/\/mountlaser.com\/it\/wp-json\/wp\/v2\/product_tag?post=2622"}],"curies":[{"name":"parola chiave","href":"https:\/\/api.w.org\/{rel}","templated":true}]}}