{"id":2615,"date":"2025-10-14T08:56:06","date_gmt":"2025-10-14T08:56:06","guid":{"rendered":"https:\/\/mountlaser.com\/?post_type=product&#038;p=2615"},"modified":"2025-11-28T06:50:47","modified_gmt":"2025-11-28T06:50:47","slug":"z14b-prism-assembly","status":"publish","type":"product","link":"https:\/\/mountlaser.com\/it\/prodotto\/z14b-prism-assembly\/","title":{"rendered":"Gruppo prisma Z14B"},"content":{"rendered":"<p>IL <a href=\"https:\/\/mountlaser.com\/it\/about-us\/\"><strong>Gruppo prisma Z14B<\/strong><\/a> \u00e8 un prisma riflettore di precisione progettato per i topografi che non accettano compromessi in termini di precisione o durata. Questo prisma riflettore di alta qualit\u00e0 \u00e8 costruito attorno a un prisma da 64 mm di qualit\u00e0 superiore ed \u00e8 disponibile in due modelli distinti, con codice colore per una facile identificazione sul campo: il prisma Z14B-YY (giallo-giallo) e il prisma Z14B-YW (giallo-bianco). Una caratteristica fondamentale \u00e8 il suo design pratico, che consente una facile sostituzione con il prisma C14B-YY, prolungando la durata del prodotto e riducendo i costi a lungo termine.<\/p>\n<p><img fetchpriority=\"high\" decoding=\"async\" class=\"aligncenter wp-image-2619\" src=\"https:\/\/mountlaser.com\/wp-content\/uploads\/2025\/10\/Z15UB-YY-2-1.webp\" alt=\"Reflector Prism Assembly\" width=\"500\" height=\"500\" srcset=\"https:\/\/mountlaser.com\/wp-content\/uploads\/2025\/10\/Z15UB-YY-2-1.webp 1000w, https:\/\/mountlaser.com\/wp-content\/uploads\/2025\/10\/Z15UB-YY-2-1-300x300.webp 300w, https:\/\/mountlaser.com\/wp-content\/uploads\/2025\/10\/Z15UB-YY-2-1-400x400.webp 400w, https:\/\/mountlaser.com\/wp-content\/uploads\/2025\/10\/Z15UB-YY-2-1-800x800.webp 800w, https:\/\/mountlaser.com\/wp-content\/uploads\/2025\/10\/Z15UB-YY-2-1-600x600.webp 600w, https:\/\/mountlaser.com\/wp-content\/uploads\/2025\/10\/Z15UB-YY-2-1-150x150.webp 150w, https:\/\/mountlaser.com\/wp-content\/uploads\/2025\/10\/Z15UB-YY-2-1-768x768.webp 768w, https:\/\/mountlaser.com\/wp-content\/uploads\/2025\/10\/Z15UB-YY-2-1-12x12.webp 12w\" sizes=\"(max-width: 500px) 100vw, 500px\" \/><\/p>\n<p>Costruito con un robusto supporto in stile giapponese, questo professionista <a href=\"https:\/\/mountlaser.com\/it\/products\/\"><strong>Gruppo prisma riflettore<\/strong><\/a> \u00e8 progettato per offrire prestazioni affidabili negli ambienti pi\u00f9 difficili, garantendo l&#039;integrit\u00e0 dei dati dall&#039;installazione alla conclusione.<\/p>","protected":false},"excerpt":{"rendered":"<ul>\n<li>Offre opzioni di offset di 0 mm o -30 mm e un&#039;altezza dell&#039;asse di inclinazione di 100 mm per un posizionamento versatile e un riferimento angolare preciso.<\/li>\n<li>Disponibile con prisma rivestito in rame o argento per ottimizzare le prestazioni in base alla lunghezza d&#039;onda di misurazione e alle condizioni ambientali specifiche.<\/li>\n<\/ul>","protected":false},"featured_media":2618,"comment_status":"open","ping_status":"closed","template":"","meta":[],"product_brand":[],"product_cat":[72,103],"product_tag":[],"class_list":{"0":"post-2615","1":"product","2":"type-product","3":"status-publish","4":"has-post-thumbnail","6":"product_cat-reflective-target-prism","7":"product_cat-prism-assembly","9":"first","10":"instock","11":"shipping-taxable","12":"product-type-simple"},"_links":{"self":[{"href":"https:\/\/mountlaser.com\/it\/wp-json\/wp\/v2\/product\/2615","targetHints":{"allow":["GET"]}}],"collection":[{"href":"https:\/\/mountlaser.com\/it\/wp-json\/wp\/v2\/product"}],"about":[{"href":"https:\/\/mountlaser.com\/it\/wp-json\/wp\/v2\/types\/product"}],"replies":[{"embeddable":true,"href":"https:\/\/mountlaser.com\/it\/wp-json\/wp\/v2\/comments?post=2615"}],"wp:featuredmedia":[{"embeddable":true,"href":"https:\/\/mountlaser.com\/it\/wp-json\/wp\/v2\/media\/2618"}],"wp:attachment":[{"href":"https:\/\/mountlaser.com\/it\/wp-json\/wp\/v2\/media?parent=2615"}],"wp:term":[{"taxonomy":"product_brand","embeddable":true,"href":"https:\/\/mountlaser.com\/it\/wp-json\/wp\/v2\/product_brand?post=2615"},{"taxonomy":"product_cat","embeddable":true,"href":"https:\/\/mountlaser.com\/it\/wp-json\/wp\/v2\/product_cat?post=2615"},{"taxonomy":"product_tag","embeddable":true,"href":"https:\/\/mountlaser.com\/it\/wp-json\/wp\/v2\/product_tag?post=2615"}],"curies":[{"name":"parola chiave","href":"https:\/\/api.w.org\/{rel}","templated":true}]}}