{"id":2476,"date":"2025-09-30T08:57:38","date_gmt":"2025-09-30T08:57:38","guid":{"rendered":"https:\/\/mountlaser.com\/?post_type=product&#038;p=2476"},"modified":"2025-11-28T07:19:48","modified_gmt":"2025-11-28T07:19:48","slug":"ad-l09-stainless-steel-adapter","status":"publish","type":"product","link":"https:\/\/mountlaser.com\/it\/prodotto\/ad-l09-stainless-steel-adapter\/","title":{"rendered":"AD-L09 Adattatore in acciaio inossidabile"},"content":{"rendered":"<p>Aumenta la durata della tua attrezzatura con <a href=\"https:\/\/mountlaser.com\/it\/\"><strong>Adattatore in acciaio inossidabile Mount Laser AD-L09<\/strong><\/a>. Progettato per le condizioni di lavoro pi\u00f9 difficili, questo adattatore in acciaio inossidabile AD-L09 di alta qualit\u00e0 \u00e8 realizzato in acciaio inossidabile di alta qualit\u00e0, offrendo una resistenza senza pari a corrosione, urti e usura. \u00c8 dotato di un connettore svizzero di precisione da 25 mm e di una filettatura femmina universale da 5\/8\u2033-11, garantendo una connessione perfetta, sicura e duratura per i vostri strumenti di rilevamento.<\/p>\n<p><img fetchpriority=\"high\" decoding=\"async\" class=\"aligncenter wp-image-2479\" src=\"https:\/\/mountlaser.com\/wp-content\/uploads\/2025\/09\/AD-L09-7.webp\" alt=\"AD-L09 Stainless steel Adapter\" width=\"500\" height=\"500\" srcset=\"https:\/\/mountlaser.com\/wp-content\/uploads\/2025\/09\/AD-L09-7.webp 1000w, https:\/\/mountlaser.com\/wp-content\/uploads\/2025\/09\/AD-L09-7-300x300.webp 300w, https:\/\/mountlaser.com\/wp-content\/uploads\/2025\/09\/AD-L09-7-400x400.webp 400w, https:\/\/mountlaser.com\/wp-content\/uploads\/2025\/09\/AD-L09-7-800x800.webp 800w, https:\/\/mountlaser.com\/wp-content\/uploads\/2025\/09\/AD-L09-7-600x600.webp 600w, https:\/\/mountlaser.com\/wp-content\/uploads\/2025\/09\/AD-L09-7-150x150.webp 150w, https:\/\/mountlaser.com\/wp-content\/uploads\/2025\/09\/AD-L09-7-768x768.webp 768w, https:\/\/mountlaser.com\/wp-content\/uploads\/2025\/09\/AD-L09-7-12x12.webp 12w\" sizes=\"(max-width: 500px) 100vw, 500px\" \/><\/p>\n<p>Costruito per resistere all&#039;uso costante in ambienti difficili, la costruzione robusta del <a href=\"https:\/\/mountlaser.com\/it\/products\/\"><strong>Adattatore in acciaio inossidabile AD-L09<\/strong><\/a> Garantisce stabilit\u00e0 e precisione di installazione, progetto dopo progetto. La sua eccezionale resistenza protegge la vostra preziosa attrezzatura da danni e spanamenti della filettatura. Per i professionisti che non scendono a compromessi in termini di qualit\u00e0 e durata, l&#039;AD-L09 \u00e8 la scelta definitiva per un adattatore affidabile e senza manutenzione.<\/p>","protected":false},"excerpt":{"rendered":"<ul>\n<li>Garantisce la massima resistenza, resistenza alla corrosione e durevolezza a lungo termine in tutti gli ambienti.<\/li>\n<li>Dotato di un tappo ad alta precisione dal diametro di 25 mm per una perfetta e sicura aderenza ai tuoi strumenti.<\/li>\n<li>Garantisce un&#039;ampia compatibilit\u00e0 con i treppiedi, i pali e gli accessori standard per la topografia.<\/li>\n<\/ul>","protected":false},"featured_media":2477,"comment_status":"open","ping_status":"closed","template":"","meta":[],"product_brand":[],"product_cat":[79,102],"product_tag":[],"class_list":{"0":"post-2476","1":"product","2":"type-product","3":"status-publish","4":"has-post-thumbnail","6":"product_cat-surveying-accessory","7":"product_cat-monitoring-adapter","9":"first","10":"instock","11":"shipping-taxable","12":"product-type-simple"},"_links":{"self":[{"href":"https:\/\/mountlaser.com\/it\/wp-json\/wp\/v2\/product\/2476","targetHints":{"allow":["GET"]}}],"collection":[{"href":"https:\/\/mountlaser.com\/it\/wp-json\/wp\/v2\/product"}],"about":[{"href":"https:\/\/mountlaser.com\/it\/wp-json\/wp\/v2\/types\/product"}],"replies":[{"embeddable":true,"href":"https:\/\/mountlaser.com\/it\/wp-json\/wp\/v2\/comments?post=2476"}],"wp:featuredmedia":[{"embeddable":true,"href":"https:\/\/mountlaser.com\/it\/wp-json\/wp\/v2\/media\/2477"}],"wp:attachment":[{"href":"https:\/\/mountlaser.com\/it\/wp-json\/wp\/v2\/media?parent=2476"}],"wp:term":[{"taxonomy":"product_brand","embeddable":true,"href":"https:\/\/mountlaser.com\/it\/wp-json\/wp\/v2\/product_brand?post=2476"},{"taxonomy":"product_cat","embeddable":true,"href":"https:\/\/mountlaser.com\/it\/wp-json\/wp\/v2\/product_cat?post=2476"},{"taxonomy":"product_tag","embeddable":true,"href":"https:\/\/mountlaser.com\/it\/wp-json\/wp\/v2\/product_tag?post=2476"}],"curies":[{"name":"parola chiave","href":"https:\/\/api.w.org\/{rel}","templated":true}]}}