{"id":2396,"date":"2025-09-29T08:50:48","date_gmt":"2025-09-29T08:50:48","guid":{"rendered":"https:\/\/mountlaser.com\/?post_type=product&#038;p=2396"},"modified":"2025-11-28T08:06:37","modified_gmt":"2025-11-28T08:06:37","slug":"ad-l02-stainless-steel-adapter","status":"publish","type":"product","link":"https:\/\/mountlaser.com\/it\/prodotto\/ad-l02-stainless-steel-adapter\/","title":{"rendered":"Adattatore in acciaio inossidabile AD-L02"},"content":{"rendered":"<p>Presentazione del <a href=\"https:\/\/mountlaser.com\/it\/\"><strong>Adattatore in acciaio inossidabile AD-L02<\/strong><\/a>, un premio <a href=\"https:\/\/mountlaser.com\/it\/about-us\/\"><strong>Adattatore a sgancio rapido<\/strong><\/a> Progettato per i topografi che richiedono velocit\u00e0 e precisione costante. Realizzato in acciaio inossidabile di alta qualit\u00e0, questo robusto accessorio \u00e8 progettato per resistere alle difficili condizioni di lavoro in cantiere, garantendo al contempo una connessione affidabile e sicura.<\/p>\n<p><img fetchpriority=\"high\" decoding=\"async\" class=\"aligncenter wp-image-2399\" src=\"https:\/\/mountlaser.com\/wp-content\/uploads\/2025\/09\/10-7.webp\" alt=\"Quick Release Adapter\" width=\"500\" height=\"500\" srcset=\"https:\/\/mountlaser.com\/wp-content\/uploads\/2025\/09\/10-7.webp 1000w, https:\/\/mountlaser.com\/wp-content\/uploads\/2025\/09\/10-7-300x300.webp 300w, https:\/\/mountlaser.com\/wp-content\/uploads\/2025\/09\/10-7-400x400.webp 400w, https:\/\/mountlaser.com\/wp-content\/uploads\/2025\/09\/10-7-800x800.webp 800w, https:\/\/mountlaser.com\/wp-content\/uploads\/2025\/09\/10-7-600x600.webp 600w, https:\/\/mountlaser.com\/wp-content\/uploads\/2025\/09\/10-7-150x150.webp 150w, https:\/\/mountlaser.com\/wp-content\/uploads\/2025\/09\/10-7-768x768.webp 768w, https:\/\/mountlaser.com\/wp-content\/uploads\/2025\/09\/10-7-12x12.webp 12w\" sizes=\"(max-width: 500px) 100vw, 500px\" \/><br \/>\nIL <a href=\"https:\/\/mountlaser.com\/it\/contact-us\/\">AD-L02<\/a> Funziona come un adattatore a sgancio rapido in stile svizzero, dotato di un meccanismo efficiente che consente cambi di utensile rapidi senza compromettere la precisione. Con la sua filettatura standard da 1\/4\u2033-20 (codice: 6601-01), offre un&#039;eccezionale versatilit\u00e0 per il montaggio di vari strumenti. Per i professionisti che cercano una soluzione durevole e che faccia risparmiare tempo, questo adattatore a sgancio rapido ad alte prestazioni \u00e8 un&#039;aggiunta essenziale al vostro kit di strumenti di misura.<\/p>\n<table width=\"587\">\n<tbody>\n<tr>\n<td width=\"72\">Modello<\/td>\n<td width=\"254\">Immagine<\/td>\n<td width=\"261\">Parametri<\/td>\n<\/tr>\n<tr>\n<td>AD-L01<\/td>\n<td>\u00a0 \u00a0 \u00a0 \u00a0 \u00a0 \u00a0 \u00a0 \u00a0 \u00a0 \u00a0<img decoding=\"async\" class=\"alignnone size-full wp-image-2403\" src=\"https:\/\/mountlaser.com\/wp-content\/uploads\/2025\/09\/5d0d6e9b-010a-4c65-b3da-5a849a3fff64.webp\" alt=\"\" width=\"99\" height=\"184\" srcset=\"https:\/\/mountlaser.com\/wp-content\/uploads\/2025\/09\/5d0d6e9b-010a-4c65-b3da-5a849a3fff64.webp 99w, https:\/\/mountlaser.com\/wp-content\/uploads\/2025\/09\/5d0d6e9b-010a-4c65-b3da-5a849a3fff64-6x12.webp 6w\" sizes=\"(max-width: 99px) 100vw, 99px\" \/><\/td>\n<td>Filettatura M10<\/td>\n<\/tr>\n<tr>\n<td>AD-L02<\/td>\n<td><img decoding=\"async\" class=\"alignnone size-medium wp-image-2400\" src=\"https:\/\/mountlaser.com\/wp-content\/uploads\/2025\/09\/AD-L02-2-300x300.webp\" alt=\"\" width=\"300\" height=\"300\" srcset=\"https:\/\/mountlaser.com\/wp-content\/uploads\/2025\/09\/AD-L02-2-300x300.webp 300w, https:\/\/mountlaser.com\/wp-content\/uploads\/2025\/09\/AD-L02-2-400x400.webp 400w, https:\/\/mountlaser.com\/wp-content\/uploads\/2025\/09\/AD-L02-2-800x800.webp 800w, https:\/\/mountlaser.com\/wp-content\/uploads\/2025\/09\/AD-L02-2-600x600.webp 600w, https:\/\/mountlaser.com\/wp-content\/uploads\/2025\/09\/AD-L02-2-150x150.webp 150w, https:\/\/mountlaser.com\/wp-content\/uploads\/2025\/09\/AD-L02-2-768x768.webp 768w, https:\/\/mountlaser.com\/wp-content\/uploads\/2025\/09\/AD-L02-2-12x12.webp 12w, https:\/\/mountlaser.com\/wp-content\/uploads\/2025\/09\/AD-L02-2.webp 1000w\" sizes=\"(max-width: 300px) 100vw, 300px\" \/><\/td>\n<td>Filettatura da 1\/4\u2033-20 (codice articolo: 6601-01)<\/td>\n<\/tr>\n<tr>\n<td>AD-L03<\/td>\n<td><img loading=\"lazy\" decoding=\"async\" class=\"alignnone size-medium wp-image-2405\" src=\"https:\/\/mountlaser.com\/wp-content\/uploads\/2025\/09\/AD-L03-1-300x300.webp\" alt=\"\" width=\"300\" height=\"300\" srcset=\"https:\/\/mountlaser.com\/wp-content\/uploads\/2025\/09\/AD-L03-1-300x300.webp 300w, https:\/\/mountlaser.com\/wp-content\/uploads\/2025\/09\/AD-L03-1-400x400.webp 400w, https:\/\/mountlaser.com\/wp-content\/uploads\/2025\/09\/AD-L03-1-800x800.webp 800w, https:\/\/mountlaser.com\/wp-content\/uploads\/2025\/09\/AD-L03-1-600x600.webp 600w, https:\/\/mountlaser.com\/wp-content\/uploads\/2025\/09\/AD-L03-1-150x150.webp 150w, https:\/\/mountlaser.com\/wp-content\/uploads\/2025\/09\/AD-L03-1-768x768.webp 768w, https:\/\/mountlaser.com\/wp-content\/uploads\/2025\/09\/AD-L03-1-12x12.webp 12w, https:\/\/mountlaser.com\/wp-content\/uploads\/2025\/09\/AD-L03-1.webp 1000w\" sizes=\"(max-width: 300px) 100vw, 300px\" \/><\/td>\n<td>Filettatura M8 (P\/N:6601-03)<\/td>\n<\/tr>\n<tr>\n<td>AD-L04<\/td>\n<td><img loading=\"lazy\" decoding=\"async\" class=\"alignnone wp-image-2406\" src=\"https:\/\/mountlaser.com\/wp-content\/uploads\/2025\/09\/AD-L04-2-300x300.webp\" alt=\"\" width=\"210\" height=\"210\" srcset=\"https:\/\/mountlaser.com\/wp-content\/uploads\/2025\/09\/AD-L04-2-300x300.webp 300w, https:\/\/mountlaser.com\/wp-content\/uploads\/2025\/09\/AD-L04-2-400x400.webp 400w, https:\/\/mountlaser.com\/wp-content\/uploads\/2025\/09\/AD-L04-2-800x800.webp 800w, https:\/\/mountlaser.com\/wp-content\/uploads\/2025\/09\/AD-L04-2-600x600.webp 600w, https:\/\/mountlaser.com\/wp-content\/uploads\/2025\/09\/AD-L04-2-150x150.webp 150w, https:\/\/mountlaser.com\/wp-content\/uploads\/2025\/09\/AD-L04-2-768x768.webp 768w, https:\/\/mountlaser.com\/wp-content\/uploads\/2025\/09\/AD-L04-2-12x12.webp 12w, https:\/\/mountlaser.com\/wp-content\/uploads\/2025\/09\/AD-L04-2.webp 1000w\" sizes=\"(max-width: 210px) 100vw, 210px\" \/><\/td>\n<td>Filettatura da 3\/8\u2033-24<\/td>\n<\/tr>\n<tr>\n<td>AD-L05<\/td>\n<td><img loading=\"lazy\" decoding=\"async\" class=\"alignnone size-medium wp-image-2407\" src=\"https:\/\/mountlaser.com\/wp-content\/uploads\/2025\/09\/AD-L05-5-300x300.webp\" alt=\"\" width=\"300\" height=\"300\" srcset=\"https:\/\/mountlaser.com\/wp-content\/uploads\/2025\/09\/AD-L05-5-300x300.webp 300w, https:\/\/mountlaser.com\/wp-content\/uploads\/2025\/09\/AD-L05-5-400x400.webp 400w, https:\/\/mountlaser.com\/wp-content\/uploads\/2025\/09\/AD-L05-5-800x800.webp 800w, https:\/\/mountlaser.com\/wp-content\/uploads\/2025\/09\/AD-L05-5-600x600.webp 600w, https:\/\/mountlaser.com\/wp-content\/uploads\/2025\/09\/AD-L05-5-150x150.webp 150w, https:\/\/mountlaser.com\/wp-content\/uploads\/2025\/09\/AD-L05-5-768x768.webp 768w, https:\/\/mountlaser.com\/wp-content\/uploads\/2025\/09\/AD-L05-5-12x12.webp 12w, https:\/\/mountlaser.com\/wp-content\/uploads\/2025\/09\/AD-L05-5.webp 1000w\" sizes=\"(max-width: 300px) 100vw, 300px\" \/><\/td>\n<td>Filettatura 5\/8\u2033-11 (codice articolo: 5113-012)<\/td>\n<\/tr>\n<tr>\n<td>AD-L10<\/td>\n<td><img loading=\"lazy\" decoding=\"async\" class=\"alignnone size-medium wp-image-2408\" src=\"https:\/\/mountlaser.com\/wp-content\/uploads\/2025\/09\/AD-L10-5-300x300.webp\" alt=\"\" width=\"300\" height=\"300\" srcset=\"https:\/\/mountlaser.com\/wp-content\/uploads\/2025\/09\/AD-L10-5-300x300.webp 300w, https:\/\/mountlaser.com\/wp-content\/uploads\/2025\/09\/AD-L10-5-400x400.webp 400w, https:\/\/mountlaser.com\/wp-content\/uploads\/2025\/09\/AD-L10-5-800x800.webp 800w, https:\/\/mountlaser.com\/wp-content\/uploads\/2025\/09\/AD-L10-5-600x600.webp 600w, https:\/\/mountlaser.com\/wp-content\/uploads\/2025\/09\/AD-L10-5-150x150.webp 150w, https:\/\/mountlaser.com\/wp-content\/uploads\/2025\/09\/AD-L10-5-768x768.webp 768w, https:\/\/mountlaser.com\/wp-content\/uploads\/2025\/09\/AD-L10-5-12x12.webp 12w, https:\/\/mountlaser.com\/wp-content\/uploads\/2025\/09\/AD-L10-5.webp 1000w\" sizes=\"(max-width: 300px) 100vw, 300px\" \/><\/td>\n<td>filettatura M8<\/td>\n<\/tr>\n<\/tbody>\n<\/table>","protected":false},"excerpt":{"rendered":"<ul>\n<li>Connessione\/disconnessione rapida: il meccanismo di sgancio rapido<\/li>\n<li>consente il montaggio e lo smontaggio rapido e semplice delle attrezzature.<\/li>\n<li>Blocco sicuro: garantisce una connessione stabile e senza oscillazioni per mantenere la precisione della misurazione.<\/li>\n<\/ul>","protected":false},"featured_media":2400,"comment_status":"open","ping_status":"closed","template":"","meta":[],"product_brand":[],"product_cat":[79,102],"product_tag":[],"class_list":{"0":"post-2396","1":"product","2":"type-product","3":"status-publish","4":"has-post-thumbnail","6":"product_cat-surveying-accessory","7":"product_cat-monitoring-adapter","9":"first","10":"instock","11":"shipping-taxable","12":"product-type-simple"},"_links":{"self":[{"href":"https:\/\/mountlaser.com\/it\/wp-json\/wp\/v2\/product\/2396","targetHints":{"allow":["GET"]}}],"collection":[{"href":"https:\/\/mountlaser.com\/it\/wp-json\/wp\/v2\/product"}],"about":[{"href":"https:\/\/mountlaser.com\/it\/wp-json\/wp\/v2\/types\/product"}],"replies":[{"embeddable":true,"href":"https:\/\/mountlaser.com\/it\/wp-json\/wp\/v2\/comments?post=2396"}],"wp:featuredmedia":[{"embeddable":true,"href":"https:\/\/mountlaser.com\/it\/wp-json\/wp\/v2\/media\/2400"}],"wp:attachment":[{"href":"https:\/\/mountlaser.com\/it\/wp-json\/wp\/v2\/media?parent=2396"}],"wp:term":[{"taxonomy":"product_brand","embeddable":true,"href":"https:\/\/mountlaser.com\/it\/wp-json\/wp\/v2\/product_brand?post=2396"},{"taxonomy":"product_cat","embeddable":true,"href":"https:\/\/mountlaser.com\/it\/wp-json\/wp\/v2\/product_cat?post=2396"},{"taxonomy":"product_tag","embeddable":true,"href":"https:\/\/mountlaser.com\/it\/wp-json\/wp\/v2\/product_tag?post=2396"}],"curies":[{"name":"parola chiave","href":"https:\/\/api.w.org\/{rel}","templated":true}]}}