{"id":2250,"date":"2025-09-26T09:25:24","date_gmt":"2025-09-26T09:25:24","guid":{"rendered":"https:\/\/mountlaser.com\/?post_type=product&#038;p=2250"},"modified":"2025-11-28T08:50:32","modified_gmt":"2025-11-28T08:50:32","slug":"bc02-23-galvanised-steel-beam-clamp","status":"publish","type":"product","link":"https:\/\/mountlaser.com\/it\/prodotto\/bc02-23-galvanised-steel-beam-clamp\/","title":{"rendered":"Morsetto per travi in acciaio zincato BC02-23"},"content":{"rendered":"<p>Montaggio versatile e robusto con il morsetto universale per travi BC02-23<\/p>\n<p>IL <a href=\"https:\/\/mountlaser.com\/it\/\"><strong>Morsetto per travi in acciaio zincato BC02-23<\/strong><\/a> \u00c8 uno strumento essenziale per geometri e ingegneri che necessitano di una soluzione di montaggio sicura e regolabile su travi in acciaio strutturale. Questo prodotto \u00e8 un ottimo esempio delle pratiche dimensioni disponibili per i morsetti per travi in acciaio zincato, progettati specificamente per travi con una larghezza della flangia di 0-23 mm. Il suo design innovativo lo rende un morsetto per travi veramente universale, offrendo un&#039;eccezionale versatilit\u00e0 in diversi cantieri.<\/p>\n<p>Funzionando come un altamente adattabile <a href=\"https:\/\/mountlaser.com\/it\/products\/\"><strong>Morsetto universale per travi<\/strong><\/a>, Il BC02-23 pu\u00f2 essere installato rapidamente senza bisogno di forare o saldare, preservando l&#039;integrit\u00e0 della trave. \u00c8 dotato di un foro filettato M8 standard, che consente il facile fissaggio di vari accessori di rilevamento come prismi, antenne o sensori.<\/p>\n<p>&nbsp;<\/p>\n<p><img fetchpriority=\"high\" decoding=\"async\" class=\"wp-image-2252 aligncenter\" src=\"https:\/\/mountlaser.com\/wp-content\/uploads\/2025\/09\/IMG_6836_\u526f\u672c.webp\" alt=\"Universal Beam Clamp\" width=\"500\" height=\"500\" srcset=\"https:\/\/mountlaser.com\/wp-content\/uploads\/2025\/09\/IMG_6836_\u526f\u672c.webp 800w, https:\/\/mountlaser.com\/wp-content\/uploads\/2025\/09\/IMG_6836_\u526f\u672c-300x300.webp 300w, https:\/\/mountlaser.com\/wp-content\/uploads\/2025\/09\/IMG_6836_\u526f\u672c-400x400.webp 400w, https:\/\/mountlaser.com\/wp-content\/uploads\/2025\/09\/IMG_6836_\u526f\u672c-600x600.webp 600w, https:\/\/mountlaser.com\/wp-content\/uploads\/2025\/09\/IMG_6836_\u526f\u672c-150x150.webp 150w, https:\/\/mountlaser.com\/wp-content\/uploads\/2025\/09\/IMG_6836_\u526f\u672c-768x768.webp 768w, https:\/\/mountlaser.com\/wp-content\/uploads\/2025\/09\/IMG_6836_\u526f\u672c-12x12.webp 12w\" sizes=\"(max-width: 500px) 100vw, 500px\" \/><\/p>\n<p>Il morsetto \u00e8 realizzato in acciaio ad alta resistenza e rifinito con un rivestimento zincato a caldo, che offre un&#039;eccellente resistenza alla ruggine e alla corrosione, fondamentale per applicazioni industriali o all&#039;aperto a lungo termine. Scegliendo tra diverse dimensioni di morsetti per travi in acciaio zincato, <a href=\"https:\/\/mountlaser.com\/it\/contact-us\/\">BC02-23<\/a> \u00e8 la scelta ideale per applicazioni leggere e medie su travi di dimensioni standard.<\/p>\n<p><strong>Utilizzare con il morsetto per travi in acciaio zincato BC02-23<\/strong><\/p>\n<p><img decoding=\"async\" class=\"wp-image-2220 size-full aligncenter\" src=\"https:\/\/mountlaser.com\/wp-content\/uploads\/2025\/09\/1-5.webp\" alt=\"\" width=\"614\" height=\"759\" srcset=\"https:\/\/mountlaser.com\/wp-content\/uploads\/2025\/09\/1-5.webp 614w, https:\/\/mountlaser.com\/wp-content\/uploads\/2025\/09\/1-5-600x742.webp 600w, https:\/\/mountlaser.com\/wp-content\/uploads\/2025\/09\/1-5-243x300.webp 243w, https:\/\/mountlaser.com\/wp-content\/uploads\/2025\/09\/1-5-10x12.webp 10w\" sizes=\"(max-width: 614px) 100vw, 614px\" \/><\/p>","protected":false},"excerpt":{"rendered":"<ul>\n<li>Montaggio universale: fornisce un punto di montaggio sicuro e non invasivo su travi in acciaio con larghezze della flangia fino a 23 mm.<\/li>\n<li>Compatibilit\u00e0 con filettatura M8: la filettatura M8 integrata offre una connessione standardizzata per un&#039;ampia gamma di strumenti e accessori di rilevamento.<\/li>\n<\/ul>","protected":false},"featured_media":2251,"comment_status":"open","ping_status":"closed","template":"","meta":[],"product_brand":[],"product_cat":[79,102],"product_tag":[],"class_list":{"0":"post-2250","1":"product","2":"type-product","3":"status-publish","4":"has-post-thumbnail","6":"product_cat-surveying-accessory","7":"product_cat-monitoring-adapter","9":"first","10":"instock","11":"shipping-taxable","12":"product-type-simple"},"_links":{"self":[{"href":"https:\/\/mountlaser.com\/it\/wp-json\/wp\/v2\/product\/2250","targetHints":{"allow":["GET"]}}],"collection":[{"href":"https:\/\/mountlaser.com\/it\/wp-json\/wp\/v2\/product"}],"about":[{"href":"https:\/\/mountlaser.com\/it\/wp-json\/wp\/v2\/types\/product"}],"replies":[{"embeddable":true,"href":"https:\/\/mountlaser.com\/it\/wp-json\/wp\/v2\/comments?post=2250"}],"wp:featuredmedia":[{"embeddable":true,"href":"https:\/\/mountlaser.com\/it\/wp-json\/wp\/v2\/media\/2251"}],"wp:attachment":[{"href":"https:\/\/mountlaser.com\/it\/wp-json\/wp\/v2\/media?parent=2250"}],"wp:term":[{"taxonomy":"product_brand","embeddable":true,"href":"https:\/\/mountlaser.com\/it\/wp-json\/wp\/v2\/product_brand?post=2250"},{"taxonomy":"product_cat","embeddable":true,"href":"https:\/\/mountlaser.com\/it\/wp-json\/wp\/v2\/product_cat?post=2250"},{"taxonomy":"product_tag","embeddable":true,"href":"https:\/\/mountlaser.com\/it\/wp-json\/wp\/v2\/product_tag?post=2250"}],"curies":[{"name":"parola chiave","href":"https:\/\/api.w.org\/{rel}","templated":true}]}}