{"id":608,"date":"2024-03-28T10:15:24","date_gmt":"2024-03-28T10:15:24","guid":{"rendered":"https:\/\/startersites.io\/blocksy\/pottery\/?post_type=product&#038;p=608"},"modified":"2025-12-01T01:52:03","modified_gmt":"2025-12-01T01:52:03","slug":"ma-g32-auto-level","status":"publish","type":"product","link":"https:\/\/mountlaser.com\/fr_fr\/produit\/ma-g32-auto-level\/","title":{"rendered":"MA-G32 Niveau automatique"},"content":{"rendered":"<p>Le <a href=\"https:\/\/mountlaser.com\/fr_fr\/\"><strong>MA-G32 Niveau automatique<\/strong><\/a> Le Mountlaser est un instrument optique de haute pr\u00e9cision, de qualit\u00e9 professionnelle, con\u00e7u pour une large gamme d&#039;applications. <a href=\"https:\/\/mountlaser.com\/fr_fr\/categorie-produit\/surveying-instrument\/automatic-level\/\"><strong>niveaux automatiques pour lev\u00e9s topographiques<\/strong><\/a> Applications. Niveau automatique pour topographie. Con\u00e7u pour une fiabilit\u00e9 et une facilit\u00e9 d&#039;utilisation optimales, il offre la pr\u00e9cision requise pour le nivellement de chantiers, l&#039;am\u00e9nagement foncier et autres t\u00e2ches essentielles. Ce mod\u00e8le se distingue parmi les niveaux topographiques modernes, offrant une clart\u00e9 et une stabilit\u00e9 exceptionnelles pour garantir la fiabilit\u00e9 des donn\u00e9es de base de votre projet.<\/p>\n<p>Dot\u00e9 d&#039;un t\u00e9lescope redresseur \u00e0 grossissement 32X et d&#039;un compensateur \u00e0 amortissement pneumatique haute sensibilit\u00e9, le MA-G32 offre une image claire et \u00e0 l&#039;endroit et maintient automatiquement une ligne de vis\u00e9e horizontale, m\u00eame sur un terrain instable.<\/p>\n<p>Son indice de protection IP54 le prot\u00e8ge de la poussi\u00e8re et des projections d&#039;eau, faisant du niveau automatique MA-G32 un outil robuste et durable pour les chantiers exigeants. Pour les professionnels \u00e0 la recherche de niveaux fiables et pr\u00e9cis, le MA-G32 illustre parfaitement l&#039;engagement de Mountlaser envers la qualit\u00e9 et la performance de tous ses niveaux automatiques pour la topographie.<\/p>\n<p><img fetchpriority=\"high\" decoding=\"async\" class=\"aligncenter wp-image-1883\" src=\"https:\/\/mountlaser.com\/wp-content\/uploads\/2024\/03\/MA-G323.webp\" alt=\"Auto Levels For Surveying\" width=\"500\" height=\"500\" srcset=\"https:\/\/mountlaser.com\/wp-content\/uploads\/2024\/03\/MA-G323.webp 1000w, https:\/\/mountlaser.com\/wp-content\/uploads\/2024\/03\/MA-G323-300x300.webp 300w, https:\/\/mountlaser.com\/wp-content\/uploads\/2024\/03\/MA-G323-400x400.webp 400w, https:\/\/mountlaser.com\/wp-content\/uploads\/2024\/03\/MA-G323-800x800.webp 800w, https:\/\/mountlaser.com\/wp-content\/uploads\/2024\/03\/MA-G323-600x600.webp 600w, https:\/\/mountlaser.com\/wp-content\/uploads\/2024\/03\/MA-G323-150x150.webp 150w, https:\/\/mountlaser.com\/wp-content\/uploads\/2024\/03\/MA-G323-768x768.webp 768w, https:\/\/mountlaser.com\/wp-content\/uploads\/2024\/03\/MA-G323-12x12.webp 12w\" sizes=\"(max-width: 500px) 100vw, 500px\" \/><\/p>\n<p><strong><a href=\"https:\/\/mountlaser.com\/fr_fr\/about-us\/\">MA-G32 Niveau automatique<\/a> Caract\u00e9ristiques<\/strong><\/p>\n<table style=\"border-collapse: collapse; width: 552.02pt;\" border=\"0\" width=\"736\" cellspacing=\"0\" cellpadding=\"0\">\n<tbody>\n<tr style=\"height: 14.25pt;\">\n<td class=\"et2\" style=\"height: 14.25pt; width: 255.75pt;\" width=\"341\" height=\"19\">Num\u00e9ro de mod\u00e8le.<\/td>\n<td class=\"et3\" style=\"width: 296.25pt;\" width=\"395\">MA-G32<\/td>\n<\/tr>\n<tr style=\"height: 14.25pt;\">\n<td class=\"et4\" style=\"height: 14.25pt;\" height=\"19\">Distance de travail<\/td>\n<td class=\"et5\">50 m<\/td>\n<\/tr>\n<tr style=\"height: 14.25pt;\">\n<td class=\"et4\" style=\"height: 14.25pt;\" height=\"19\">\u00c9cart type pour un aller-retour de 1 km<\/td>\n<td class=\"et5\">1,5 mm<\/td>\n<\/tr>\n<tr style=\"height: 14.25pt;\">\n<td class=\"et4\" style=\"height: 14.25pt;\" height=\"19\">Grossissement du t\u00e9lescope<\/td>\n<td class=\"et5\">32X<\/td>\n<\/tr>\n<tr style=\"height: 14.25pt;\">\n<td class=\"et4\" style=\"height: 14.25pt;\" height=\"19\">Image du t\u00e9lescope<\/td>\n<td class=\"et5\">\u00c9riger<\/td>\n<\/tr>\n<tr style=\"height: 14.25pt;\">\n<td class=\"et4\" style=\"height: 14.25pt;\" height=\"19\">Distance de vis\u00e9e la plus courte<\/td>\n<td class=\"et5\">0,5 m<\/td>\n<\/tr>\n<tr style=\"height: 14.25pt;\">\n<td class=\"et4\" style=\"height: 14.25pt;\" height=\"19\">Erreur de distance d&#039;affichage<\/td>\n<td class=\"et5\">\u2264\u00b10,5%<\/td>\n<\/tr>\n<tr style=\"height: 14.25pt;\">\n<td class=\"et4\" style=\"height: 14.25pt;\" height=\"19\">Taille d&#039;ouverture effective de la lentille d&#039;objectif<\/td>\n<td class=\"et5\">40 mm<\/td>\n<\/tr>\n<tr style=\"height: 14.25pt;\">\n<td class=\"et4\" style=\"height: 14.25pt;\" height=\"19\">Erreur de mise au point<\/td>\n<td class=\"et5\">\u22641,0 mm<\/td>\n<\/tr>\n<tr style=\"height: 14.25pt;\">\n<td class=\"et4\" style=\"height: 14.25pt;\" height=\"19\">Type de compensation<\/td>\n<td class=\"et5\">Amortisseurs d&#039;air<\/td>\n<\/tr>\n<tr style=\"height: 14.25pt;\">\n<td class=\"et4\" style=\"height: 14.25pt;\" height=\"19\">Erreur compensatoire<\/td>\n<td class=\"et5\">&lt;0,5\u2032<\/td>\n<\/tr>\n<tr style=\"height: 14.25pt;\">\n<td class=\"et4\" style=\"height: 14.25pt;\" height=\"19\">R\u00e9ticule<\/td>\n<td class=\"et5\">R\u00e9ticule en croix<\/td>\n<\/tr>\n<tr style=\"height: 14.25pt;\">\n<td class=\"et4\" style=\"height: 14.25pt;\" height=\"19\">R\u00e9glage de la pr\u00e9cision<\/td>\n<td class=\"et5\">+0,4\u2032<\/td>\n<\/tr>\n<tr style=\"height: 14.25pt;\">\n<td class=\"et4\" style=\"height: 14.25pt;\" height=\"19\">\u00e9tanche \u00e0 l&#039;eau et \u00e0 la poussi\u00e8re<\/td>\n<td class=\"et5\">IP54<\/td>\n<\/tr>\n<tr style=\"height: 14.25pt;\">\n<td class=\"et4\" style=\"height: 14.25pt;\" height=\"19\">Stand Accassony<\/td>\n<td class=\"et5\">Fil \u00e0 plomb, manuel, goupille de r\u00e9glage, bo\u00eetier en plastique<\/td>\n<\/tr>\n<tr style=\"height: 14.25pt;\">\n<td class=\"et6\" style=\"height: 14.25pt;\" height=\"19\">Poids d&#039;envoi<\/td>\n<td class=\"et7\">1,35 kg<\/td>\n<\/tr>\n<\/tbody>\n<\/table>\n<p>&nbsp;<\/p>","protected":false},"excerpt":{"rendered":"<ul>\n<li>Haute pr\u00e9cision : atteint un \u00e9cart type de 1,5 mm par km en double passage pour des r\u00e9sultats fiables.<\/li>\n<li>\u00a0Le niveau automatique pour lev\u00e9s topographiques avec un grossissement de 32X offre une vue claire et \u00e0 l&#039;endroit, simplifiant l&#039;op\u00e9ration et r\u00e9duisant les erreurs.<\/li>\n<li>Compensation automatique : Le compensateur d&#039;amortissement pneumatique stabilise automatiquement la ligne.<\/li>\n<li>Construction robuste : L&#039;indice de protection IP54 contre l&#039;eau et la poussi\u00e8re garantit des performances optimales m\u00eame dans des conditions de chantier difficiles.<\/li>\n<\/ul>","protected":false},"featured_media":1882,"comment_status":"open","ping_status":"closed","template":"","meta":[],"product_brand":[],"product_cat":[15,140],"product_tag":[],"class_list":{"0":"post-608","1":"product","2":"type-product","3":"status-publish","4":"has-post-thumbnail","6":"product_cat-surveying-instrument","7":"product_cat-automatic-level","9":"first","10":"instock","11":"shipping-taxable","12":"product-type-simple"},"_links":{"self":[{"href":"https:\/\/mountlaser.com\/fr_fr\/wp-json\/wp\/v2\/product\/608","targetHints":{"allow":["GET"]}}],"collection":[{"href":"https:\/\/mountlaser.com\/fr_fr\/wp-json\/wp\/v2\/product"}],"about":[{"href":"https:\/\/mountlaser.com\/fr_fr\/wp-json\/wp\/v2\/types\/product"}],"replies":[{"embeddable":true,"href":"https:\/\/mountlaser.com\/fr_fr\/wp-json\/wp\/v2\/comments?post=608"}],"wp:featuredmedia":[{"embeddable":true,"href":"https:\/\/mountlaser.com\/fr_fr\/wp-json\/wp\/v2\/media\/1882"}],"wp:attachment":[{"href":"https:\/\/mountlaser.com\/fr_fr\/wp-json\/wp\/v2\/media?parent=608"}],"wp:term":[{"taxonomy":"product_brand","embeddable":true,"href":"https:\/\/mountlaser.com\/fr_fr\/wp-json\/wp\/v2\/product_brand?post=608"},{"taxonomy":"product_cat","embeddable":true,"href":"https:\/\/mountlaser.com\/fr_fr\/wp-json\/wp\/v2\/product_cat?post=608"},{"taxonomy":"product_tag","embeddable":true,"href":"https:\/\/mountlaser.com\/fr_fr\/wp-json\/wp\/v2\/product_tag?post=608"}],"curies":[{"name":"wp","href":"https:\/\/api.w.org\/{rel}","templated":true}]}}