{"id":6003,"date":"2025-12-19T02:59:24","date_gmt":"2025-12-19T02:59:24","guid":{"rendered":"https:\/\/mountlaser.com\/?post_type=product&#038;p=6003"},"modified":"2025-12-19T02:59:24","modified_gmt":"2025-12-19T02:59:24","slug":"etj30a-325-heavy-duty-elevator-tripod","status":"publish","type":"product","link":"https:\/\/mountlaser.com\/fr_fr\/produit\/etj30a-325-heavy-duty-elevator-tripod\/","title":{"rendered":"Tr\u00e9pied d&#039;ascenseur robuste ETJ30A-325"},"content":{"rendered":"<p data-start=\"229\" data-end=\"772\">Le<a href=\"https:\/\/mountlaser.com\/fr_fr\/\"> <strong data-start=\"233\" data-end=\"274\">Tr\u00e9pied d&#039;ascenseur robuste ETJ30A-325<\/strong><\/a> est con\u00e7u pour les professionnels qui ont besoin d&#039;un soutien robuste, d&#039;un r\u00e9glage pr\u00e9cis de la hauteur et d&#039;une durabilit\u00e9 \u00e0 long terme dans des environnements de travail exigeants. <a href=\"https:\/\/mountlaser.com\/fr_fr\/products\/\"><strong data-start=\"423\" data-end=\"454\">Tr\u00e9pied r\u00e9glable<\/strong><\/a>, Fabriqu\u00e9 en alliage d&#039;aluminium de haute qualit\u00e9, ce tr\u00e9pied offre une excellente r\u00e9sistance aux chocs tout en conservant une structure stable et fiable. Le tr\u00e9pied d&#039;ascenseur robuste ETJ30A-325 est la solution id\u00e9ale pour les applications de construction, de topographie et de nivellement laser o\u00f9 la pr\u00e9cision et la capacit\u00e9 de charge sont essentielles.<\/p>\n<p data-start=\"774\" data-end=\"1388\">Dot\u00e9 d&#039;un boulon de fixation standard 5\/8\u2033-11, le tr\u00e9pied \u00e9l\u00e9vateur robuste ETJ30A-325 assure une large compatibilit\u00e9 avec les niveaux laser, les stations totales et autres instruments de topographie. Son syst\u00e8me de serrage rapide permet un r\u00e9glage en hauteur simple et rapide, ce qui rend ce tr\u00e9pied \u00e9l\u00e9vateur r\u00e9glable particuli\u00e8rement efficace sur le terrain. Avec une hauteur r\u00e9glable de 125 \u00e0 350 cm et une hauteur de travail de 114 \u00e0 325 cm, le tr\u00e9pied \u00e9l\u00e9vateur robuste ETJ30A-325 offre une flexibilit\u00e9 exceptionnelle pour les travaux en basse et haute altitude, confirmant ainsi sa r\u00e9putation de tr\u00e9pied \u00e9l\u00e9vateur r\u00e9glable fiable.<\/p>\n<p data-start=\"1390\" data-end=\"1903\">Con\u00e7u comme une solution \u00e0 la fois \u00e9conomique et robuste, le tr\u00e9pied \u00e9l\u00e9vateur renforc\u00e9 ETJ30A-325 allie performance et prix avantageux. Des couleurs et des hauteurs personnalis\u00e9es sont disponibles sur demande, permettant ainsi d&#039;adapter ce tr\u00e9pied \u00e9l\u00e9vateur r\u00e9glable aux exigences sp\u00e9cifiques de chaque projet. Sa construction solide et son m\u00e9canisme de r\u00e9glage fluide font du tr\u00e9pied \u00e9l\u00e9vateur renforc\u00e9 ETJ30A-325 un choix fiable pour les professionnels exigeants. <a href=\"https:\/\/mountlaser.com\/fr_fr\/contact-us\/\">Tr\u00e9pied r\u00e9glable<\/a> dans toutes les conditions de travail.<\/p>\n<p data-start=\"1390\" data-end=\"1903\"><img fetchpriority=\"high\" decoding=\"async\" class=\"aligncenter wp-image-6009\" src=\"https:\/\/mountlaser.com\/wp-content\/uploads\/2025\/12\/ETJ30A\uff084\uff09.webp\" alt=\"ETJ30A-325 heavy-duty elevator tripod\" width=\"500\" height=\"500\" srcset=\"https:\/\/mountlaser.com\/wp-content\/uploads\/2025\/12\/ETJ30A\uff084\uff09.webp 1000w, https:\/\/mountlaser.com\/wp-content\/uploads\/2025\/12\/ETJ30A\uff084\uff09-300x300.webp 300w, https:\/\/mountlaser.com\/wp-content\/uploads\/2025\/12\/ETJ30A\uff084\uff09-150x150.webp 150w, https:\/\/mountlaser.com\/wp-content\/uploads\/2025\/12\/ETJ30A\uff084\uff09-768x768.webp 768w, https:\/\/mountlaser.com\/wp-content\/uploads\/2025\/12\/ETJ30A\uff084\uff09-12x12.webp 12w, https:\/\/mountlaser.com\/wp-content\/uploads\/2025\/12\/ETJ30A\uff084\uff09-600x600.webp 600w, https:\/\/mountlaser.com\/wp-content\/uploads\/2025\/12\/ETJ30A\uff084\uff09-800x800.webp 800w, https:\/\/mountlaser.com\/wp-content\/uploads\/2025\/12\/ETJ30A\uff084\uff09-400x400.webp 400w\" sizes=\"(max-width: 500px) 100vw, 500px\" \/><\/p>\n<p data-start=\"1390\" data-end=\"1903\"><strong>Sp\u00e9cifications du tr\u00e9pied d&#039;ascenseur robuste ETJ30A-325<\/strong><\/p>\n<div>\n<table style=\"border-collapse: collapse; width: 743.27pt;\" border=\"0\" width=\"991\" cellspacing=\"0\" cellpadding=\"0\">\n<tbody>\n<tr style=\"height: 14.25pt;\">\n<td class=\"et2\" style=\"height: 14.25pt; width: 127.50pt;\" width=\"170\" height=\"19\">NOMBRE<\/td>\n<td class=\"et3\" style=\"width: 92.25pt;\" width=\"123\">JAMBES<\/td>\n<td class=\"et3\" style=\"width: 77.25pt;\" width=\"103\">TYPE DE SERRURE<\/td>\n<td class=\"et3\" style=\"width: 96.75pt;\" width=\"129\">MAT\u00c9RIEL<\/td>\n<td class=\"et4\" style=\"width: 141.00pt;\" width=\"188\">HAUTEUR DU TR\u00c9PIED<\/td>\n<td class=\"et4\" style=\"width: 96.00pt;\" width=\"128\">HAUTEUR DE TRAVAIL<\/td>\n<td class=\"et3\" style=\"width: 112.50pt;\" width=\"150\">NO.<\/td>\n<\/tr>\n<tr style=\"height: 18.75pt;\">\n<td class=\"et5\" style=\"height: 18.75pt;\" height=\"25\">ETJ30A-225<\/td>\n<td class=\"et5\">Aluminium<\/td>\n<td class=\"et5\">Serre-joint rapide<\/td>\n<td class=\"et5\">Noir<\/td>\n<td class=\"et5\">112-244 cm<\/td>\n<td class=\"et5\">100-225 cm<\/td>\n<td class=\"et5\">5,15 kg<\/td>\n<\/tr>\n<tr style=\"height: 17.25pt;\">\n<td class=\"et5\" style=\"height: 17.25pt;\" height=\"23\">ETJ30A-310<\/td>\n<td class=\"et5\">Aluminium<\/td>\n<td class=\"et5\">Serre-joint rapide<\/td>\n<td class=\"et5\">Noir<\/td>\n<td class=\"et5\">115-330 cm<\/td>\n<td class=\"et5\">105-310 cm<\/td>\n<td class=\"et5\">5,40 kg<\/td>\n<\/tr>\n<tr style=\"height: 14.25pt;\">\n<td class=\"et5\" style=\"height: 14.25pt;\" height=\"19\">ETJ30A-325<\/td>\n<td class=\"et5\">Aluminium<\/td>\n<td class=\"et5\">Serre-joint rapide<\/td>\n<td class=\"et5\">Noir<\/td>\n<td class=\"et5\">125-350 cm<\/td>\n<td class=\"et5\">114-325 cm<\/td>\n<td class=\"et5\">5,55 kg<\/td>\n<\/tr>\n<\/tbody>\n<\/table>\n<\/div>","protected":false},"excerpt":{"rendered":"<ul>\n<li>Fournit un support stable et s\u00e9curis\u00e9 pour les niveaux laser et les instruments de topographie.<\/li>\n<li>R\u00e9glage en hauteur de type ascenseur pour un positionnement vertical pr\u00e9cis<\/li>\n<li>Les pinces \u00e0 verrouillage rapide permettent une installation rapide et facile du tr\u00e9pied<\/li>\n<li>Les pieds en alliage d&#039;aluminium offrent une excellente r\u00e9sistance aux chocs et une grande durabilit\u00e9.<\/li>\n<li>Le boulon de chape standard 5\/8\u2033-11 assure une large compatibilit\u00e9 avec les instruments<\/li>\n<\/ul>","protected":false},"featured_media":6009,"comment_status":"open","ping_status":"closed","template":"","meta":[],"product_brand":[],"product_cat":[122,94],"product_tag":[],"class_list":{"0":"post-6003","1":"product","2":"type-product","3":"status-publish","4":"has-post-thumbnail","6":"product_cat-laser-level-tripod","7":"product_cat-laser-level-accessory","9":"first","10":"instock","11":"shipping-taxable","12":"product-type-simple"},"_links":{"self":[{"href":"https:\/\/mountlaser.com\/fr_fr\/wp-json\/wp\/v2\/product\/6003","targetHints":{"allow":["GET"]}}],"collection":[{"href":"https:\/\/mountlaser.com\/fr_fr\/wp-json\/wp\/v2\/product"}],"about":[{"href":"https:\/\/mountlaser.com\/fr_fr\/wp-json\/wp\/v2\/types\/product"}],"replies":[{"embeddable":true,"href":"https:\/\/mountlaser.com\/fr_fr\/wp-json\/wp\/v2\/comments?post=6003"}],"wp:featuredmedia":[{"embeddable":true,"href":"https:\/\/mountlaser.com\/fr_fr\/wp-json\/wp\/v2\/media\/6009"}],"wp:attachment":[{"href":"https:\/\/mountlaser.com\/fr_fr\/wp-json\/wp\/v2\/media?parent=6003"}],"wp:term":[{"taxonomy":"product_brand","embeddable":true,"href":"https:\/\/mountlaser.com\/fr_fr\/wp-json\/wp\/v2\/product_brand?post=6003"},{"taxonomy":"product_cat","embeddable":true,"href":"https:\/\/mountlaser.com\/fr_fr\/wp-json\/wp\/v2\/product_cat?post=6003"},{"taxonomy":"product_tag","embeddable":true,"href":"https:\/\/mountlaser.com\/fr_fr\/wp-json\/wp\/v2\/product_tag?post=6003"}],"curies":[{"name":"wp","href":"https:\/\/api.w.org\/{rel}","templated":true}]}}