{"id":5993,"date":"2025-12-19T01:50:19","date_gmt":"2025-12-19T01:50:19","guid":{"rendered":"https:\/\/mountlaser.com\/?post_type=product&#038;p=5993"},"modified":"2025-12-19T01:50:19","modified_gmt":"2025-12-19T01:50:19","slug":"bt150-s3-black-elevator-tripod","status":"publish","type":"product","link":"https:\/\/mountlaser.com\/fr_fr\/produit\/bt150-s3-black-elevator-tripod\/","title":{"rendered":"Tr\u00e9pied \u00e9l\u00e9vateur noir BT150-S3"},"content":{"rendered":"<p data-start=\"180\" data-end=\"621\">Le<a href=\"https:\/\/mountlaser.com\/fr_fr\/\"> <strong data-start=\"184\" data-end=\"218\">Tr\u00e9pied \u00e9l\u00e9vateur noir BT150-S3<\/strong> <\/a>Ce tr\u00e9pied est une solution de support fiable et professionnelle con\u00e7ue pour les applications de nivellement laser et de topographie. Fabriqu\u00e9 en aluminium oxyd\u00e9 durable, il offre une excellente robustesse tout en restant l\u00e9ger pour un transport ais\u00e9.<a href=\"https:\/\/mountlaser.com\/fr_fr\/about-us\/\"> <strong data-start=\"471\" data-end=\"497\">Tr\u00e9pied d&#039;arpenteur en aluminium<\/strong><\/a>, Le tr\u00e9pied d&#039;ascenseur noir BT150-S3 offre une stabilit\u00e9 et une pr\u00e9cision exceptionnelles pour les chantiers int\u00e9rieurs et ext\u00e9rieurs.<\/p>\n<p data-start=\"623\" data-end=\"1155\">Dot\u00e9 d&#039;un pied robuste en forme de fer \u00e0 cheval, le tr\u00e9pied d&#039;\u00e9l\u00e9vation BT150-S3 noir assure un contact ferme avec le sol et un \u00e9quilibre optimal m\u00eame sur les surfaces irr\u00e9guli\u00e8res. C&#039;est le tr\u00e9pied topographique en aluminium id\u00e9al pour les travaux d&#039;implantation, de transfert d&#039;altitude et d&#039;alignement. Avec une hauteur r\u00e9glable de 54 \u00e0 162 cm et une hauteur de travail de 50 \u00e0 153 cm, le tr\u00e9pied d&#039;\u00e9l\u00e9vation BT150-S3 noir s&#039;adapte facilement \u00e0 diff\u00e9rentes exigences de travail, r\u00e9pondant aux normes de performance attendues d&#039;un tr\u00e9pied topographique professionnel en aluminium.<\/p>\n<p data-start=\"1157\" data-end=\"1649\">Le tr\u00e9pied \u00e9l\u00e9vateur BT150-S3 noir est \u00e9quip\u00e9 d&#039;une t\u00eate en aluminium avec filetage standard 5\/8\u2033-11, assurant la compatibilit\u00e9 avec la plupart des niveaux laser et instruments de topographie. Pour une plus grande flexibilit\u00e9, la version BT150R-S3 comprend une t\u00eate inclinable amovible avec filetage 1\/4\u2033-20. Cette polyvalence renforce encore la valeur du tr\u00e9pied \u00e9l\u00e9vateur BT150-S3 noir et en fait un outil fiable. <a href=\"https:\/\/mountlaser.com\/fr_fr\/products\/\">Tr\u00e9pied d&#039;arpenteur en aluminium<\/a> pour les g\u00e9om\u00e8tres, les ing\u00e9nieurs et les professionnels de la construction.<\/p>\n<p data-start=\"1157\" data-end=\"1649\"><img fetchpriority=\"high\" decoding=\"async\" class=\"aligncenter wp-image-5995\" src=\"https:\/\/mountlaser.com\/wp-content\/uploads\/2025\/12\/BT150P2.webp\" alt=\"BT150-S3 Black Elevator Tripod\" width=\"500\" height=\"500\" srcset=\"https:\/\/mountlaser.com\/wp-content\/uploads\/2025\/12\/BT150P2.webp 1000w, https:\/\/mountlaser.com\/wp-content\/uploads\/2025\/12\/BT150P2-300x300.webp 300w, https:\/\/mountlaser.com\/wp-content\/uploads\/2025\/12\/BT150P2-150x150.webp 150w, https:\/\/mountlaser.com\/wp-content\/uploads\/2025\/12\/BT150P2-768x768.webp 768w, https:\/\/mountlaser.com\/wp-content\/uploads\/2025\/12\/BT150P2-12x12.webp 12w, https:\/\/mountlaser.com\/wp-content\/uploads\/2025\/12\/BT150P2-600x600.webp 600w, https:\/\/mountlaser.com\/wp-content\/uploads\/2025\/12\/BT150P2-800x800.webp 800w, https:\/\/mountlaser.com\/wp-content\/uploads\/2025\/12\/BT150P2-400x400.webp 400w\" sizes=\"(max-width: 500px) 100vw, 500px\" \/><\/p>\n<p data-start=\"1157\" data-end=\"1649\">Sp\u00e9cifications du tr\u00e9pied \u00e9l\u00e9vateur noir BT150-S3<\/p>\n<div>\n<table style=\"border-collapse: collapse; width: 735.77pt;\" border=\"0\" width=\"981\" cellspacing=\"0\" cellpadding=\"0\">\n<tbody>\n<tr style=\"height: 14.25pt;\">\n<td class=\"et2\" style=\"height: 14.25pt; width: 127.50pt;\" width=\"170\" height=\"19\">NOMBRE<\/td>\n<td class=\"et3\" style=\"width: 92.25pt;\" width=\"123\">COULEUR<\/td>\n<td class=\"et3\" style=\"width: 77.25pt;\" width=\"103\">MAT\u00c9RIEL<\/td>\n<td class=\"et3\" style=\"width: 96.75pt;\" width=\"129\">HAUTEUR DU TR\u00c9PIED<\/td>\n<td class=\"et4\" style=\"width: 141.00pt;\" width=\"188\">HAUTEUR DE TRAVAIL<\/td>\n<td class=\"et3\" style=\"width: 201.00pt;\" width=\"268\">FIL<\/td>\n<\/tr>\n<tr style=\"height: 18.75pt;\">\n<td class=\"et5\" style=\"height: 18.75pt; width: 127.50pt;\" width=\"170\" height=\"25\">BT150-S3<\/td>\n<td class=\"et6\">Noir<\/td>\n<td class=\"et7\">Aluminium<\/td>\n<td class=\"et6\">54-162 cm<\/td>\n<td class=\"et6\">50-153 cm<\/td>\n<td class=\"et6\">T\u00eate en aluminium 5\/8\u2033-11<\/td>\n<\/tr>\n<tr style=\"height: 17.25pt;\">\n<td class=\"et8\" style=\"height: 17.25pt;\" height=\"23\">BT150R-S3<\/td>\n<td class=\"et6\">Noir<\/td>\n<td class=\"et7\">Aluminium<\/td>\n<td class=\"et6\">61-169 cm<\/td>\n<td class=\"et6\">57-160 cm<\/td>\n<td class=\"et6\">Aluminium 5\/8\u2033-11 + Inclinable amovible 1\/4\u2033-20<\/td>\n<\/tr>\n<\/tbody>\n<\/table>\n<\/div>","protected":false},"excerpt":{"rendered":"<ul>\n<li>Fournit un support stable pour les niveaux laser et les instruments de topographie.<\/li>\n<li>R\u00e9glage en hauteur de type ascenseur pour un positionnement pr\u00e9cis<\/li>\n<li>Les pieds en fer \u00e0 cheval am\u00e9liorent la stabilit\u00e9 sur un sol in\u00e9gal ou meuble.<\/li>\n<li>Compatible avec les instruments standard 5\/8\u2033-11 et les instruments optionnels 1\/4\u2033-20<\/li>\n<li>Construction l\u00e9g\u00e8re en aluminium pour un transport facile et une grande durabilit\u00e9<\/li>\n<\/ul>","protected":false},"featured_media":5997,"comment_status":"open","ping_status":"closed","template":"","meta":[],"product_brand":[],"product_cat":[122,94],"product_tag":[],"class_list":{"0":"post-5993","1":"product","2":"type-product","3":"status-publish","4":"has-post-thumbnail","6":"product_cat-laser-level-tripod","7":"product_cat-laser-level-accessory","9":"first","10":"instock","11":"shipping-taxable","12":"product-type-simple"},"_links":{"self":[{"href":"https:\/\/mountlaser.com\/fr_fr\/wp-json\/wp\/v2\/product\/5993","targetHints":{"allow":["GET"]}}],"collection":[{"href":"https:\/\/mountlaser.com\/fr_fr\/wp-json\/wp\/v2\/product"}],"about":[{"href":"https:\/\/mountlaser.com\/fr_fr\/wp-json\/wp\/v2\/types\/product"}],"replies":[{"embeddable":true,"href":"https:\/\/mountlaser.com\/fr_fr\/wp-json\/wp\/v2\/comments?post=5993"}],"wp:featuredmedia":[{"embeddable":true,"href":"https:\/\/mountlaser.com\/fr_fr\/wp-json\/wp\/v2\/media\/5997"}],"wp:attachment":[{"href":"https:\/\/mountlaser.com\/fr_fr\/wp-json\/wp\/v2\/media?parent=5993"}],"wp:term":[{"taxonomy":"product_brand","embeddable":true,"href":"https:\/\/mountlaser.com\/fr_fr\/wp-json\/wp\/v2\/product_brand?post=5993"},{"taxonomy":"product_cat","embeddable":true,"href":"https:\/\/mountlaser.com\/fr_fr\/wp-json\/wp\/v2\/product_cat?post=5993"},{"taxonomy":"product_tag","embeddable":true,"href":"https:\/\/mountlaser.com\/fr_fr\/wp-json\/wp\/v2\/product_tag?post=5993"}],"curies":[{"name":"wp","href":"https:\/\/api.w.org\/{rel}","templated":true}]}}