{"id":5978,"date":"2025-12-18T06:49:45","date_gmt":"2025-12-18T06:49:45","guid":{"rendered":"https:\/\/mountlaser.com\/?post_type=product&#038;p=5978"},"modified":"2025-12-18T06:49:45","modified_gmt":"2025-12-18T06:49:45","slug":"ys1-120h-laser-level-tripod","status":"publish","type":"product","link":"https:\/\/mountlaser.com\/fr_fr\/produit\/ys1-120h-laser-level-tripod\/","title":{"rendered":"Tr\u00e9pied \u00e0 niveau laser YS1-120H"},"content":{"rendered":"<p data-start=\"285\" data-end=\"798\">Le <a href=\"https:\/\/mountlaser.com\/fr_fr\/\"><strong data-start=\"289\" data-end=\"320\">Tr\u00e9pied \u00e0 niveau laser YS1-120H<\/strong><\/a> est une solution de support durable et de qualit\u00e9 professionnelle con\u00e7ue pour un positionnement pr\u00e9cis au niveau laser sur les chantiers de construction et de topographie. Construite comme un <a href=\"https:\/\/mountlaser.com\/fr_fr\/products\/\"><strong data-start=\"468\" data-end=\"500\">Tr\u00e9pied d&#039;ascenseur en acier jaune<\/strong><\/a>, Ce tr\u00e9pied combine une construction en acier haute r\u00e9sistance avec des pieds stables en forme de fer \u00e0 cheval, garantissant une performance fiable m\u00eame sur terrain accident\u00e9. Polyvalent, le tr\u00e9pied pour niveau laser YS1-120H en acier jaune offre une excellente stabilit\u00e9 et une longue dur\u00e9e de vie pour les applications exigeantes sur le terrain.<\/p>\n<p data-start=\"800\" data-end=\"1338\">Fabriqu\u00e9 en acier robuste et rev\u00eatu d&#039;une peinture jaune haute visibilit\u00e9, le tr\u00e9pied pour niveau laser YS1-120H est con\u00e7u pour r\u00e9sister aux conditions difficiles des chantiers. Ce tr\u00e9pied d&#039;ascenseur en acier jaune est dot\u00e9 d&#039;une t\u00eate inclinable amovible avec filetage standard 1\/4\u2033-20, ce qui le rend compatible avec une large gamme de niveaux laser et d&#039;instruments de mesure. Utilis\u00e9 aussi bien en int\u00e9rieur qu&#039;en ext\u00e9rieur, le tr\u00e9pied pour niveau laser YS1-120H offre un r\u00e9glage en hauteur pr\u00e9cis et un support fiable, caract\u00e9ristiques des tr\u00e9pieds d&#039;ascenseur professionnels en acier jaune.<\/p>\n<p data-start=\"1340\" data-end=\"1795\">Disponible en deux hauteurs (120 cm et 150 cm), le tr\u00e9pied pour niveau laser YS1-120H est id\u00e9al pour les utilisateurs exigeant flexibilit\u00e9 et pr\u00e9cision. Son pied en forme de fer \u00e0 cheval assure une adh\u00e9rence et une stabilit\u00e9 optimales sur diverses surfaces, tandis que sa t\u00eate inclinable amovible permet un r\u00e9glage pr\u00e9cis de l&#039;angle. Con\u00e7u pour les travaux d&#039;implantation, d&#039;alignement et de nivellement sur les chantiers, ce tr\u00e9pied est un outil indispensable pour les applications n\u00e9cessitant flexibilit\u00e9 et pr\u00e9cision. <a href=\"https:\/\/mountlaser.com\/fr_fr\/contact-us\/\">Tr\u00e9pied d&#039;ascenseur en acier jaune<\/a> garantit des r\u00e9sultats coh\u00e9rents dans diff\u00e9rents environnements de travail.<\/p>\n<div>\n<table style=\"border-collapse: collapse; width: 1002.02pt;\" border=\"0\" width=\"1336\" cellspacing=\"0\" cellpadding=\"0\">\n<tbody>\n<tr style=\"height: 14.25pt;\">\n<td class=\"et2\" style=\"height: 14.25pt; width: 127.50pt;\" width=\"170\" height=\"19\">NOMBRE<\/td>\n<td class=\"et3\" style=\"width: 196.50pt;\" width=\"262\">COULEUR<\/td>\n<td class=\"et3\" style=\"width: 213.00pt;\" width=\"284\">MAT\u00c9RIEL<\/td>\n<td class=\"et3\" style=\"width: 93.75pt;\" width=\"125\">HAUTEUR<\/td>\n<td class=\"et3\" style=\"width: 170.25pt;\" width=\"227\">FIL<\/td>\n<td class=\"et4\" style=\"width: 201.00pt;\" width=\"268\">IMAGE<\/td>\n<\/tr>\n<tr style=\"height: 14.25pt;\">\n<td class=\"et5\" style=\"height: 14.25pt;\" height=\"19\">YS1-120H<\/td>\n<td class=\"et5\">Jaune<\/td>\n<td class=\"et5\">Acier<\/td>\n<td class=\"et5\">120 cm<\/td>\n<td class=\"et5\">5\/8\u2033-11<\/td>\n<td class=\"et6\"><img fetchpriority=\"high\" decoding=\"async\" class=\"aligncenter wp-image-5981\" src=\"https:\/\/mountlaser.com\/wp-content\/uploads\/2025\/12\/YS1150H3.webp\" alt=\"YS1-120H Laser Level Tripod\" width=\"500\" height=\"500\" srcset=\"https:\/\/mountlaser.com\/wp-content\/uploads\/2025\/12\/YS1150H3.webp 1000w, https:\/\/mountlaser.com\/wp-content\/uploads\/2025\/12\/YS1150H3-300x300.webp 300w, https:\/\/mountlaser.com\/wp-content\/uploads\/2025\/12\/YS1150H3-150x150.webp 150w, https:\/\/mountlaser.com\/wp-content\/uploads\/2025\/12\/YS1150H3-768x768.webp 768w, https:\/\/mountlaser.com\/wp-content\/uploads\/2025\/12\/YS1150H3-12x12.webp 12w, https:\/\/mountlaser.com\/wp-content\/uploads\/2025\/12\/YS1150H3-600x600.webp 600w, https:\/\/mountlaser.com\/wp-content\/uploads\/2025\/12\/YS1150H3-800x800.webp 800w, https:\/\/mountlaser.com\/wp-content\/uploads\/2025\/12\/YS1150H3-400x400.webp 400w\" sizes=\"(max-width: 500px) 100vw, 500px\" \/><\/td>\n<\/tr>\n<tr style=\"height: 14.25pt;\">\n<td class=\"et5\" style=\"height: 14.25pt;\" height=\"19\">YS1-150H<\/td>\n<td class=\"et5\">Jaune<\/td>\n<td class=\"et5\">Acier<\/td>\n<td class=\"et5\">150 cm<\/td>\n<td class=\"et5\">5\/8\u2033-11<\/td>\n<td class=\"et6\"><img decoding=\"async\" class=\"alignnone wp-image-5983\" src=\"https:\/\/mountlaser.com\/wp-content\/uploads\/2025\/12\/YS1150H5.webp\" alt=\"YS1-120H Laser Level Tripod\" width=\"500\" height=\"500\" srcset=\"https:\/\/mountlaser.com\/wp-content\/uploads\/2025\/12\/YS1150H5.webp 1000w, https:\/\/mountlaser.com\/wp-content\/uploads\/2025\/12\/YS1150H5-300x300.webp 300w, https:\/\/mountlaser.com\/wp-content\/uploads\/2025\/12\/YS1150H5-150x150.webp 150w, https:\/\/mountlaser.com\/wp-content\/uploads\/2025\/12\/YS1150H5-768x768.webp 768w, https:\/\/mountlaser.com\/wp-content\/uploads\/2025\/12\/YS1150H5-12x12.webp 12w, https:\/\/mountlaser.com\/wp-content\/uploads\/2025\/12\/YS1150H5-600x600.webp 600w, https:\/\/mountlaser.com\/wp-content\/uploads\/2025\/12\/YS1150H5-800x800.webp 800w, https:\/\/mountlaser.com\/wp-content\/uploads\/2025\/12\/YS1150H5-400x400.webp 400w\" sizes=\"(max-width: 500px) 100vw, 500px\" \/><\/td>\n<\/tr>\n<\/tbody>\n<\/table>\n<\/div>","protected":false},"excerpt":{"rendered":"<ul>\n<li>Fournit un support stable et s\u00e9curis\u00e9 pour les niveaux laser lors des op\u00e9rations de mesure et d&#039;alignement.<\/li>\n<li>La conception r\u00e9glable de l&#039;\u00e9l\u00e9vateur permet un positionnement pr\u00e9cis en hauteur pour une projection laser pr\u00e9cise.<\/li>\n<li>La t\u00eate inclinable amovible permet un r\u00e9glage flexible de l&#039;angle pour une utilisation am\u00e9lior\u00e9e.<\/li>\n<li>Les pieds en forme de fer \u00e0 cheval am\u00e9liorent la stabilit\u00e9 sur les surfaces irr\u00e9guli\u00e8res ou meubles.<\/li>\n<li>La finition jaune haute visibilit\u00e9 am\u00e9liore la s\u00e9curit\u00e9 sur le chantier et la visibilit\u00e9 des outils.<\/li>\n<\/ul>","protected":false},"featured_media":5980,"comment_status":"open","ping_status":"closed","template":"","meta":[],"product_brand":[],"product_cat":[122,94],"product_tag":[],"class_list":{"0":"post-5978","1":"product","2":"type-product","3":"status-publish","4":"has-post-thumbnail","6":"product_cat-laser-level-tripod","7":"product_cat-laser-level-accessory","9":"first","10":"instock","11":"shipping-taxable","12":"product-type-simple"},"_links":{"self":[{"href":"https:\/\/mountlaser.com\/fr_fr\/wp-json\/wp\/v2\/product\/5978","targetHints":{"allow":["GET"]}}],"collection":[{"href":"https:\/\/mountlaser.com\/fr_fr\/wp-json\/wp\/v2\/product"}],"about":[{"href":"https:\/\/mountlaser.com\/fr_fr\/wp-json\/wp\/v2\/types\/product"}],"replies":[{"embeddable":true,"href":"https:\/\/mountlaser.com\/fr_fr\/wp-json\/wp\/v2\/comments?post=5978"}],"wp:featuredmedia":[{"embeddable":true,"href":"https:\/\/mountlaser.com\/fr_fr\/wp-json\/wp\/v2\/media\/5980"}],"wp:attachment":[{"href":"https:\/\/mountlaser.com\/fr_fr\/wp-json\/wp\/v2\/media?parent=5978"}],"wp:term":[{"taxonomy":"product_brand","embeddable":true,"href":"https:\/\/mountlaser.com\/fr_fr\/wp-json\/wp\/v2\/product_brand?post=5978"},{"taxonomy":"product_cat","embeddable":true,"href":"https:\/\/mountlaser.com\/fr_fr\/wp-json\/wp\/v2\/product_cat?post=5978"},{"taxonomy":"product_tag","embeddable":true,"href":"https:\/\/mountlaser.com\/fr_fr\/wp-json\/wp\/v2\/product_tag?post=5978"}],"curies":[{"name":"wp","href":"https:\/\/api.w.org\/{rel}","templated":true}]}}