{"id":5952,"date":"2025-12-16T03:15:21","date_gmt":"2025-12-16T03:15:21","guid":{"rendered":"https:\/\/mountlaser.com\/?post_type=product&#038;p=5952"},"modified":"2025-12-16T03:15:22","modified_gmt":"2025-12-16T03:15:22","slug":"sc82001-82002-soft-case","status":"publish","type":"product","link":"https:\/\/mountlaser.com\/fr_fr\/produit\/sc82001-82002-soft-case\/","title":{"rendered":"\u00c9tui souple SC82001"},"content":{"rendered":"<p>Le <a href=\"https:\/\/mountlaser.com\/fr_fr\/\"><strong>\u00c9tui souple SC82001\/82002<\/strong><\/a> Le porte-a\u00e9rosol professionnel SC82001\/82002, dot\u00e9 de poches et d&#039;un clip, est sp\u00e9cialement con\u00e7u pour les g\u00e9om\u00e8tres et les professionnels du b\u00e2timent qui ont besoin d&#039;un acc\u00e8s rapide et organis\u00e9 \u00e0 leurs outils de marquage sur le terrain. Fabriqu\u00e9 en nylon Cordura 1000D ultra-r\u00e9sistant, l&#039;\u00e9tui souple SC82001\/82002 offre une excellente r\u00e9sistance aux d\u00e9chirures et \u00e0 l&#039;abrasion pour une utilisation ext\u00e9rieure prolong\u00e9e. Polyvalent, il est id\u00e9al pour les travaux de pr\u00e9cision. <a href=\"https:\/\/mountlaser.com\/fr_fr\/categorie-produit\/surveying-accessory\/\"><strong>Porte-a\u00e9rosol avec poches et clip<\/strong><\/a>, Cette housse souple peut contenir en toute s\u00e9curit\u00e9 un pot de peinture standard ou deux canettes de 35 cl, ainsi que des accessoires essentiels comme des stylos, des crayons et des r\u00e8gles pliantes. Elle est dot\u00e9e de sangles de s\u00e9curit\u00e9 Velcro et d&#039;une poche rigide pour pot de peinture permettant un acc\u00e8s rapide et facile. Son syst\u00e8me de poches et de clip assure un maintien ferme du contenu lors des d\u00e9placements. Pour un rangement suppl\u00e9mentaire, la version SC82002 de la housse souple SC82001\/82002 comprend une poche zipp\u00e9e horizontale en bas, optimisant ainsi sa fonctionnalit\u00e9 sur les chantiers les plus exigeants.<\/p>\n<p><img fetchpriority=\"high\" decoding=\"async\" class=\"aligncenter wp-image-5953\" src=\"https:\/\/mountlaser.com\/wp-content\/uploads\/2025\/12\/SC82001.webp\" alt=\"SC82001\/82002 Soft case\" width=\"500\" height=\"500\" srcset=\"https:\/\/mountlaser.com\/wp-content\/uploads\/2025\/12\/SC82001.webp 1000w, https:\/\/mountlaser.com\/wp-content\/uploads\/2025\/12\/SC82001-300x300.webp 300w, https:\/\/mountlaser.com\/wp-content\/uploads\/2025\/12\/SC82001-150x150.webp 150w, https:\/\/mountlaser.com\/wp-content\/uploads\/2025\/12\/SC82001-768x768.webp 768w, https:\/\/mountlaser.com\/wp-content\/uploads\/2025\/12\/SC82001-12x12.webp 12w, https:\/\/mountlaser.com\/wp-content\/uploads\/2025\/12\/SC82001-600x600.webp 600w, https:\/\/mountlaser.com\/wp-content\/uploads\/2025\/12\/SC82001-800x800.webp 800w, https:\/\/mountlaser.com\/wp-content\/uploads\/2025\/12\/SC82001-400x400.webp 400w\" sizes=\"(max-width: 500px) 100vw, 500px\" \/><\/p>\n<p>Le <a href=\"https:\/\/mountlaser.com\/fr_fr\/contact-us\/\">\u00c9tui souple SC82001\/82002<\/a> Il s&#039;agit d&#039;un porte-a\u00e9rosol robuste et pratique avec poches et clip, offrant durabilit\u00e9, organisation et commodit\u00e9 pour les t\u00e2ches professionnelles d&#039;arpentage et de marquage de construction.<\/p>","protected":false},"excerpt":{"rendered":"<ul>\n<li>Sert de porte-a\u00e9rosol durable avec poches et clip pour le marquage sur le terrain<\/li>\n<li>Plusieurs poches pour stylos, crayons et r\u00e8gles pliantes<\/li>\n<li>Des sangles de s\u00e9curit\u00e9 Velcro maintiennent les outils en place pendant le d\u00e9placement.<\/li>\n<li>Passant de ceinture de 5 cm de large avec sangle en nylon renforc\u00e9e<\/li>\n<li>Clip en plastique robuste pour une fixation s\u00e9curis\u00e9e \u00e0 la ceinture<\/li>\n<li>Le mod\u00e8le SC82002 comprend une poche zipp\u00e9e inf\u00e9rieure pour un rangement suppl\u00e9mentaire.<\/li>\n<\/ul>","protected":false},"featured_media":5953,"comment_status":"open","ping_status":"closed","template":"","meta":[],"product_brand":[],"product_cat":[164,79],"product_tag":[],"class_list":{"0":"post-5952","1":"product","2":"type-product","3":"status-publish","4":"has-post-thumbnail","6":"product_cat-soft-case","7":"product_cat-surveying-accessory","9":"first","10":"instock","11":"shipping-taxable","12":"product-type-simple"},"_links":{"self":[{"href":"https:\/\/mountlaser.com\/fr_fr\/wp-json\/wp\/v2\/product\/5952","targetHints":{"allow":["GET"]}}],"collection":[{"href":"https:\/\/mountlaser.com\/fr_fr\/wp-json\/wp\/v2\/product"}],"about":[{"href":"https:\/\/mountlaser.com\/fr_fr\/wp-json\/wp\/v2\/types\/product"}],"replies":[{"embeddable":true,"href":"https:\/\/mountlaser.com\/fr_fr\/wp-json\/wp\/v2\/comments?post=5952"}],"wp:featuredmedia":[{"embeddable":true,"href":"https:\/\/mountlaser.com\/fr_fr\/wp-json\/wp\/v2\/media\/5953"}],"wp:attachment":[{"href":"https:\/\/mountlaser.com\/fr_fr\/wp-json\/wp\/v2\/media?parent=5952"}],"wp:term":[{"taxonomy":"product_brand","embeddable":true,"href":"https:\/\/mountlaser.com\/fr_fr\/wp-json\/wp\/v2\/product_brand?post=5952"},{"taxonomy":"product_cat","embeddable":true,"href":"https:\/\/mountlaser.com\/fr_fr\/wp-json\/wp\/v2\/product_cat?post=5952"},{"taxonomy":"product_tag","embeddable":true,"href":"https:\/\/mountlaser.com\/fr_fr\/wp-json\/wp\/v2\/product_tag?post=5952"}],"curies":[{"name":"wp","href":"https:\/\/api.w.org\/{rel}","templated":true}]}}