{"id":5944,"date":"2025-12-16T01:55:33","date_gmt":"2025-12-16T01:55:33","guid":{"rendered":"https:\/\/mountlaser.com\/?post_type=product&#038;p=5944"},"modified":"2025-12-16T01:55:33","modified_gmt":"2025-12-16T01:55:33","slug":"bl30-bubble-level","status":"publish","type":"product","link":"https:\/\/mountlaser.com\/fr_fr\/produit\/bl30-bubble-level\/","title":{"rendered":"Niveau \u00e0 bulle BL30"},"content":{"rendered":"<p>Le <a href=\"https:\/\/mountlaser.com\/fr_fr\/\"><strong>Niveau \u00e0 bulle BL30<\/strong><\/a> Le niveau \u00e0 bulle BL30 est un instrument de topographie de pr\u00e9cision con\u00e7u sp\u00e9cifiquement pour les niveaux num\u00e9riques de type suisse. En tant que niveau \u00e0 bulle de haute pr\u00e9cision pour le DNA03, il garantit une mise \u00e0 niveau rapide et fiable lors de l&#039;installation, permettant aux g\u00e9om\u00e8tres d&#039;effectuer des mesures pr\u00e9cises en toute confiance. Le niveau \u00e0 bulle BL30 est con\u00e7u pour r\u00e9pondre aux sp\u00e9cifications d&#039;origine du DNA03, ce qui en fait un remplacement ou un accessoire id\u00e9al pour les professionnels de terrain. Con\u00e7u pour \u00eatre fiable\u2026 <a href=\"https:\/\/mountlaser.com\/fr_fr\/categorie-produit\/surveying-accessory\/\"><strong>niveau \u00e0 bulle pour DNA03<\/strong><\/a>, Le niveau \u00e0 bulle BL30 offre une visibilit\u00e9 optimale et une performance stable m\u00eame dans les environnements topographiques les plus exigeants. Que ce soit pour des contr\u00f4les de routine ou des travaux de nivellement professionnels, ce niveau \u00e0 bulle pour DNA03 garantit une pr\u00e9cision constante et une fiabilit\u00e9 \u00e0 long terme.<\/p>\n<p><img fetchpriority=\"high\" decoding=\"async\" class=\"aligncenter wp-image-5945\" src=\"https:\/\/mountlaser.com\/wp-content\/uploads\/2025\/12\/BL301.webp\" alt=\"BL30 Bubble Level\" width=\"500\" height=\"500\" srcset=\"https:\/\/mountlaser.com\/wp-content\/uploads\/2025\/12\/BL301.webp 1000w, https:\/\/mountlaser.com\/wp-content\/uploads\/2025\/12\/BL301-300x300.webp 300w, https:\/\/mountlaser.com\/wp-content\/uploads\/2025\/12\/BL301-150x150.webp 150w, https:\/\/mountlaser.com\/wp-content\/uploads\/2025\/12\/BL301-768x768.webp 768w, https:\/\/mountlaser.com\/wp-content\/uploads\/2025\/12\/BL301-12x12.webp 12w, https:\/\/mountlaser.com\/wp-content\/uploads\/2025\/12\/BL301-600x600.webp 600w, https:\/\/mountlaser.com\/wp-content\/uploads\/2025\/12\/BL301-800x800.webp 800w, https:\/\/mountlaser.com\/wp-content\/uploads\/2025\/12\/BL301-400x400.webp 400w\" sizes=\"(max-width: 500px) 100vw, 500px\" \/><\/p>\n<p>Le niveau \u00e0 bulle BL30 est un instrument fiable et pr\u00e9cis. <a href=\"https:\/\/mountlaser.com\/fr_fr\/contact-us\/\">niveau \u00e0 bulle pour DNA03<\/a>, offrant une excellente visibilit\u00e9, un nivellement pr\u00e9cis et des performances fiables pour les applications topographiques professionnelles.<\/p>","protected":false},"excerpt":{"rendered":"<ul>\n<li>Assure une mise \u00e0 niveau pr\u00e9cise des instruments pour les niveaux num\u00e9riques de type suisse DNA03<\/li>\n<li>Con\u00e7u sp\u00e9cifiquement comme niveau \u00e0 bulle pour la compatibilit\u00e9 DNA03<\/li>\n<li>Am\u00e9liore la vitesse de configuration et la fiabilit\u00e9 des mesures<\/li>\n<li>Bulle \u00e0 haute visibilit\u00e9 pour une lecture facile sur le terrain<\/li>\n<li>Construction robuste pour une utilisation topographique \u00e0 long terme<\/li>\n<\/ul>","protected":false},"featured_media":5946,"comment_status":"open","ping_status":"closed","template":"","meta":[],"product_brand":[],"product_cat":[153,79],"product_tag":[],"class_list":{"0":"post-5944","1":"product","2":"type-product","3":"status-publish","4":"has-post-thumbnail","6":"product_cat-bubble-for-tribrach-carrier-prism","7":"product_cat-surveying-accessory","9":"first","10":"instock","11":"shipping-taxable","12":"product-type-simple"},"_links":{"self":[{"href":"https:\/\/mountlaser.com\/fr_fr\/wp-json\/wp\/v2\/product\/5944","targetHints":{"allow":["GET"]}}],"collection":[{"href":"https:\/\/mountlaser.com\/fr_fr\/wp-json\/wp\/v2\/product"}],"about":[{"href":"https:\/\/mountlaser.com\/fr_fr\/wp-json\/wp\/v2\/types\/product"}],"replies":[{"embeddable":true,"href":"https:\/\/mountlaser.com\/fr_fr\/wp-json\/wp\/v2\/comments?post=5944"}],"wp:featuredmedia":[{"embeddable":true,"href":"https:\/\/mountlaser.com\/fr_fr\/wp-json\/wp\/v2\/media\/5946"}],"wp:attachment":[{"href":"https:\/\/mountlaser.com\/fr_fr\/wp-json\/wp\/v2\/media?parent=5944"}],"wp:term":[{"taxonomy":"product_brand","embeddable":true,"href":"https:\/\/mountlaser.com\/fr_fr\/wp-json\/wp\/v2\/product_brand?post=5944"},{"taxonomy":"product_cat","embeddable":true,"href":"https:\/\/mountlaser.com\/fr_fr\/wp-json\/wp\/v2\/product_cat?post=5944"},{"taxonomy":"product_tag","embeddable":true,"href":"https:\/\/mountlaser.com\/fr_fr\/wp-json\/wp\/v2\/product_tag?post=5944"}],"curies":[{"name":"wp","href":"https:\/\/api.w.org\/{rel}","templated":true}]}}