{"id":5934,"date":"2025-12-15T09:26:34","date_gmt":"2025-12-15T09:26:34","guid":{"rendered":"https:\/\/mountlaser.com\/?post_type=product&#038;p=5934"},"modified":"2025-12-15T09:26:34","modified_gmt":"2025-12-15T09:26:34","slug":"gfz4-diagonal-eyepiece","status":"publish","type":"product","link":"https:\/\/mountlaser.com\/fr_fr\/produit\/gfz4-diagonal-eyepiece\/","title":{"rendered":"Oculaire diagonal GFZ4"},"content":{"rendered":"<p>Le <strong data-start=\"139\" data-end=\"165\"><a href=\"https:\/\/mountlaser.com\/fr_fr\/\">\u0152illeton diagonal GFZ4<\/a>e<\/strong> L&#039;oculaire diagonal GFZ4 est un accessoire optique de haute qualit\u00e9 con\u00e7u pour am\u00e9liorer le confort visuel et l&#039;efficacit\u00e9 op\u00e9rationnelle lors de l&#039;utilisation de stations totales. Cet oculaire diagonal pour station totale modifie l&#039;angle de vision afin de r\u00e9duire la fatigue oculaire et cervicale lors d&#039;observations prolong\u00e9es, notamment lorsque l&#039;instrument est positionn\u00e9 bas ou dans des conditions difficiles. L&#039;oculaire diagonal GFZ4 est dot\u00e9 d&#039;un syst\u00e8me de fixation \u00e0 vis sp\u00e9cifiquement compatible avec les stations totales suisses, garantissant une installation s\u00e9curis\u00e9e et une performance stable. Disponible en vert et en noir, cet oculaire diagonal GFZ4 est un accessoire optique de haute qualit\u00e9 con\u00e7u pour am\u00e9liorer le confort visuel et l&#039;efficacit\u00e9 op\u00e9rationnelle lors de l&#039;utilisation de stations totales. <a href=\"https:\/\/mountlaser.com\/fr_fr\/categorie-produit\/surveying-accessory\/\"><strong data-start=\"702\" data-end=\"741\">Oculaire diagonal pour station totale<\/strong><\/a> allie durabilit\u00e9 et alignement optique pr\u00e9cis.<\/p>\n<p><img fetchpriority=\"high\" decoding=\"async\" class=\"aligncenter wp-image-5926\" src=\"https:\/\/mountlaser.com\/wp-content\/uploads\/2025\/12\/GFZ4\u9ed1.webp\" alt=\"GFZ4 Diagonal Eyepiece\" width=\"500\" height=\"500\" srcset=\"https:\/\/mountlaser.com\/wp-content\/uploads\/2025\/12\/GFZ4\u9ed1.webp 1000w, https:\/\/mountlaser.com\/wp-content\/uploads\/2025\/12\/GFZ4\u9ed1-300x300.webp 300w, https:\/\/mountlaser.com\/wp-content\/uploads\/2025\/12\/GFZ4\u9ed1-150x150.webp 150w, https:\/\/mountlaser.com\/wp-content\/uploads\/2025\/12\/GFZ4\u9ed1-768x768.webp 768w, https:\/\/mountlaser.com\/wp-content\/uploads\/2025\/12\/GFZ4\u9ed1-12x12.webp 12w, https:\/\/mountlaser.com\/wp-content\/uploads\/2025\/12\/GFZ4\u9ed1-600x600.webp 600w, https:\/\/mountlaser.com\/wp-content\/uploads\/2025\/12\/GFZ4\u9ed1-800x800.webp 800w, https:\/\/mountlaser.com\/wp-content\/uploads\/2025\/12\/GFZ4\u9ed1-400x400.webp 400w\" sizes=\"(max-width: 500px) 100vw, 500px\" \/><\/p>\n<p>Qu\u2019il s\u2019agisse de mesures de routine ou de missions topographiques de longue dur\u00e9e, le <a href=\"https:\/\/mountlaser.com\/fr_fr\/contact-us\/\"><strong data-start=\"865\" data-end=\"891\">Oculaire diagonal GFZ4<\/strong><\/a> offre une solution fiable et ergonomique, ce qui en fait un oculaire diagonal essentiel pour les applications de station totale.<\/p>","protected":false},"excerpt":{"rendered":"<ul>\n<li>Am\u00e9liore l&#039;ergonomie visuelle en modifiant l&#039;angle d&#039;observation<\/li>\n<li>R\u00e9duit la fatigue de l&#039;op\u00e9rateur lors des longues s\u00e9ances de lev\u00e9s topographiques<\/li>\n<li>La fixation par vis assure un montage ferme et pr\u00e9cis<\/li>\n<li>Compatible avec les instruments de station totale suisses<\/li>\n<li>Disponible en vert et en noir<\/li>\n<\/ul>","protected":false},"featured_media":5931,"comment_status":"open","ping_status":"closed","template":"","meta":[],"product_brand":[],"product_cat":[166,79],"product_tag":[],"class_list":{"0":"post-5934","1":"product","2":"type-product","3":"status-publish","4":"has-post-thumbnail","6":"product_cat-diagonal-eyepiece","7":"product_cat-surveying-accessory","9":"first","10":"instock","11":"shipping-taxable","12":"product-type-simple"},"_links":{"self":[{"href":"https:\/\/mountlaser.com\/fr_fr\/wp-json\/wp\/v2\/product\/5934","targetHints":{"allow":["GET"]}}],"collection":[{"href":"https:\/\/mountlaser.com\/fr_fr\/wp-json\/wp\/v2\/product"}],"about":[{"href":"https:\/\/mountlaser.com\/fr_fr\/wp-json\/wp\/v2\/types\/product"}],"replies":[{"embeddable":true,"href":"https:\/\/mountlaser.com\/fr_fr\/wp-json\/wp\/v2\/comments?post=5934"}],"wp:featuredmedia":[{"embeddable":true,"href":"https:\/\/mountlaser.com\/fr_fr\/wp-json\/wp\/v2\/media\/5931"}],"wp:attachment":[{"href":"https:\/\/mountlaser.com\/fr_fr\/wp-json\/wp\/v2\/media?parent=5934"}],"wp:term":[{"taxonomy":"product_brand","embeddable":true,"href":"https:\/\/mountlaser.com\/fr_fr\/wp-json\/wp\/v2\/product_brand?post=5934"},{"taxonomy":"product_cat","embeddable":true,"href":"https:\/\/mountlaser.com\/fr_fr\/wp-json\/wp\/v2\/product_cat?post=5934"},{"taxonomy":"product_tag","embeddable":true,"href":"https:\/\/mountlaser.com\/fr_fr\/wp-json\/wp\/v2\/product_tag?post=5934"}],"curies":[{"name":"wp","href":"https:\/\/api.w.org\/{rel}","templated":true}]}}