{"id":5918,"date":"2025-12-15T09:06:43","date_gmt":"2025-12-15T09:06:43","guid":{"rendered":"https:\/\/mountlaser.com\/?post_type=product&#038;p=5918"},"modified":"2025-12-15T09:09:10","modified_gmt":"2025-12-15T09:09:10","slug":"de20-diagonal-eyepiece","status":"publish","type":"product","link":"https:\/\/mountlaser.com\/fr_fr\/produit\/de20-diagonal-eyepiece\/","title":{"rendered":"Oculaire diagonal DE20"},"content":{"rendered":"<p>Am\u00e9liorez le confort et la pr\u00e9cision de votre travail de terrain avec le Mountlaser <a href=\"https:\/\/mountlaser.com\/fr_fr\/\">Oculaire diagonal DE20<\/a>. Cet accessoire indispensable est con\u00e7u pour s&#039;int\u00e9grer parfaitement \u00e0 votre station totale, offrant une solution de visualisation optimale pour les mesures complexes. <strong><a href=\"https:\/\/mountlaser.com\/fr_fr\/\">Oculaire diagonal pour station totale<\/a><\/strong>, Le mod\u00e8le DE20 transforme votre flux de travail en permettant une posture d&#039;observation plus ergonomique.<\/p>\n<p>La fonction premi\u00e8re de cet oculaire coud\u00e9 de haute qualit\u00e9 pour station totale est de r\u00e9duire les douleurs cervicales et dorsales de l&#039;op\u00e9rateur. Gr\u00e2ce \u00e0 son angle de vision de 45 degr\u00e9s, il \u00e9vite d&#039;adopter des positions inconfortables lors de la vis\u00e9e \u00e0 travers le t\u00e9lescope. Cette conception ergonomique contribue directement \u00e0 une meilleure concentration et \u00e0 une fatigue r\u00e9duite pendant les longues sessions de lev\u00e9s, permettant ainsi une collecte de donn\u00e9es plus fiable et plus homog\u00e8ne.<\/p>\n<p><img fetchpriority=\"high\" decoding=\"async\" class=\"aligncenter wp-image-5920\" src=\"https:\/\/mountlaser.com\/wp-content\/uploads\/2025\/12\/DE202.webp\" alt=\"Total Station Angled Eyepiece\" width=\"500\" height=\"500\" srcset=\"https:\/\/mountlaser.com\/wp-content\/uploads\/2025\/12\/DE202.webp 1000w, https:\/\/mountlaser.com\/wp-content\/uploads\/2025\/12\/DE202-300x300.webp 300w, https:\/\/mountlaser.com\/wp-content\/uploads\/2025\/12\/DE202-150x150.webp 150w, https:\/\/mountlaser.com\/wp-content\/uploads\/2025\/12\/DE202-768x768.webp 768w, https:\/\/mountlaser.com\/wp-content\/uploads\/2025\/12\/DE202-12x12.webp 12w, https:\/\/mountlaser.com\/wp-content\/uploads\/2025\/12\/DE202-600x600.webp 600w, https:\/\/mountlaser.com\/wp-content\/uploads\/2025\/12\/DE202-800x800.webp 800w, https:\/\/mountlaser.com\/wp-content\/uploads\/2025\/12\/DE202-400x400.webp 400w\" sizes=\"(max-width: 500px) 100vw, 500px\" \/><\/p>\n<p>Con\u00e7u sp\u00e9cifiquement pour une compatibilit\u00e9 optimale, cet oculaire diagonal pour station totale est parfaitement adapt\u00e9 aux mod\u00e8les LDT suivants\u00a0: 302, 302L, 402E, 402EL, 402A et 402AL. Sa fabrication de pr\u00e9cision garantit un maintien s\u00fbr et pr\u00e9serve l\u2019int\u00e9grit\u00e9 optique de votre instrument.<\/p>\n<p>&nbsp;<\/p>\n<p>&nbsp;<\/p>","protected":false},"excerpt":{"rendered":"<ul>\n<li>L&#039;oculaire diagonal Mountlaser DE20 est une am\u00e9lioration essentielle pour tout g\u00e9om\u00e8tre.<\/li>\n<li>L&#039;oculaire coud\u00e9 pour station totale allie avec brio confort ergonomique et pr\u00e9cision optique, r\u00e9pondant ainsi directement \u00e0 un probl\u00e8me physique courant sur le terrain.<\/li>\n<li>En offrant un angle de vision plus naturel, il contribue \u00e0 pr\u00e9venir la fatigue, \u00e0 minimiser les erreurs et \u00e0 am\u00e9liorer la productivit\u00e9 globale.<\/li>\n<\/ul>","protected":false},"featured_media":5919,"comment_status":"open","ping_status":"closed","template":"","meta":[],"product_brand":[],"product_cat":[144,166,79,95],"product_tag":[],"class_list":{"0":"post-5918","1":"product","2":"type-product","3":"status-publish","4":"has-post-thumbnail","6":"product_cat-theodoliteagent-sales","7":"product_cat-diagonal-eyepiece","8":"product_cat-surveying-accessory","9":"product_cat-agent-sales","11":"first","12":"instock","13":"shipping-taxable","14":"product-type-simple"},"_links":{"self":[{"href":"https:\/\/mountlaser.com\/fr_fr\/wp-json\/wp\/v2\/product\/5918","targetHints":{"allow":["GET"]}}],"collection":[{"href":"https:\/\/mountlaser.com\/fr_fr\/wp-json\/wp\/v2\/product"}],"about":[{"href":"https:\/\/mountlaser.com\/fr_fr\/wp-json\/wp\/v2\/types\/product"}],"replies":[{"embeddable":true,"href":"https:\/\/mountlaser.com\/fr_fr\/wp-json\/wp\/v2\/comments?post=5918"}],"wp:featuredmedia":[{"embeddable":true,"href":"https:\/\/mountlaser.com\/fr_fr\/wp-json\/wp\/v2\/media\/5919"}],"wp:attachment":[{"href":"https:\/\/mountlaser.com\/fr_fr\/wp-json\/wp\/v2\/media?parent=5918"}],"wp:term":[{"taxonomy":"product_brand","embeddable":true,"href":"https:\/\/mountlaser.com\/fr_fr\/wp-json\/wp\/v2\/product_brand?post=5918"},{"taxonomy":"product_cat","embeddable":true,"href":"https:\/\/mountlaser.com\/fr_fr\/wp-json\/wp\/v2\/product_cat?post=5918"},{"taxonomy":"product_tag","embeddable":true,"href":"https:\/\/mountlaser.com\/fr_fr\/wp-json\/wp\/v2\/product_tag?post=5918"}],"curies":[{"name":"wp","href":"https:\/\/api.w.org\/{rel}","templated":true}]}}