{"id":5916,"date":"2025-12-15T08:42:46","date_gmt":"2025-12-15T08:42:46","guid":{"rendered":"https:\/\/mountlaser.com\/?post_type=product&#038;p=5916"},"modified":"2025-12-15T08:42:46","modified_gmt":"2025-12-15T08:42:46","slug":"sc85014-soft-case","status":"publish","type":"product","link":"https:\/\/mountlaser.com\/fr_fr\/produit\/sc85014-soft-case\/","title":{"rendered":"\u00c9tui souple SC85014"},"content":{"rendered":"<p data-start=\"114\" data-end=\"603\">Le <a href=\"https:\/\/mountlaser.com\/fr_fr\/\"><strong data-start=\"118\" data-end=\"139\">\u00c9tui souple SC85014<\/strong><\/a> est compact et fiable <a href=\"https:\/\/mountlaser.com\/fr_fr\/categorie-produit\/surveying-accessory\/\"><strong data-start=\"166\" data-end=\"180\">Sac pour tr\u00e9pied<\/strong><\/a> Con\u00e7ue pour transporter et ranger en toute s\u00e9curit\u00e9 les tr\u00e9pieds de topographie, la housse souple SC85014 est compatible avec la plupart des tr\u00e9pieds des grandes marques. Fabriqu\u00e9e en fibre r\u00e9sistante, elle est dot\u00e9e d&#039;un fond renforc\u00e9 imperm\u00e9able et r\u00e9sistant \u00e0 l&#039;abrasion, offrant une protection fiable au quotidien sur le terrain. Pratique, cette housse est id\u00e9ale pour les g\u00e9om\u00e8tres et les professionnels du BTP qui recherchent une solution de transport l\u00e9g\u00e8re et protectrice.<\/p>\n<p data-start=\"114\" data-end=\"603\"><img fetchpriority=\"high\" decoding=\"async\" class=\"aligncenter wp-image-5914\" src=\"https:\/\/mountlaser.com\/wp-content\/uploads\/2025\/12\/SC85013-14.webp\" alt=\"SC85014 Soft Case\" width=\"500\" height=\"500\" srcset=\"https:\/\/mountlaser.com\/wp-content\/uploads\/2025\/12\/SC85013-14.webp 1000w, https:\/\/mountlaser.com\/wp-content\/uploads\/2025\/12\/SC85013-14-300x300.webp 300w, https:\/\/mountlaser.com\/wp-content\/uploads\/2025\/12\/SC85013-14-150x150.webp 150w, https:\/\/mountlaser.com\/wp-content\/uploads\/2025\/12\/SC85013-14-768x768.webp 768w, https:\/\/mountlaser.com\/wp-content\/uploads\/2025\/12\/SC85013-14-12x12.webp 12w, https:\/\/mountlaser.com\/wp-content\/uploads\/2025\/12\/SC85013-14-600x600.webp 600w, https:\/\/mountlaser.com\/wp-content\/uploads\/2025\/12\/SC85013-14-800x800.webp 800w, https:\/\/mountlaser.com\/wp-content\/uploads\/2025\/12\/SC85013-14-400x400.webp 400w\" sizes=\"(max-width: 500px) 100vw, 500px\" \/><\/p>\n<p data-start=\"605\" data-end=\"1003\">Dot\u00e9 d&#039;une fermeture \u00e0 cordon s\u00e9curis\u00e9e, l&#039;\u00e9tui souple SC85014 permet un acc\u00e8s rapide tout en prot\u00e9geant le tr\u00e9pied de la poussi\u00e8re, de l&#039;humidit\u00e9 et des chocs mineurs. D&#039;une longueur de 90 cm, cet \u00e9tui est parfaitement adapt\u00e9 aux tr\u00e9pieds courts ou compacts. Que ce soit pour le transport ou le rangement, <a href=\"https:\/\/mountlaser.com\/fr_fr\/about-us\/\"><strong data-start=\"913\" data-end=\"934\">\u00c9tui souple SC85014<\/strong><\/a> offre durabilit\u00e9, commodit\u00e9 et protection de qualit\u00e9 professionnelle.<\/p>","protected":false},"excerpt":{"rendered":"<ul>\n<li>Mati\u00e8re : Fibre r\u00e9sistante avec fond renforc\u00e9<\/li>\n<li>Longueur : 90 cm<\/li>\n<li>Application : Transport et stockage s\u00e9curis\u00e9s des tr\u00e9pieds d&#039;instruments<\/li>\n<li>Fermeture \u00e0 cordon pour un acc\u00e8s rapide et un rangement s\u00e9curis\u00e9<\/li>\n<li>Prot\u00e8ge les tr\u00e9pieds de la poussi\u00e8re, de l&#039;humidit\u00e9 et de l&#039;abrasion<\/li>\n<li>Fond renforc\u00e9 et \u00e9tanche pour une durabilit\u00e9 accrue<\/li>\n<\/ul>","protected":false},"featured_media":5914,"comment_status":"open","ping_status":"closed","template":"","meta":[],"product_brand":[],"product_cat":[164,79],"product_tag":[],"class_list":{"0":"post-5916","1":"product","2":"type-product","3":"status-publish","4":"has-post-thumbnail","6":"product_cat-soft-case","7":"product_cat-surveying-accessory","9":"first","10":"instock","11":"shipping-taxable","12":"product-type-simple"},"_links":{"self":[{"href":"https:\/\/mountlaser.com\/fr_fr\/wp-json\/wp\/v2\/product\/5916","targetHints":{"allow":["GET"]}}],"collection":[{"href":"https:\/\/mountlaser.com\/fr_fr\/wp-json\/wp\/v2\/product"}],"about":[{"href":"https:\/\/mountlaser.com\/fr_fr\/wp-json\/wp\/v2\/types\/product"}],"replies":[{"embeddable":true,"href":"https:\/\/mountlaser.com\/fr_fr\/wp-json\/wp\/v2\/comments?post=5916"}],"wp:featuredmedia":[{"embeddable":true,"href":"https:\/\/mountlaser.com\/fr_fr\/wp-json\/wp\/v2\/media\/5914"}],"wp:attachment":[{"href":"https:\/\/mountlaser.com\/fr_fr\/wp-json\/wp\/v2\/media?parent=5916"}],"wp:term":[{"taxonomy":"product_brand","embeddable":true,"href":"https:\/\/mountlaser.com\/fr_fr\/wp-json\/wp\/v2\/product_brand?post=5916"},{"taxonomy":"product_cat","embeddable":true,"href":"https:\/\/mountlaser.com\/fr_fr\/wp-json\/wp\/v2\/product_cat?post=5916"},{"taxonomy":"product_tag","embeddable":true,"href":"https:\/\/mountlaser.com\/fr_fr\/wp-json\/wp\/v2\/product_tag?post=5916"}],"curies":[{"name":"wp","href":"https:\/\/api.w.org\/{rel}","templated":true}]}}