{"id":5913,"date":"2025-12-15T08:35:54","date_gmt":"2025-12-15T08:35:54","guid":{"rendered":"https:\/\/mountlaser.com\/?post_type=product&#038;p=5913"},"modified":"2025-12-15T08:35:54","modified_gmt":"2025-12-15T08:35:54","slug":"sc85013-soft-case","status":"publish","type":"product","link":"https:\/\/mountlaser.com\/fr_fr\/produit\/sc85013-soft-case\/","title":{"rendered":"\u00c9tui souple SC85013"},"content":{"rendered":"<p data-start=\"111\" data-end=\"599\">Le <a href=\"https:\/\/mountlaser.com\/fr_fr\/\"><strong data-start=\"115\" data-end=\"136\">\u00c9tui souple SC85013<\/strong><\/a> Le sac pour tr\u00e9pied SC85013 est un mod\u00e8le professionnel con\u00e7u pour transporter et ranger en toute s\u00e9curit\u00e9 les tr\u00e9pieds de topographie dans des conditions de terrain difficiles. Compatible avec la plupart des tr\u00e9pieds des grandes marques, cet \u00e9tui souple est fabriqu\u00e9 en fibre r\u00e9sistante et poss\u00e8de un fond renforc\u00e9 imperm\u00e9able et r\u00e9sistant \u00e0 l&#039;abrasion pour une protection durable. <a href=\"https:\/\/mountlaser.com\/fr_fr\/categorie-produit\/surveying-accessory\/\"><strong data-start=\"475\" data-end=\"489\">Sac pour tr\u00e9pied<\/strong> <\/a>est id\u00e9al pour les g\u00e9om\u00e8tres, les ing\u00e9nieurs et les professionnels de la construction qui ont besoin d&#039;un transport d&#039;\u00e9quipement fiable.<\/p>\n<p data-start=\"111\" data-end=\"599\"><img fetchpriority=\"high\" decoding=\"async\" class=\"aligncenter wp-image-5914\" src=\"https:\/\/mountlaser.com\/wp-content\/uploads\/2025\/12\/SC85013-14.webp\" alt=\"SC85013 Soft Case\" width=\"500\" height=\"500\" srcset=\"https:\/\/mountlaser.com\/wp-content\/uploads\/2025\/12\/SC85013-14.webp 1000w, https:\/\/mountlaser.com\/wp-content\/uploads\/2025\/12\/SC85013-14-300x300.webp 300w, https:\/\/mountlaser.com\/wp-content\/uploads\/2025\/12\/SC85013-14-150x150.webp 150w, https:\/\/mountlaser.com\/wp-content\/uploads\/2025\/12\/SC85013-14-768x768.webp 768w, https:\/\/mountlaser.com\/wp-content\/uploads\/2025\/12\/SC85013-14-12x12.webp 12w, https:\/\/mountlaser.com\/wp-content\/uploads\/2025\/12\/SC85013-14-600x600.webp 600w, https:\/\/mountlaser.com\/wp-content\/uploads\/2025\/12\/SC85013-14-800x800.webp 800w, https:\/\/mountlaser.com\/wp-content\/uploads\/2025\/12\/SC85013-14-400x400.webp 400w\" sizes=\"(max-width: 500px) 100vw, 500px\" \/><\/p>\n<p data-start=\"601\" data-end=\"1053\">Dot\u00e9 d&#039;une fermeture s\u00e9curis\u00e9e par cordon de serrage, l&#039;\u00e9tui souple SC85013 permet un acc\u00e8s rapide tout en prot\u00e9geant le tr\u00e9pied de la poussi\u00e8re, de l&#039;humidit\u00e9 et des chocs. Ce sac pour tr\u00e9pied polyvalent est disponible en 120 cm (SC85013), ce qui le rend adapt\u00e9 aux tr\u00e9pieds plus longs utilis\u00e9s en topographie professionnelle. Que ce soit pour le rangement ou le transport, cet \u00e9tui est id\u00e9al. <a href=\"https:\/\/mountlaser.com\/fr_fr\/about-us\/\">Sac pour tr\u00e9pied<\/a> offre une solution efficace pour prolonger la dur\u00e9e de vie des tr\u00e9pieds et am\u00e9liorer l&#039;efficacit\u00e9 sur les chantiers.<\/p>","protected":false},"excerpt":{"rendered":"<ul>\n<li>Mat\u00e9riau : Corps en fibre r\u00e9sistante avec fond renforc\u00e9<\/li>\n<li>Fermeture : Cordon de serrage<\/li>\n<li>Longueur : 120 cm<\/li>\n<li>Application : Transport et rangement s\u00e9curis\u00e9s des tr\u00e9pieds d&#039;instruments<\/li>\n<li>Prot\u00e8ge les tr\u00e9pieds de la poussi\u00e8re, de l&#039;humidit\u00e9 et de l&#039;abrasion<\/li>\n<li>Fond renforc\u00e9 et \u00e9tanche pour les conditions de chantier difficiles<\/li>\n<\/ul>","protected":false},"featured_media":5915,"comment_status":"open","ping_status":"closed","template":"","meta":[],"product_brand":[],"product_cat":[164,79],"product_tag":[],"class_list":{"0":"post-5913","1":"product","2":"type-product","3":"status-publish","4":"has-post-thumbnail","6":"product_cat-soft-case","7":"product_cat-surveying-accessory","9":"first","10":"instock","11":"shipping-taxable","12":"product-type-simple"},"_links":{"self":[{"href":"https:\/\/mountlaser.com\/fr_fr\/wp-json\/wp\/v2\/product\/5913","targetHints":{"allow":["GET"]}}],"collection":[{"href":"https:\/\/mountlaser.com\/fr_fr\/wp-json\/wp\/v2\/product"}],"about":[{"href":"https:\/\/mountlaser.com\/fr_fr\/wp-json\/wp\/v2\/types\/product"}],"replies":[{"embeddable":true,"href":"https:\/\/mountlaser.com\/fr_fr\/wp-json\/wp\/v2\/comments?post=5913"}],"wp:featuredmedia":[{"embeddable":true,"href":"https:\/\/mountlaser.com\/fr_fr\/wp-json\/wp\/v2\/media\/5915"}],"wp:attachment":[{"href":"https:\/\/mountlaser.com\/fr_fr\/wp-json\/wp\/v2\/media?parent=5913"}],"wp:term":[{"taxonomy":"product_brand","embeddable":true,"href":"https:\/\/mountlaser.com\/fr_fr\/wp-json\/wp\/v2\/product_brand?post=5913"},{"taxonomy":"product_cat","embeddable":true,"href":"https:\/\/mountlaser.com\/fr_fr\/wp-json\/wp\/v2\/product_cat?post=5913"},{"taxonomy":"product_tag","embeddable":true,"href":"https:\/\/mountlaser.com\/fr_fr\/wp-json\/wp\/v2\/product_tag?post=5913"}],"curies":[{"name":"wp","href":"https:\/\/api.w.org\/{rel}","templated":true}]}}