{"id":5912,"date":"2025-12-15T08:11:11","date_gmt":"2025-12-15T08:11:11","guid":{"rendered":"https:\/\/mountlaser.com\/?post_type=product&#038;p=5912"},"modified":"2025-12-15T08:11:12","modified_gmt":"2025-12-15T08:11:12","slug":"sc-ta02-soft-case","status":"publish","type":"product","link":"https:\/\/mountlaser.com\/fr_fr\/produit\/sc-ta02-soft-case\/","title":{"rendered":"\u00c9tui souple SC-TA02"},"content":{"rendered":"<p data-start=\"111\" data-end=\"598\">Le <a href=\"https:\/\/mountlaser.com\/fr_fr\/\"><strong data-start=\"115\" data-end=\"136\">\u00c9tui souple SC-TA02<\/strong><\/a> est durable et pratique <a href=\"https:\/\/mountlaser.com\/fr_fr\/categorie-produit\/surveying-accessory\/\"><strong data-start=\"164\" data-end=\"209\">\u00c9tui souple carr\u00e9 pour tribrach et adaptateur<\/strong><\/a>, Con\u00e7ue sp\u00e9cialement pour prot\u00e9ger les accessoires de topographie de pr\u00e9cision lors du transport et du stockage, la housse souple SC-TA02 allie s\u00e9curit\u00e9, robustesse et professionnalisme. Son ext\u00e9rieur jaune haute visibilit\u00e9, ses sangles noires et son int\u00e9rieur noir protecteur en font un accessoire id\u00e9al pour une utilisation quotidienne sur le terrain. Sa forme carr\u00e9e assure un maintien pr\u00e9cis des tribrachs et des adaptateurs, minimisant ainsi leurs mouvements \u00e0 l&#039;int\u00e9rieur de la housse.<\/p>\n<p data-start=\"111\" data-end=\"598\"><img fetchpriority=\"high\" decoding=\"async\" class=\"aligncenter wp-image-5767\" src=\"https:\/\/mountlaser.com\/wp-content\/uploads\/2025\/12\/SC-TA026.webp\" alt=\"SC-TA02 soft case\" width=\"500\" height=\"500\" srcset=\"https:\/\/mountlaser.com\/wp-content\/uploads\/2025\/12\/SC-TA026.webp 1000w, https:\/\/mountlaser.com\/wp-content\/uploads\/2025\/12\/SC-TA026-300x300.webp 300w, https:\/\/mountlaser.com\/wp-content\/uploads\/2025\/12\/SC-TA026-150x150.webp 150w, https:\/\/mountlaser.com\/wp-content\/uploads\/2025\/12\/SC-TA026-768x768.webp 768w, https:\/\/mountlaser.com\/wp-content\/uploads\/2025\/12\/SC-TA026-12x12.webp 12w, https:\/\/mountlaser.com\/wp-content\/uploads\/2025\/12\/SC-TA026-600x600.webp 600w, https:\/\/mountlaser.com\/wp-content\/uploads\/2025\/12\/SC-TA026-800x800.webp 800w, https:\/\/mountlaser.com\/wp-content\/uploads\/2025\/12\/SC-TA026-400x400.webp 400w\" sizes=\"(max-width: 500px) 100vw, 500px\" \/><\/p>\n<p data-start=\"600\" data-end=\"1053\">Dot\u00e9 d&#039;une ouverture zipp\u00e9e sur le dessus, l&#039;\u00e9tui souple SC-TA02 permet un acc\u00e8s rapide et facile \u00e0 l&#039;\u00e9quipement tout en assurant une fermeture s\u00e9curis\u00e9e. Cet \u00e9tui souple carr\u00e9 et fiable pour tribrach et adaptateur prot\u00e8ge efficacement contre la poussi\u00e8re, les rayures et les chocs l\u00e9gers. Que ce soit sur les chantiers ou lors du transport, cet \u00e9tui est id\u00e9al. <a href=\"https:\/\/mountlaser.com\/fr_fr\/contact-us\/\">\u00c9tui souple carr\u00e9 pour tribrach et adaptateur<\/a> offre une protection fiable et prolonge la dur\u00e9e de vie de vos outils de topographie.<\/p>","protected":false},"excerpt":{"rendered":"<ul>\n<li>Type : \u00c9tui souple carr\u00e9 pour tribrach et adaptateur<\/li>\n<li>Conception : Forme carr\u00e9e pour un placement stable de l&#039;\u00e9quipement<\/li>\n<li>Ext\u00e9rieur : Coque jaune avec sangles noires pour une haute visibilit\u00e9<\/li>\n<li>Prot\u00e8ge les tribrachs et les adaptateurs de la poussi\u00e8re, des rayures et des chocs mineurs<\/li>\n<li>Permet de maintenir le mat\u00e9riel organis\u00e9 et en s\u00e9curit\u00e9 pendant le transport<\/li>\n<li>Permet un acc\u00e8s rapide gr\u00e2ce \u00e0 sa fermeture \u00e9clair sup\u00e9rieure r\u00e9sistante.<\/li>\n<\/ul>","protected":false},"featured_media":5767,"comment_status":"open","ping_status":"closed","template":"","meta":[],"product_brand":[],"product_cat":[164,79],"product_tag":[],"class_list":{"0":"post-5912","1":"product","2":"type-product","3":"status-publish","4":"has-post-thumbnail","6":"product_cat-soft-case","7":"product_cat-surveying-accessory","9":"first","10":"instock","11":"shipping-taxable","12":"product-type-simple"},"_links":{"self":[{"href":"https:\/\/mountlaser.com\/fr_fr\/wp-json\/wp\/v2\/product\/5912","targetHints":{"allow":["GET"]}}],"collection":[{"href":"https:\/\/mountlaser.com\/fr_fr\/wp-json\/wp\/v2\/product"}],"about":[{"href":"https:\/\/mountlaser.com\/fr_fr\/wp-json\/wp\/v2\/types\/product"}],"replies":[{"embeddable":true,"href":"https:\/\/mountlaser.com\/fr_fr\/wp-json\/wp\/v2\/comments?post=5912"}],"wp:featuredmedia":[{"embeddable":true,"href":"https:\/\/mountlaser.com\/fr_fr\/wp-json\/wp\/v2\/media\/5767"}],"wp:attachment":[{"href":"https:\/\/mountlaser.com\/fr_fr\/wp-json\/wp\/v2\/media?parent=5912"}],"wp:term":[{"taxonomy":"product_brand","embeddable":true,"href":"https:\/\/mountlaser.com\/fr_fr\/wp-json\/wp\/v2\/product_brand?post=5912"},{"taxonomy":"product_cat","embeddable":true,"href":"https:\/\/mountlaser.com\/fr_fr\/wp-json\/wp\/v2\/product_cat?post=5912"},{"taxonomy":"product_tag","embeddable":true,"href":"https:\/\/mountlaser.com\/fr_fr\/wp-json\/wp\/v2\/product_tag?post=5912"}],"curies":[{"name":"wp","href":"https:\/\/api.w.org\/{rel}","templated":true}]}}