{"id":5905,"date":"2025-12-15T07:34:40","date_gmt":"2025-12-15T07:34:40","guid":{"rendered":"https:\/\/mountlaser.com\/?post_type=product&#038;p=5905"},"modified":"2025-12-15T07:34:40","modified_gmt":"2025-12-15T07:34:40","slug":"hc-tm30-hard-case","status":"publish","type":"product","link":"https:\/\/mountlaser.com\/fr_fr\/produit\/hc-tm30-hard-case\/","title":{"rendered":"\u00c9tui rigide HC-TM30"},"content":{"rendered":"<p>Le <!--StartFragment --><a href=\"https:\/\/mountlaser.com\/fr_fr\/\"><strong><span class=\"cf0\">\u00c9tui rigide HC-TM30<\/span><\/strong><\/a><!--EndFragment -->\u00a0est robuste et professionnel <a href=\"https:\/\/mountlaser.com\/fr_fr\/categorie-produit\/surveying-accessory\/\"><strong>\u00c9tui de transport en plastique<\/strong><\/a> Con\u00e7ue sp\u00e9cifiquement pour prot\u00e9ger les stations totales suisses TM30 et TM50 lors du transport et du stockage, la mallette rigide HC-TM30 est dot\u00e9e d&#039;une coque ext\u00e9rieure rouge r\u00e9sistante et d&#039;un int\u00e9rieur noir absorbant les chocs. Elle assure ainsi la s\u00e9curit\u00e9 et la protection optimales de votre instrument de pr\u00e9cision, m\u00eame dans des conditions de terrain difficiles. Sa construction robuste en plastique, associ\u00e9e \u00e0 un loquet de verrouillage en m\u00e9tal argent\u00e9, garantit \u00e0 la fois durabilit\u00e9 et fiabilit\u00e9.<\/p>\n<p><img fetchpriority=\"high\" decoding=\"async\" class=\"aligncenter wp-image-5910\" src=\"https:\/\/mountlaser.com\/wp-content\/uploads\/2025\/12\/HC-TM305.webp\" alt=\"HC-TM30 Hard Case\" width=\"500\" height=\"500\" srcset=\"https:\/\/mountlaser.com\/wp-content\/uploads\/2025\/12\/HC-TM305.webp 1000w, https:\/\/mountlaser.com\/wp-content\/uploads\/2025\/12\/HC-TM305-300x300.webp 300w, https:\/\/mountlaser.com\/wp-content\/uploads\/2025\/12\/HC-TM305-150x150.webp 150w, https:\/\/mountlaser.com\/wp-content\/uploads\/2025\/12\/HC-TM305-768x768.webp 768w, https:\/\/mountlaser.com\/wp-content\/uploads\/2025\/12\/HC-TM305-12x12.webp 12w, https:\/\/mountlaser.com\/wp-content\/uploads\/2025\/12\/HC-TM305-600x600.webp 600w, https:\/\/mountlaser.com\/wp-content\/uploads\/2025\/12\/HC-TM305-800x800.webp 800w, https:\/\/mountlaser.com\/wp-content\/uploads\/2025\/12\/HC-TM305-400x400.webp 400w\" sizes=\"(max-width: 500px) 100vw, 500px\" \/><\/p>\n<p>Con\u00e7ue pour les g\u00e9om\u00e8tres professionnels, la valise rigide HC-TM30 offre une excellente r\u00e9sistance aux chocs, \u00e0 la poussi\u00e8re et \u00e0 l&#039;usure quotidienne. Fabriqu\u00e9e en plastique de haute qualit\u00e9, elle maintient fermement la station totale en place, r\u00e9duisant ainsi les mouvements et les risques de dommages. Que ce soit sur le terrain ou en transport, cette valise est id\u00e9ale. <a href=\"https:\/\/mountlaser.com\/fr_fr\/contact-us\/\">\u00c9tui de transport en plastique<\/a> assure une protection fiable et prolonge la dur\u00e9e de vie de votre pr\u00e9cieux \u00e9quipement.<\/p>","protected":false},"excerpt":{"rendered":"<ul>\n<li>Prot\u00e8ge les stations totales suisses TM30 et TM50 pendant le transport et le stockage<\/li>\n<li>Prot\u00e8ge contre les chocs, les rayures et les dommages accidentels<\/li>\n<li>Assure la stabilit\u00e9 et la s\u00e9curit\u00e9 de l&#039;\u00e9quipement gr\u00e2ce \u00e0 un syst\u00e8me de verrouillage renforc\u00e9.<\/li>\n<li>Compatibilit\u00e9 : Station totale suisse TM30 \/ TM50<\/li>\n<li>Ext\u00e9rieur : Coque rigide rouge pour une meilleure visibilit\u00e9 et une plus grande durabilit\u00e9<\/li>\n<li>Int\u00e9rieur : Doublure protectrice noire ajust\u00e9e avec pr\u00e9cision<\/li>\n<li>Verrouillage : Loquet en m\u00e9tal argent\u00e9 pour une fermeture s\u00e9curis\u00e9e<\/li>\n<\/ul>","protected":false},"featured_media":5909,"comment_status":"open","ping_status":"closed","template":"","meta":[],"product_brand":[],"product_cat":[163,79],"product_tag":[],"class_list":{"0":"post-5905","1":"product","2":"type-product","3":"status-publish","4":"has-post-thumbnail","6":"product_cat-hard-case","7":"product_cat-surveying-accessory","9":"first","10":"instock","11":"shipping-taxable","12":"product-type-simple"},"_links":{"self":[{"href":"https:\/\/mountlaser.com\/fr_fr\/wp-json\/wp\/v2\/product\/5905","targetHints":{"allow":["GET"]}}],"collection":[{"href":"https:\/\/mountlaser.com\/fr_fr\/wp-json\/wp\/v2\/product"}],"about":[{"href":"https:\/\/mountlaser.com\/fr_fr\/wp-json\/wp\/v2\/types\/product"}],"replies":[{"embeddable":true,"href":"https:\/\/mountlaser.com\/fr_fr\/wp-json\/wp\/v2\/comments?post=5905"}],"wp:featuredmedia":[{"embeddable":true,"href":"https:\/\/mountlaser.com\/fr_fr\/wp-json\/wp\/v2\/media\/5909"}],"wp:attachment":[{"href":"https:\/\/mountlaser.com\/fr_fr\/wp-json\/wp\/v2\/media?parent=5905"}],"wp:term":[{"taxonomy":"product_brand","embeddable":true,"href":"https:\/\/mountlaser.com\/fr_fr\/wp-json\/wp\/v2\/product_brand?post=5905"},{"taxonomy":"product_cat","embeddable":true,"href":"https:\/\/mountlaser.com\/fr_fr\/wp-json\/wp\/v2\/product_cat?post=5905"},{"taxonomy":"product_tag","embeddable":true,"href":"https:\/\/mountlaser.com\/fr_fr\/wp-json\/wp\/v2\/product_tag?post=5905"}],"curies":[{"name":"wp","href":"https:\/\/api.w.org\/{rel}","templated":true}]}}