{"id":5901,"date":"2025-12-15T07:01:26","date_gmt":"2025-12-15T07:01:26","guid":{"rendered":"https:\/\/mountlaser.com\/?post_type=product&#038;p=5901"},"modified":"2025-12-15T07:10:17","modified_gmt":"2025-12-15T07:10:17","slug":"sn06-surveying-nail","status":"publish","type":"product","link":"https:\/\/mountlaser.com\/fr_fr\/produit\/sn06-surveying-nail\/","title":{"rendered":"Clou d&#039;arpentage SN06"},"content":{"rendered":"<div>\n<p data-start=\"114\" data-end=\"619\">Le<a href=\"https:\/\/mountlaser.com\/fr_fr\/\"> <strong data-start=\"118\" data-end=\"141\">Clou d&#039;arpentage SN06<\/strong><\/a> Le clou de topographie SN06 est un outil robuste et professionnel con\u00e7u pour \u00e9tablir et identifier avec pr\u00e9cision des points de r\u00e9f\u00e9rence au sol, offrant une grande fiabilit\u00e9. Fabriqu\u00e9 en fer galvanis\u00e9 de haute qualit\u00e9, il garantit une excellente r\u00e9sistance \u00e0 la corrosion et une performance durable m\u00eame dans des environnements ext\u00e9rieurs exigeants. Sa t\u00eate plate et ronde lui conf\u00e8re une grande fiabilit\u00e9. <a href=\"https:\/\/mountlaser.com\/fr_fr\/categorie-produit\/surveying-accessory\/\"><strong data-start=\"510\" data-end=\"546\">Clou d&#039;arpenteur \u00e0 t\u00eate ronde plate<\/strong><\/a>, assurant une visibilit\u00e9 claire et un positionnement stable lors des op\u00e9rations sur le terrain.<\/p>\n<p data-start=\"621\" data-end=\"1151\">Largement utilis\u00e9 en topographie, en implantation de construction et en cartographie cadastrale, le clou de topographie SN06 offre un point de r\u00e9f\u00e9rence stable et durable pour les mesures critiques. Disponible en diam\u00e8tre de 8,8 mm et en longueurs de 55 mm et 100 mm, <a href=\"https:\/\/mountlaser.com\/fr_fr\/contact-us\/\">Clou d&#039;arpentage SN06<\/a> S&#039;adaptant facilement \u00e0 diff\u00e9rents types de terrains, ce clou de topographie professionnel \u00e0 t\u00eate ronde plate offre une installation ais\u00e9e, un ancrage ferme et un positionnement pr\u00e9cis, ce qui en fait un outil indispensable pour les g\u00e9om\u00e8tres exigeants en mati\u00e8re de pr\u00e9cision et de durabilit\u00e9.<\/p>\n<table style=\"border-collapse: collapse; width: 1002.02pt;\" border=\"0\" width=\"1336\" cellspacing=\"0\" cellpadding=\"0\">\n<tbody>\n<tr style=\"height: 14.25pt;\">\n<td class=\"et2\" style=\"height: 14.25pt; width: 127.50pt;\" width=\"170\" height=\"19\">NOMBRE<\/td>\n<td class=\"et3\" style=\"width: 196.50pt;\" width=\"262\">MAT\u00c9RIAU<\/td>\n<td class=\"et3\" style=\"width: 213.00pt;\" width=\"284\">DIAM\u00c8TRE D<\/td>\n<td class=\"et3\" style=\"width: 93.75pt;\" width=\"125\">TAILLE L<\/td>\n<td class=\"et3\" style=\"width: 170.25pt;\" width=\"227\">MOQ (pi\u00e8ces)<\/td>\n<td class=\"et4\" style=\"width: 201.00pt;\" width=\"268\">IMAGE<\/td>\n<\/tr>\n<tr style=\"height: 14.25pt;\">\n<td class=\"et5\" style=\"height: 14.25pt;\" height=\"19\">SN06-88055\/88100<\/td>\n<td class=\"et5\">Fer galvanis\u00e9<\/td>\n<td class=\"et5\">8,8 mm<\/td>\n<td class=\"et5\">55\/100 mm<\/td>\n<td class=\"et6\">1000<\/td>\n<td class=\"et7\"><img fetchpriority=\"high\" decoding=\"async\" class=\"alignnone wp-image-5904\" src=\"https:\/\/mountlaser.com\/wp-content\/uploads\/2025\/12\/SN063.webp\" alt=\"SN06 Surveying Nail\" width=\"500\" height=\"500\" srcset=\"https:\/\/mountlaser.com\/wp-content\/uploads\/2025\/12\/SN063.webp 1000w, https:\/\/mountlaser.com\/wp-content\/uploads\/2025\/12\/SN063-300x300.webp 300w, https:\/\/mountlaser.com\/wp-content\/uploads\/2025\/12\/SN063-150x150.webp 150w, https:\/\/mountlaser.com\/wp-content\/uploads\/2025\/12\/SN063-768x768.webp 768w, https:\/\/mountlaser.com\/wp-content\/uploads\/2025\/12\/SN063-12x12.webp 12w, https:\/\/mountlaser.com\/wp-content\/uploads\/2025\/12\/SN063-600x600.webp 600w, https:\/\/mountlaser.com\/wp-content\/uploads\/2025\/12\/SN063-800x800.webp 800w, https:\/\/mountlaser.com\/wp-content\/uploads\/2025\/12\/SN063-400x400.webp 400w\" sizes=\"(max-width: 500px) 100vw, 500px\" \/><\/td>\n<\/tr>\n<\/tbody>\n<\/table>\n<\/div>","protected":false},"excerpt":{"rendered":"<ul>\n<li>Mat\u00e9riau : Fer galvanis\u00e9 pour une r\u00e9sistance et une protection contre la corrosion optimales<\/li>\n<li>Conception \u00e0 t\u00eate ronde plate pour une meilleure visibilit\u00e9 et stabilit\u00e9<\/li>\n<li>Clou de topographie fiable \u00e0 t\u00eate ronde plate pour applications topographiques professionnelles<\/li>\n<\/ul>","protected":false},"featured_media":5902,"comment_status":"open","ping_status":"closed","template":"","meta":[],"product_brand":[],"product_cat":[152,79],"product_tag":[],"class_list":{"0":"post-5901","1":"product","2":"type-product","3":"status-publish","4":"has-post-thumbnail","6":"product_cat-surveying-marker","7":"product_cat-surveying-accessory","9":"first","10":"instock","11":"shipping-taxable","12":"product-type-simple"},"_links":{"self":[{"href":"https:\/\/mountlaser.com\/fr_fr\/wp-json\/wp\/v2\/product\/5901","targetHints":{"allow":["GET"]}}],"collection":[{"href":"https:\/\/mountlaser.com\/fr_fr\/wp-json\/wp\/v2\/product"}],"about":[{"href":"https:\/\/mountlaser.com\/fr_fr\/wp-json\/wp\/v2\/types\/product"}],"replies":[{"embeddable":true,"href":"https:\/\/mountlaser.com\/fr_fr\/wp-json\/wp\/v2\/comments?post=5901"}],"wp:featuredmedia":[{"embeddable":true,"href":"https:\/\/mountlaser.com\/fr_fr\/wp-json\/wp\/v2\/media\/5902"}],"wp:attachment":[{"href":"https:\/\/mountlaser.com\/fr_fr\/wp-json\/wp\/v2\/media?parent=5901"}],"wp:term":[{"taxonomy":"product_brand","embeddable":true,"href":"https:\/\/mountlaser.com\/fr_fr\/wp-json\/wp\/v2\/product_brand?post=5901"},{"taxonomy":"product_cat","embeddable":true,"href":"https:\/\/mountlaser.com\/fr_fr\/wp-json\/wp\/v2\/product_cat?post=5901"},{"taxonomy":"product_tag","embeddable":true,"href":"https:\/\/mountlaser.com\/fr_fr\/wp-json\/wp\/v2\/product_tag?post=5901"}],"curies":[{"name":"wp","href":"https:\/\/api.w.org\/{rel}","templated":true}]}}