{"id":5898,"date":"2025-12-15T06:23:18","date_gmt":"2025-12-15T06:23:18","guid":{"rendered":"https:\/\/mountlaser.com\/?post_type=product&#038;p=5898"},"modified":"2025-12-15T06:23:18","modified_gmt":"2025-12-15T06:23:18","slug":"sn05-surveying-nail","status":"publish","type":"product","link":"https:\/\/mountlaser.com\/fr_fr\/produit\/sn05-surveying-nail\/","title":{"rendered":"Clou d&#039;arpentage SN05"},"content":{"rendered":"<p data-start=\"117\" data-end=\"621\">Le <a href=\"https:\/\/mountlaser.com\/fr_fr\/\"><strong data-start=\"121\" data-end=\"144\">Clou d&#039;arpentage SN05<\/strong><\/a> Le clou de topographie SN05 est un marqueur durable et fiable, con\u00e7u pour \u00e9tablir et identifier avec pr\u00e9cision des points de r\u00e9f\u00e9rence au sol, garantissant une stabilit\u00e9 \u00e0 long terme. Fabriqu\u00e9 en fer galvanis\u00e9 de haute qualit\u00e9, il offre une excellente r\u00e9sistance \u00e0 la corrosion et une grande robustesse, ce qui le rend id\u00e9al pour les environnements de terrain exigeants. Sa tige annel\u00e9e assure une tenue sup\u00e9rieure, faisant de lui une solution de confiance pour les professionnels. <a href=\"https:\/\/mountlaser.com\/fr_fr\/categorie-produit\/surveying-accessory\/\"><strong data-start=\"582\" data-end=\"602\">clous \u00e0 tige annulaire<\/strong><\/a> utilis\u00e9 en topographie.<\/p>\n<p data-start=\"623\" data-end=\"1084\">Largement utilis\u00e9 en topographie, en implantation de construction et en cartographie cadastrale, le clou de topographie SN05 offre un point de r\u00e9f\u00e9rence stable et durable pour les mesures critiques. D&#039;un diam\u00e8tre de 6,0 mm et d&#039;une longueur de 45 mm, le clou de topographie SN05 est facile \u00e0 installer et garantit des performances fiables. De qualit\u00e9 professionnelle. <a href=\"https:\/\/mountlaser.com\/fr_fr\/about-us\/\">clous \u00e0 tige annulaire<\/a>, Ces rep\u00e8res limitent le desserrage au fil du temps et assurent un positionnement pr\u00e9cis quelles que soient les conditions du terrain.<\/p>\n<div>\n<table style=\"border-collapse: collapse; width: 1002.02pt;\" border=\"0\" width=\"1336\" cellspacing=\"0\" cellpadding=\"0\">\n<tbody>\n<tr style=\"height: 14.25pt;\">\n<td class=\"et2\" style=\"height: 14.25pt; width: 127.50pt;\" width=\"170\" height=\"19\">NOMBRE<\/td>\n<td class=\"et3\" style=\"width: 196.50pt;\" width=\"262\">MAT\u00c9RIAU<\/td>\n<td class=\"et3\" style=\"width: 213.00pt;\" width=\"284\">DIAM\u00c8TRE D<\/td>\n<td class=\"et3\" style=\"width: 93.75pt;\" width=\"125\">TAILLE L<\/td>\n<td class=\"et3\" style=\"width: 170.25pt;\" width=\"227\">MOQ (pi\u00e8ces)<\/td>\n<td class=\"et4\" style=\"width: 201.00pt;\" width=\"268\">IMAGE<\/td>\n<\/tr>\n<tr style=\"height: 14.25pt;\">\n<td class=\"et5\" style=\"height: 14.25pt;\" height=\"19\">SN05-60045<\/td>\n<td class=\"et5\">Fer galvanis\u00e9<\/td>\n<td class=\"et5\">6,0 mm<\/td>\n<td class=\"et5\">45 mm<\/td>\n<td class=\"et6\">1000<\/td>\n<td class=\"et7\"><img fetchpriority=\"high\" decoding=\"async\" class=\"alignnone wp-image-5899\" src=\"https:\/\/mountlaser.com\/wp-content\/uploads\/2025\/12\/SN051.webp\" alt=\"SN05 Surveying Nail\" width=\"500\" height=\"500\" srcset=\"https:\/\/mountlaser.com\/wp-content\/uploads\/2025\/12\/SN051.webp 1000w, https:\/\/mountlaser.com\/wp-content\/uploads\/2025\/12\/SN051-300x300.webp 300w, https:\/\/mountlaser.com\/wp-content\/uploads\/2025\/12\/SN051-150x150.webp 150w, https:\/\/mountlaser.com\/wp-content\/uploads\/2025\/12\/SN051-768x768.webp 768w, https:\/\/mountlaser.com\/wp-content\/uploads\/2025\/12\/SN051-12x12.webp 12w, https:\/\/mountlaser.com\/wp-content\/uploads\/2025\/12\/SN051-600x600.webp 600w, https:\/\/mountlaser.com\/wp-content\/uploads\/2025\/12\/SN051-800x800.webp 800w, https:\/\/mountlaser.com\/wp-content\/uploads\/2025\/12\/SN051-400x400.webp 400w\" sizes=\"(max-width: 500px) 100vw, 500px\" \/><\/td>\n<\/tr>\n<\/tbody>\n<\/table>\n<\/div>","protected":false},"excerpt":{"rendered":"<ul>\n<li>Mat\u00e9riau : Fer galvanis\u00e9 pour une durabilit\u00e9 et une r\u00e9sistance \u00e0 la corrosion optimales<\/li>\n<li>Conception de la tige annulaire pour une force de maintien accrue<\/li>\n<li>Fournit des points de r\u00e9f\u00e9rence stables pour des mesures pr\u00e9cises<\/li>\n<\/ul>","protected":false},"featured_media":5900,"comment_status":"open","ping_status":"closed","template":"","meta":[],"product_brand":[],"product_cat":[152,79],"product_tag":[],"class_list":{"0":"post-5898","1":"product","2":"type-product","3":"status-publish","4":"has-post-thumbnail","6":"product_cat-surveying-marker","7":"product_cat-surveying-accessory","9":"first","10":"instock","11":"shipping-taxable","12":"product-type-simple"},"_links":{"self":[{"href":"https:\/\/mountlaser.com\/fr_fr\/wp-json\/wp\/v2\/product\/5898","targetHints":{"allow":["GET"]}}],"collection":[{"href":"https:\/\/mountlaser.com\/fr_fr\/wp-json\/wp\/v2\/product"}],"about":[{"href":"https:\/\/mountlaser.com\/fr_fr\/wp-json\/wp\/v2\/types\/product"}],"replies":[{"embeddable":true,"href":"https:\/\/mountlaser.com\/fr_fr\/wp-json\/wp\/v2\/comments?post=5898"}],"wp:featuredmedia":[{"embeddable":true,"href":"https:\/\/mountlaser.com\/fr_fr\/wp-json\/wp\/v2\/media\/5900"}],"wp:attachment":[{"href":"https:\/\/mountlaser.com\/fr_fr\/wp-json\/wp\/v2\/media?parent=5898"}],"wp:term":[{"taxonomy":"product_brand","embeddable":true,"href":"https:\/\/mountlaser.com\/fr_fr\/wp-json\/wp\/v2\/product_brand?post=5898"},{"taxonomy":"product_cat","embeddable":true,"href":"https:\/\/mountlaser.com\/fr_fr\/wp-json\/wp\/v2\/product_cat?post=5898"},{"taxonomy":"product_tag","embeddable":true,"href":"https:\/\/mountlaser.com\/fr_fr\/wp-json\/wp\/v2\/product_tag?post=5898"}],"curies":[{"name":"wp","href":"https:\/\/api.w.org\/{rel}","templated":true}]}}