{"id":5895,"date":"2025-12-15T06:07:41","date_gmt":"2025-12-15T06:07:41","guid":{"rendered":"https:\/\/mountlaser.com\/?post_type=product&#038;p=5895"},"modified":"2025-12-15T06:07:41","modified_gmt":"2025-12-15T06:07:41","slug":"sn04-surveying-nail","status":"publish","type":"product","link":"https:\/\/mountlaser.com\/fr_fr\/produit\/sn04-surveying-nail\/","title":{"rendered":"Clou d&#039;arpentage SN04"},"content":{"rendered":"<p data-start=\"120\" data-end=\"577\">Le clou de topographie SN04 est un marqueur de topographie durable et fiable, con\u00e7u pour \u00e9tablir et identifier avec pr\u00e9cision des points de r\u00e9f\u00e9rence au sol sur le long terme. Fabriqu\u00e9 en fer galvanis\u00e9 de haute qualit\u00e9, <a href=\"https:\/\/mountlaser.com\/fr_fr\/\"><strong data-start=\"327\" data-end=\"350\">Clou d&#039;arpentage SN04<\/strong><\/a> offre une excellente r\u00e9sistance et une protection contre la corrosion, garantissant des performances fiables dans toutes les conditions sur le terrain. En tant que professionnel <a href=\"https:\/\/mountlaser.com\/fr_fr\/categorie-produit\/surveying-accessory\/\"><strong data-start=\"476\" data-end=\"499\">Arpentage de clous magn\u00e9tiques<\/strong><\/a> Ces solutions, ces marqueurs, sont reconnus pour leur capacit\u00e9 \u00e0 fournir une identification claire et stable du terrain.<\/p>\n<p data-start=\"579\" data-end=\"1031\">Largement utilis\u00e9 en topographie, en implantation de construction et en cartographie cadastrale, le clou de topographie SN04 offre un point de r\u00e9f\u00e9rence stable et durable pour les mesures critiques. D&#039;un diam\u00e8tre de 8,8 mm et d&#039;une longueur de 55 mm, <a href=\"https:\/\/mountlaser.com\/fr_fr\/about-us\/\">Clou d&#039;arpentage SN04<\/a> Faciles \u00e0 installer et tr\u00e8s visibles sur le terrain, ces produits de topographie Mag Nails sont con\u00e7us pour r\u00e9pondre aux exigences des professionnels. Ils garantissent une pr\u00e9cision constante, essentielle pour un marquage au sol fiable.<\/p>\n<div>\n<table style=\"border-collapse: collapse; width: 1002.02pt;\" border=\"0\" width=\"1336\" cellspacing=\"0\" cellpadding=\"0\">\n<tbody>\n<tr style=\"height: 14.25pt;\">\n<td class=\"et2\" style=\"height: 14.25pt; width: 127.50pt;\" width=\"170\" height=\"19\">NOMBRE<\/td>\n<td class=\"et3\" style=\"width: 196.50pt;\" width=\"262\">MAT\u00c9RIAU<\/td>\n<td class=\"et3\" style=\"width: 213.00pt;\" width=\"284\">DIAM\u00c8TRE D<\/td>\n<td class=\"et3\" style=\"width: 93.75pt;\" width=\"125\">TAILLE L<\/td>\n<td class=\"et3\" style=\"width: 170.25pt;\" width=\"227\">MOQ (pi\u00e8ces)<\/td>\n<td class=\"et4\" style=\"width: 201.00pt;\" width=\"268\">IMAGE<\/td>\n<\/tr>\n<tr style=\"height: 14.25pt;\">\n<td class=\"et5\" style=\"height: 14.25pt;\" height=\"19\">SN04-88055<\/td>\n<td class=\"et5\">Fer galvanis\u00e9<\/td>\n<td class=\"et5\">8,8 mm<\/td>\n<td class=\"et5\">55 mm<\/td>\n<td class=\"et6\">1000<\/td>\n<td class=\"et7\"><img fetchpriority=\"high\" decoding=\"async\" class=\"alignnone wp-image-5896\" src=\"https:\/\/mountlaser.com\/wp-content\/uploads\/2025\/12\/SN041.webp\" alt=\"SN04 Surveying Nail\" width=\"500\" height=\"500\" srcset=\"https:\/\/mountlaser.com\/wp-content\/uploads\/2025\/12\/SN041.webp 1000w, https:\/\/mountlaser.com\/wp-content\/uploads\/2025\/12\/SN041-300x300.webp 300w, https:\/\/mountlaser.com\/wp-content\/uploads\/2025\/12\/SN041-150x150.webp 150w, https:\/\/mountlaser.com\/wp-content\/uploads\/2025\/12\/SN041-768x768.webp 768w, https:\/\/mountlaser.com\/wp-content\/uploads\/2025\/12\/SN041-12x12.webp 12w, https:\/\/mountlaser.com\/wp-content\/uploads\/2025\/12\/SN041-600x600.webp 600w, https:\/\/mountlaser.com\/wp-content\/uploads\/2025\/12\/SN041-800x800.webp 800w, https:\/\/mountlaser.com\/wp-content\/uploads\/2025\/12\/SN041-400x400.webp 400w\" sizes=\"(max-width: 500px) 100vw, 500px\" \/><\/td>\n<\/tr>\n<\/tbody>\n<\/table>\n<\/div>","protected":false},"excerpt":{"rendered":"<ul>\n<li>Mat\u00e9riau : Fer galvanis\u00e9 pour une durabilit\u00e9 et une r\u00e9sistance \u00e0 la corrosion optimales<\/li>\n<li>Fournit des r\u00e9f\u00e9rences au sol stables pour des mesures pr\u00e9cises<\/li>\n<li>Convient aux lev\u00e9s topographiques, \u00e0 l&#039;implantation de constructions et \u00e0 la cartographie cadastrale<\/li>\n<\/ul>","protected":false},"featured_media":5896,"comment_status":"open","ping_status":"closed","template":"","meta":[],"product_brand":[],"product_cat":[152,79],"product_tag":[],"class_list":{"0":"post-5895","1":"product","2":"type-product","3":"status-publish","4":"has-post-thumbnail","6":"product_cat-surveying-marker","7":"product_cat-surveying-accessory","9":"first","10":"instock","11":"shipping-taxable","12":"product-type-simple"},"_links":{"self":[{"href":"https:\/\/mountlaser.com\/fr_fr\/wp-json\/wp\/v2\/product\/5895","targetHints":{"allow":["GET"]}}],"collection":[{"href":"https:\/\/mountlaser.com\/fr_fr\/wp-json\/wp\/v2\/product"}],"about":[{"href":"https:\/\/mountlaser.com\/fr_fr\/wp-json\/wp\/v2\/types\/product"}],"replies":[{"embeddable":true,"href":"https:\/\/mountlaser.com\/fr_fr\/wp-json\/wp\/v2\/comments?post=5895"}],"wp:featuredmedia":[{"embeddable":true,"href":"https:\/\/mountlaser.com\/fr_fr\/wp-json\/wp\/v2\/media\/5896"}],"wp:attachment":[{"href":"https:\/\/mountlaser.com\/fr_fr\/wp-json\/wp\/v2\/media?parent=5895"}],"wp:term":[{"taxonomy":"product_brand","embeddable":true,"href":"https:\/\/mountlaser.com\/fr_fr\/wp-json\/wp\/v2\/product_brand?post=5895"},{"taxonomy":"product_cat","embeddable":true,"href":"https:\/\/mountlaser.com\/fr_fr\/wp-json\/wp\/v2\/product_cat?post=5895"},{"taxonomy":"product_tag","embeddable":true,"href":"https:\/\/mountlaser.com\/fr_fr\/wp-json\/wp\/v2\/product_tag?post=5895"}],"curies":[{"name":"wp","href":"https:\/\/api.w.org\/{rel}","templated":true}]}}