{"id":5887,"date":"2025-12-15T05:18:34","date_gmt":"2025-12-15T05:18:34","guid":{"rendered":"https:\/\/mountlaser.com\/?post_type=product&#038;p=5887"},"modified":"2025-12-15T05:18:34","modified_gmt":"2025-12-15T05:18:34","slug":"sn03-surveying-nail","status":"publish","type":"product","link":"https:\/\/mountlaser.com\/fr_fr\/produit\/sn03-surveying-nail\/","title":{"rendered":"Clou d&#039;arpentage SN03"},"content":{"rendered":"<p>Le <a href=\"https:\/\/mountlaser.com\/fr_fr\/\"><strong>Clou d&#039;arpentage SN03<\/strong><\/a> Le clou de topographie SN03 est un marqueur durable et fiable, con\u00e7u pour \u00e9tablir et identifier avec pr\u00e9cision et constance des points de r\u00e9f\u00e9rence au sol. Fabriqu\u00e9 en fer galvanis\u00e9, il offre une excellente r\u00e9sistance et une grande durabilit\u00e9 \u00e0 la corrosion, ce qui le rend id\u00e9al pour une utilisation ext\u00e9rieure prolong\u00e9e. <a href=\"https:\/\/mountlaser.com\/fr_fr\/categorie-produit\/surveying-accessory\/\"><strong>Clous de point d&#039;arpentage<\/strong><\/a> sont largement pl\u00e9biscit\u00e9s par les professionnels qui ont besoin de balises stables et visibles dans des conditions de terrain difficiles.<\/p>\n<p>Couramment utilis\u00e9 dans les lev\u00e9s topographiques, l&#039;implantation de constructions et la cartographie cadastrale, le <a href=\"https:\/\/mountlaser.com\/fr_fr\/contact-us\/\">Clou d&#039;arpentage SN03<\/a> Le clou de topographie SN03 offre un point de r\u00e9f\u00e9rence solide et durable pour les mesures critiques. D&#039;un diam\u00e8tre de 8,8 mm et disponible en plusieurs longueurs, il s&#039;adapte facilement aux exigences des diff\u00e9rents chantiers. Fiables et robustes, ces clous de topographie garantissent la pr\u00e9cision des mesures tout en assurant une durabilit\u00e9 optimale dans des environnements vari\u00e9s.<\/p>\n<div>\n<table style=\"border-collapse: collapse; width: 1002.02pt;\" border=\"0\" width=\"1336\" cellspacing=\"0\" cellpadding=\"0\">\n<tbody>\n<tr style=\"height: 14.25pt;\">\n<td class=\"et2\" style=\"height: 14.25pt; width: 127.50pt;\" width=\"170\" height=\"19\">NOMBRE<\/td>\n<td class=\"et3\" style=\"width: 196.50pt;\" width=\"262\">MAT\u00c9RIAU<\/td>\n<td class=\"et3\" style=\"width: 213.00pt;\" width=\"284\">DIAM\u00c8TRE D<\/td>\n<td class=\"et3\" style=\"width: 93.75pt;\" width=\"125\">TAILLE L<\/td>\n<td class=\"et3\" style=\"width: 170.25pt;\" width=\"227\">MOQ (pi\u00e8ces)<\/td>\n<td class=\"et4\" style=\"width: 201.00pt;\" width=\"268\">IMAGE<\/td>\n<\/tr>\n<tr style=\"height: 14.25pt;\">\n<td class=\"et5\" style=\"height: 14.25pt;\" height=\"19\">SN03-88030\/88050\/88070\/88080\/88100<\/td>\n<td class=\"et5\">Fer galvanis\u00e9<\/td>\n<td class=\"et5\">8,8 mm<\/td>\n<td class=\"et5\">30\/50\/80\/100 mm<\/td>\n<td class=\"et6\">1000<\/td>\n<td class=\"et7\"><img fetchpriority=\"high\" decoding=\"async\" class=\"alignnone wp-image-5892\" src=\"https:\/\/mountlaser.com\/wp-content\/uploads\/2025\/12\/SN035.webp\" alt=\"SN03 Surveying Nail\" width=\"500\" height=\"500\" srcset=\"https:\/\/mountlaser.com\/wp-content\/uploads\/2025\/12\/SN035.webp 1000w, https:\/\/mountlaser.com\/wp-content\/uploads\/2025\/12\/SN035-300x300.webp 300w, https:\/\/mountlaser.com\/wp-content\/uploads\/2025\/12\/SN035-150x150.webp 150w, https:\/\/mountlaser.com\/wp-content\/uploads\/2025\/12\/SN035-768x768.webp 768w, https:\/\/mountlaser.com\/wp-content\/uploads\/2025\/12\/SN035-12x12.webp 12w, https:\/\/mountlaser.com\/wp-content\/uploads\/2025\/12\/SN035-600x600.webp 600w, https:\/\/mountlaser.com\/wp-content\/uploads\/2025\/12\/SN035-800x800.webp 800w, https:\/\/mountlaser.com\/wp-content\/uploads\/2025\/12\/SN035-400x400.webp 400w\" sizes=\"(max-width: 500px) 100vw, 500px\" \/><\/td>\n<\/tr>\n<\/tbody>\n<\/table>\n<\/div>","protected":false},"excerpt":{"rendered":"<ul>\n<li>Fabriqu\u00e9 en fer galvanis\u00e9 pour une durabilit\u00e9 et une r\u00e9sistance \u00e0 la corrosion optimales<\/li>\n<li>Diam\u00e8tre : 8,8 mm ; Longueurs disponibles : 30 \/ 50 \/ 80 \/ 100 mm<\/li>\n<li>Clous de topographie fiables et durables pour usage professionnel<\/li>\n<li>\u00c9tablit des points de lev\u00e9 pr\u00e9cis et permanents<\/li>\n<li>Convient aux lev\u00e9s topographiques, \u00e0 l&#039;implantation de constructions et \u00e0 la cartographie cadastrale<\/li>\n<\/ul>","protected":false},"featured_media":5888,"comment_status":"open","ping_status":"closed","template":"","meta":[],"product_brand":[],"product_cat":[152,79],"product_tag":[],"class_list":{"0":"post-5887","1":"product","2":"type-product","3":"status-publish","4":"has-post-thumbnail","6":"product_cat-surveying-marker","7":"product_cat-surveying-accessory","9":"first","10":"instock","11":"shipping-taxable","12":"product-type-simple"},"_links":{"self":[{"href":"https:\/\/mountlaser.com\/fr_fr\/wp-json\/wp\/v2\/product\/5887","targetHints":{"allow":["GET"]}}],"collection":[{"href":"https:\/\/mountlaser.com\/fr_fr\/wp-json\/wp\/v2\/product"}],"about":[{"href":"https:\/\/mountlaser.com\/fr_fr\/wp-json\/wp\/v2\/types\/product"}],"replies":[{"embeddable":true,"href":"https:\/\/mountlaser.com\/fr_fr\/wp-json\/wp\/v2\/comments?post=5887"}],"wp:featuredmedia":[{"embeddable":true,"href":"https:\/\/mountlaser.com\/fr_fr\/wp-json\/wp\/v2\/media\/5888"}],"wp:attachment":[{"href":"https:\/\/mountlaser.com\/fr_fr\/wp-json\/wp\/v2\/media?parent=5887"}],"wp:term":[{"taxonomy":"product_brand","embeddable":true,"href":"https:\/\/mountlaser.com\/fr_fr\/wp-json\/wp\/v2\/product_brand?post=5887"},{"taxonomy":"product_cat","embeddable":true,"href":"https:\/\/mountlaser.com\/fr_fr\/wp-json\/wp\/v2\/product_cat?post=5887"},{"taxonomy":"product_tag","embeddable":true,"href":"https:\/\/mountlaser.com\/fr_fr\/wp-json\/wp\/v2\/product_tag?post=5887"}],"curies":[{"name":"wp","href":"https:\/\/api.w.org\/{rel}","templated":true}]}}