{"id":5880,"date":"2025-12-15T04:53:55","date_gmt":"2025-12-15T04:53:55","guid":{"rendered":"https:\/\/mountlaser.com\/?post_type=product&#038;p=5880"},"modified":"2025-12-15T04:53:55","modified_gmt":"2025-12-15T04:53:55","slug":"sn02-surveying-nail","status":"publish","type":"product","link":"https:\/\/mountlaser.com\/fr_fr\/produit\/sn02-surveying-nail\/","title":{"rendered":"Clou d&#039;arpentage SN02"},"content":{"rendered":"<p>Le <a href=\"https:\/\/mountlaser.com\/fr_fr\/\"><strong>Clou d&#039;arpentage SN02<\/strong><\/a> Il s&#039;agit d&#039;une borne topographique haute performance con\u00e7ue pour \u00e9tablir des points de r\u00e9f\u00e9rence au sol pr\u00e9cis et permanents. Fabriqu\u00e9e \u00e0 partir de mat\u00e9riaux de premi\u00e8re qualit\u00e9. <a href=\"https:\/\/mountlaser.com\/fr_fr\/categorie-produit\/surveying-accessory\/\"><strong>clous en acier inoxydable<\/strong><\/a>, Les clous SN02 offrent une excellente r\u00e9sistance \u00e0 la corrosion, une grande robustesse et une durabilit\u00e9 \u00e0 long terme dans toutes les conditions d&#039;utilisation. Ces clous en acier inoxydable sont id\u00e9aux pour les professionnels qui exigent un marquage pr\u00e9cis et fiable dans des environnements ext\u00e9rieurs exigeants.<\/p>\n<p>Largement utilis\u00e9 en topographie, en implantation de construction et en cartographie cadastrale, le clou de topographie SN02 sert de point de r\u00e9f\u00e9rence stable pour les mesures critiques. Gr\u00e2ce \u00e0 sa construction robuste, le clou de topographie SN02 surpasse les bornes de sol standard, tandis que ses clous en acier inoxydable garantissent une r\u00e9sistance \u00e0 la rouille, \u00e0 l&#039;humidit\u00e9 et \u00e0 l&#039;usure. Disponible en plusieurs longueurs, <a href=\"https:\/\/mountlaser.com\/fr_fr\/contact-us\/\">clous en acier inoxydable<\/a> offrir une grande flexibilit\u00e9 pour diverses applications topographiques.<\/p>\n<div>\n<table style=\"border-collapse: collapse; width: 1002.02pt;\" border=\"0\" width=\"1336\" cellspacing=\"0\" cellpadding=\"0\">\n<tbody>\n<tr style=\"height: 14.25pt;\">\n<td class=\"et2\" style=\"height: 14.25pt; width: 127.50pt;\" width=\"170\" height=\"19\">NOMBRE<\/td>\n<td class=\"et3\" style=\"width: 196.50pt;\" width=\"262\">MAT\u00c9RIAU<\/td>\n<td class=\"et3\" style=\"width: 213.00pt;\" width=\"284\">DIAM\u00c8TRE D<\/td>\n<td class=\"et3\" style=\"width: 93.75pt;\" width=\"125\">TAILLE L<\/td>\n<td class=\"et3\" style=\"width: 170.25pt;\" width=\"227\">MOQ (pi\u00e8ces)<\/td>\n<td class=\"et4\" style=\"width: 201.00pt;\" width=\"268\">IMAGE<\/td>\n<\/tr>\n<tr style=\"height: 14.25pt;\">\n<td class=\"et5\" style=\"height: 14.25pt;\" height=\"19\">SN02-78030\/78050\/78070\/78100<\/td>\n<td class=\"et5\">Acier inoxydable<\/td>\n<td class=\"et5\">7,8 mm<\/td>\n<td class=\"et5\">30\/50\/70\/100 mm<\/td>\n<td class=\"et6\">1000<\/td>\n<td class=\"et7\"><img fetchpriority=\"high\" decoding=\"async\" class=\"alignnone wp-image-5886\" src=\"https:\/\/mountlaser.com\/wp-content\/uploads\/2025\/12\/SN026.webp\" alt=\"SN02 Surveying Nail\" width=\"500\" height=\"500\" srcset=\"https:\/\/mountlaser.com\/wp-content\/uploads\/2025\/12\/SN026.webp 1000w, https:\/\/mountlaser.com\/wp-content\/uploads\/2025\/12\/SN026-300x300.webp 300w, https:\/\/mountlaser.com\/wp-content\/uploads\/2025\/12\/SN026-150x150.webp 150w, https:\/\/mountlaser.com\/wp-content\/uploads\/2025\/12\/SN026-768x768.webp 768w, https:\/\/mountlaser.com\/wp-content\/uploads\/2025\/12\/SN026-12x12.webp 12w, https:\/\/mountlaser.com\/wp-content\/uploads\/2025\/12\/SN026-600x600.webp 600w, https:\/\/mountlaser.com\/wp-content\/uploads\/2025\/12\/SN026-800x800.webp 800w, https:\/\/mountlaser.com\/wp-content\/uploads\/2025\/12\/SN026-400x400.webp 400w\" sizes=\"(max-width: 500px) 100vw, 500px\" \/><\/td>\n<\/tr>\n<\/tbody>\n<\/table>\n<\/div>","protected":false},"excerpt":{"rendered":"<ul>\n<li>Fabriqu\u00e9 \u00e0 partir de clous en acier inoxydable de haute qualit\u00e9 pour une durabilit\u00e9 maximale<\/li>\n<li>Diam\u00e8tre : 7,8 mm ; Longueurs disponibles : 30 \/ 50 \/ 70 \/ 100 mm<\/li>\n<li>Solution de clouage SN02 durable et r\u00e9sistante \u00e0 la corrosion<\/li>\n<li>Outil de marquage au sol indispensable aux g\u00e9om\u00e8tres professionnels<\/li>\n<\/ul>","protected":false},"featured_media":5881,"comment_status":"open","ping_status":"closed","template":"","meta":[],"product_brand":[],"product_cat":[152,79],"product_tag":[],"class_list":{"0":"post-5880","1":"product","2":"type-product","3":"status-publish","4":"has-post-thumbnail","6":"product_cat-surveying-marker","7":"product_cat-surveying-accessory","9":"first","10":"instock","11":"shipping-taxable","12":"product-type-simple"},"_links":{"self":[{"href":"https:\/\/mountlaser.com\/fr_fr\/wp-json\/wp\/v2\/product\/5880","targetHints":{"allow":["GET"]}}],"collection":[{"href":"https:\/\/mountlaser.com\/fr_fr\/wp-json\/wp\/v2\/product"}],"about":[{"href":"https:\/\/mountlaser.com\/fr_fr\/wp-json\/wp\/v2\/types\/product"}],"replies":[{"embeddable":true,"href":"https:\/\/mountlaser.com\/fr_fr\/wp-json\/wp\/v2\/comments?post=5880"}],"wp:featuredmedia":[{"embeddable":true,"href":"https:\/\/mountlaser.com\/fr_fr\/wp-json\/wp\/v2\/media\/5881"}],"wp:attachment":[{"href":"https:\/\/mountlaser.com\/fr_fr\/wp-json\/wp\/v2\/media?parent=5880"}],"wp:term":[{"taxonomy":"product_brand","embeddable":true,"href":"https:\/\/mountlaser.com\/fr_fr\/wp-json\/wp\/v2\/product_brand?post=5880"},{"taxonomy":"product_cat","embeddable":true,"href":"https:\/\/mountlaser.com\/fr_fr\/wp-json\/wp\/v2\/product_cat?post=5880"},{"taxonomy":"product_tag","embeddable":true,"href":"https:\/\/mountlaser.com\/fr_fr\/wp-json\/wp\/v2\/product_tag?post=5880"}],"curies":[{"name":"wp","href":"https:\/\/api.w.org\/{rel}","templated":true}]}}