{"id":5878,"date":"2025-12-15T02:12:05","date_gmt":"2025-12-15T02:12:05","guid":{"rendered":"https:\/\/mountlaser.com\/?post_type=product&#038;p=5878"},"modified":"2025-12-15T02:12:05","modified_gmt":"2025-12-15T02:12:05","slug":"cm05-crack-monitor","status":"publish","type":"product","link":"https:\/\/mountlaser.com\/fr_fr\/produit\/cm05-crack-monitor\/","title":{"rendered":"Moniteur crack\u00e9 CM05"},"content":{"rendered":"<p>Le <a href=\"https:\/\/mountlaser.com\/fr_fr\/\"><strong>Moniteur crack\u00e9 CM05<\/strong><\/a> est une haute pr\u00e9cision <a href=\"https:\/\/mountlaser.com\/fr_fr\/categorie-produit\/surveying-accessory\/\"><strong>Moniteur de jauge de fissures pour la mesure des murs<\/strong><\/a> Con\u00e7u pour suivre avec pr\u00e9cision l&#039;\u00e9volution des fissures structurelles au fil du temps, le moniteur de fissures CM05 de Mountlaser Standard Tell-Tale est dot\u00e9 de deux plaques superpos\u00e9es\u00a0: une plaque transparente avec un curseur en croix pr\u00e9cis et une plaque calibr\u00e9e gradu\u00e9e en millim\u00e8tres, garantissant des mesures claires et fiables.<\/p>\n<p><img fetchpriority=\"high\" decoding=\"async\" class=\"aligncenter wp-image-5392\" src=\"https:\/\/mountlaser.com\/wp-content\/uploads\/2025\/12\/\u4e3b\u56fe2-3.webp\" alt=\"CM05 Crack Monitor\" width=\"500\" height=\"500\" srcset=\"https:\/\/mountlaser.com\/wp-content\/uploads\/2025\/12\/\u4e3b\u56fe2-3.webp 1000w, https:\/\/mountlaser.com\/wp-content\/uploads\/2025\/12\/\u4e3b\u56fe2-3-300x300.webp 300w, https:\/\/mountlaser.com\/wp-content\/uploads\/2025\/12\/\u4e3b\u56fe2-3-150x150.webp 150w, https:\/\/mountlaser.com\/wp-content\/uploads\/2025\/12\/\u4e3b\u56fe2-3-768x768.webp 768w, https:\/\/mountlaser.com\/wp-content\/uploads\/2025\/12\/\u4e3b\u56fe2-3-12x12.webp 12w, https:\/\/mountlaser.com\/wp-content\/uploads\/2025\/12\/\u4e3b\u56fe2-3-600x600.webp 600w, https:\/\/mountlaser.com\/wp-content\/uploads\/2025\/12\/\u4e3b\u56fe2-3-800x800.webp 800w, https:\/\/mountlaser.com\/wp-content\/uploads\/2025\/12\/\u4e3b\u56fe2-3-400x400.webp 400w\" sizes=\"(max-width: 500px) 100vw, 500px\" \/><\/p>\n<p>Con\u00e7u sp\u00e9cifiquement comme un appareil de mesure de fissures pour les murs, le CM05 est id\u00e9al pour surveiller les fissures dans les murs, la ma\u00e7onnerie, le b\u00e9ton et autres structures de b\u00e2timents. L&#039;installation est simple gr\u00e2ce aux vis fournies, avec un support adh\u00e9sif optionnel si n\u00e9cessaire. Chaque appareil de mesure de fissures CM05 est livr\u00e9 avec des instructions d&#039;installation d\u00e9taill\u00e9es et une fiche d&#039;enregistrement des fissures. <a href=\"https:\/\/mountlaser.com\/fr_fr\/about-us\/\">Moniteur de jauge de fissures pour la mesure des murs<\/a> une solution fiable pour l&#039;\u00e9valuation structurelle \u00e0 long terme.<\/p>","protected":false},"excerpt":{"rendered":"<ul>\n<li>Mesure avec pr\u00e9cision le d\u00e9placement des fissures murales en millim\u00e8tres.<\/li>\n<li>Permet le suivi et la comparaison \u00e0 long terme des changements de fissures<\/li>\n<li>Fournit des lectures visuelles claires avec alignement du r\u00e9ticule<\/li>\n<\/ul>","protected":false},"featured_media":5393,"comment_status":"open","ping_status":"closed","template":"","meta":[],"product_brand":[],"product_cat":[151,79],"product_tag":[],"class_list":{"0":"post-5878","1":"product","2":"type-product","3":"status-publish","4":"has-post-thumbnail","6":"product_cat-crack-monitor","7":"product_cat-surveying-accessory","9":"first","10":"instock","11":"shipping-taxable","12":"product-type-simple"},"_links":{"self":[{"href":"https:\/\/mountlaser.com\/fr_fr\/wp-json\/wp\/v2\/product\/5878","targetHints":{"allow":["GET"]}}],"collection":[{"href":"https:\/\/mountlaser.com\/fr_fr\/wp-json\/wp\/v2\/product"}],"about":[{"href":"https:\/\/mountlaser.com\/fr_fr\/wp-json\/wp\/v2\/types\/product"}],"replies":[{"embeddable":true,"href":"https:\/\/mountlaser.com\/fr_fr\/wp-json\/wp\/v2\/comments?post=5878"}],"wp:featuredmedia":[{"embeddable":true,"href":"https:\/\/mountlaser.com\/fr_fr\/wp-json\/wp\/v2\/media\/5393"}],"wp:attachment":[{"href":"https:\/\/mountlaser.com\/fr_fr\/wp-json\/wp\/v2\/media?parent=5878"}],"wp:term":[{"taxonomy":"product_brand","embeddable":true,"href":"https:\/\/mountlaser.com\/fr_fr\/wp-json\/wp\/v2\/product_brand?post=5878"},{"taxonomy":"product_cat","embeddable":true,"href":"https:\/\/mountlaser.com\/fr_fr\/wp-json\/wp\/v2\/product_cat?post=5878"},{"taxonomy":"product_tag","embeddable":true,"href":"https:\/\/mountlaser.com\/fr_fr\/wp-json\/wp\/v2\/product_tag?post=5878"}],"curies":[{"name":"wp","href":"https:\/\/api.w.org\/{rel}","templated":true}]}}