{"id":5877,"date":"2025-12-15T01:38:15","date_gmt":"2025-12-15T01:38:15","guid":{"rendered":"https:\/\/mountlaser.com\/?post_type=product&#038;p=5877"},"modified":"2025-12-15T01:38:15","modified_gmt":"2025-12-15T01:38:15","slug":"cm04-crack-monitor","status":"publish","type":"product","link":"https:\/\/mountlaser.com\/fr_fr\/produit\/cm04-crack-monitor\/","title":{"rendered":"Moniteur crack\u00e9 CM04"},"content":{"rendered":"<p>Le <a href=\"https:\/\/mountlaser.com\/fr_fr\/\"><strong>Moniteur crack\u00e9 CM04<\/strong><\/a> est de qualit\u00e9 professionnelle <a href=\"https:\/\/mountlaser.com\/fr_fr\/categorie-produit\/surveying-accessory\/\"><strong>Moniteur de jauge de fissure<\/strong><\/a> Con\u00e7u pour l&#039;observation pr\u00e9cise et \u00e0 long terme de l&#039;\u00e9volution des fissures structurelles, le moniteur de fissures CM04, conforme \u00e0 la norme Mountlaser, utilise deux plaques superpos\u00e9es\u00a0: une plaque transparente avec un curseur en croix fin et une seconde plaque gradu\u00e9e en millim\u00e8tres, permettant des lectures visuelles pr\u00e9cises.<\/p>\n<p><img fetchpriority=\"high\" decoding=\"async\" class=\"aligncenter wp-image-5385\" src=\"https:\/\/mountlaser.com\/wp-content\/uploads\/2025\/12\/CM043.webp\" alt=\"CM04 Crack Monitor\" width=\"500\" height=\"500\" srcset=\"https:\/\/mountlaser.com\/wp-content\/uploads\/2025\/12\/CM043.webp 1200w, https:\/\/mountlaser.com\/wp-content\/uploads\/2025\/12\/CM043-300x300.webp 300w, https:\/\/mountlaser.com\/wp-content\/uploads\/2025\/12\/CM043-1024x1024.webp 1024w, https:\/\/mountlaser.com\/wp-content\/uploads\/2025\/12\/CM043-150x150.webp 150w, https:\/\/mountlaser.com\/wp-content\/uploads\/2025\/12\/CM043-768x768.webp 768w, https:\/\/mountlaser.com\/wp-content\/uploads\/2025\/12\/CM043-12x12.webp 12w, https:\/\/mountlaser.com\/wp-content\/uploads\/2025\/12\/CM043-600x600.webp 600w, https:\/\/mountlaser.com\/wp-content\/uploads\/2025\/12\/CM043-800x800.webp 800w, https:\/\/mountlaser.com\/wp-content\/uploads\/2025\/12\/CM043-400x400.webp 400w\" sizes=\"(max-width: 500px) 100vw, 500px\" \/><\/p>\n<p>Con\u00e7u pour une surveillance fiable des fissures, le moniteur de fissures CM04 est id\u00e9al pour les b\u00e2timents, les ponts, les tunnels et les structures en b\u00e9ton. Son installation est rapide et s\u00fbre gr\u00e2ce aux vis fournies, avec un support adh\u00e9sif optionnel (non inclus).<a href=\"https:\/\/mountlaser.com\/fr_fr\/contact-us\/\"> Moniteur de jauge de fissure<\/a>\u00a0Il comprend des instructions d&#039;installation compl\u00e8tes et une fiche d&#039;enregistrement des fissures, ce qui en fait une solution fiable de surveillance des fissures pour un suivi structurel continu.<\/p>","protected":false},"excerpt":{"rendered":"<ul>\n<li>Surveille avec pr\u00e9cision les mouvements des fissures horizontales et verticales<\/li>\n<li>Fournit des lectures claires au millim\u00e8tre pr\u00e8s pour une mesure pr\u00e9cise<\/li>\n<li>Permet l&#039;analyse et la documentation des tendances de fissuration \u00e0 long terme<\/li>\n<\/ul>","protected":false},"featured_media":5383,"comment_status":"open","ping_status":"closed","template":"","meta":[],"product_brand":[],"product_cat":[151,79],"product_tag":[],"class_list":{"0":"post-5877","1":"product","2":"type-product","3":"status-publish","4":"has-post-thumbnail","6":"product_cat-crack-monitor","7":"product_cat-surveying-accessory","9":"first","10":"instock","11":"shipping-taxable","12":"product-type-simple"},"_links":{"self":[{"href":"https:\/\/mountlaser.com\/fr_fr\/wp-json\/wp\/v2\/product\/5877","targetHints":{"allow":["GET"]}}],"collection":[{"href":"https:\/\/mountlaser.com\/fr_fr\/wp-json\/wp\/v2\/product"}],"about":[{"href":"https:\/\/mountlaser.com\/fr_fr\/wp-json\/wp\/v2\/types\/product"}],"replies":[{"embeddable":true,"href":"https:\/\/mountlaser.com\/fr_fr\/wp-json\/wp\/v2\/comments?post=5877"}],"wp:featuredmedia":[{"embeddable":true,"href":"https:\/\/mountlaser.com\/fr_fr\/wp-json\/wp\/v2\/media\/5383"}],"wp:attachment":[{"href":"https:\/\/mountlaser.com\/fr_fr\/wp-json\/wp\/v2\/media?parent=5877"}],"wp:term":[{"taxonomy":"product_brand","embeddable":true,"href":"https:\/\/mountlaser.com\/fr_fr\/wp-json\/wp\/v2\/product_brand?post=5877"},{"taxonomy":"product_cat","embeddable":true,"href":"https:\/\/mountlaser.com\/fr_fr\/wp-json\/wp\/v2\/product_cat?post=5877"},{"taxonomy":"product_tag","embeddable":true,"href":"https:\/\/mountlaser.com\/fr_fr\/wp-json\/wp\/v2\/product_tag?post=5877"}],"curies":[{"name":"wp","href":"https:\/\/api.w.org\/{rel}","templated":true}]}}