{"id":5875,"date":"2025-12-12T09:27:22","date_gmt":"2025-12-12T09:27:22","guid":{"rendered":"https:\/\/mountlaser.com\/?post_type=product&#038;p=5875"},"modified":"2025-12-12T09:27:22","modified_gmt":"2025-12-12T09:27:22","slug":"cm03-crack-monitor","status":"publish","type":"product","link":"https:\/\/mountlaser.com\/fr_fr\/produit\/cm03-crack-monitor\/","title":{"rendered":"Moniteur crack\u00e9 CM03"},"content":{"rendered":"<p data-start=\"185\" data-end=\"585\">Le <a href=\"https:\/\/mountlaser.com\/fr_fr\/\"><strong data-start=\"189\" data-end=\"211\">Moniteur crack\u00e9 CM03<\/strong><\/a> est un outil de pr\u00e9cision con\u00e7u pour les professionnels qui exigent pr\u00e9cision et fiabilit\u00e9 <a href=\"https:\/\/mountlaser.com\/fr_fr\/products\/\"><strong data-start=\"306\" data-end=\"340\">surveillance de l&#039;indicateur de fissure<\/strong><\/a> Dans le cadre d&#039;\u00e9valuations structurelles, le moniteur de fissures CM03, compos\u00e9 de deux plaques superpos\u00e9es (l&#039;une transparente avec un curseur en croix pr\u00e9cis et l&#039;autre imprim\u00e9e avec une graduation millim\u00e9trique), fournit des mesures claires et coh\u00e9rentes de l&#039;\u00e9volution des fissures au fil du temps.<\/p>\n<p><img fetchpriority=\"high\" decoding=\"async\" class=\"aligncenter wp-image-5376\" src=\"https:\/\/mountlaser.com\/wp-content\/uploads\/2025\/12\/\u4e3b\u56fe2-2.webp\" alt=\"CM03 Crack Monitor\" width=\"500\" height=\"500\" srcset=\"https:\/\/mountlaser.com\/wp-content\/uploads\/2025\/12\/\u4e3b\u56fe2-2.webp 1000w, https:\/\/mountlaser.com\/wp-content\/uploads\/2025\/12\/\u4e3b\u56fe2-2-300x300.webp 300w, https:\/\/mountlaser.com\/wp-content\/uploads\/2025\/12\/\u4e3b\u56fe2-2-150x150.webp 150w, https:\/\/mountlaser.com\/wp-content\/uploads\/2025\/12\/\u4e3b\u56fe2-2-768x768.webp 768w, https:\/\/mountlaser.com\/wp-content\/uploads\/2025\/12\/\u4e3b\u56fe2-2-12x12.webp 12w, https:\/\/mountlaser.com\/wp-content\/uploads\/2025\/12\/\u4e3b\u56fe2-2-600x600.webp 600w, https:\/\/mountlaser.com\/wp-content\/uploads\/2025\/12\/\u4e3b\u56fe2-2-800x800.webp 800w, https:\/\/mountlaser.com\/wp-content\/uploads\/2025\/12\/\u4e3b\u56fe2-2-400x400.webp 400w\" sizes=\"(max-width: 500px) 100vw, 500px\" \/><\/p>\n<p>Solution fiable pour la surveillance des jauges de fissures, elle s&#039;installe facilement \u00e0 l&#039;aide des vis fournies et peut \u00eatre renforc\u00e9e avec de l&#039;adh\u00e9sif (non fourni) si n\u00e9cessaire. <a href=\"https:\/\/mountlaser.com\/fr_fr\/contact-us\/\">Moniteur crack\u00e9 CM03<\/a> Il est \u00e9galement livr\u00e9 avec des instructions d&#039;installation d\u00e9taill\u00e9es et une fiche d&#039;enregistrement des fissures, garantissant une configuration compl\u00e8te et conviviale pour la surveillance \u00e0 long terme des jauges de fissures dans les b\u00e2timents, les ponts et autres structures.<\/p>","protected":false},"excerpt":{"rendered":"<ul>\n<li>Mesure le d\u00e9placement horizontal et vertical des fissures<\/li>\n<li>Fournit des lectures visuelles pr\u00e9cises au millim\u00e8tre pr\u00e8s.<\/li>\n<li>Soutient la surveillance continue de la sant\u00e9 et de la s\u00e9curit\u00e9 des structures<\/li>\n<\/ul>","protected":false},"featured_media":5375,"comment_status":"open","ping_status":"closed","template":"","meta":[],"product_brand":[],"product_cat":[151,79],"product_tag":[],"class_list":{"0":"post-5875","1":"product","2":"type-product","3":"status-publish","4":"has-post-thumbnail","6":"product_cat-crack-monitor","7":"product_cat-surveying-accessory","9":"first","10":"instock","11":"shipping-taxable","12":"product-type-simple"},"_links":{"self":[{"href":"https:\/\/mountlaser.com\/fr_fr\/wp-json\/wp\/v2\/product\/5875","targetHints":{"allow":["GET"]}}],"collection":[{"href":"https:\/\/mountlaser.com\/fr_fr\/wp-json\/wp\/v2\/product"}],"about":[{"href":"https:\/\/mountlaser.com\/fr_fr\/wp-json\/wp\/v2\/types\/product"}],"replies":[{"embeddable":true,"href":"https:\/\/mountlaser.com\/fr_fr\/wp-json\/wp\/v2\/comments?post=5875"}],"wp:featuredmedia":[{"embeddable":true,"href":"https:\/\/mountlaser.com\/fr_fr\/wp-json\/wp\/v2\/media\/5375"}],"wp:attachment":[{"href":"https:\/\/mountlaser.com\/fr_fr\/wp-json\/wp\/v2\/media?parent=5875"}],"wp:term":[{"taxonomy":"product_brand","embeddable":true,"href":"https:\/\/mountlaser.com\/fr_fr\/wp-json\/wp\/v2\/product_brand?post=5875"},{"taxonomy":"product_cat","embeddable":true,"href":"https:\/\/mountlaser.com\/fr_fr\/wp-json\/wp\/v2\/product_cat?post=5875"},{"taxonomy":"product_tag","embeddable":true,"href":"https:\/\/mountlaser.com\/fr_fr\/wp-json\/wp\/v2\/product_tag?post=5875"}],"curies":[{"name":"wp","href":"https:\/\/api.w.org\/{rel}","templated":true}]}}