{"id":5874,"date":"2025-12-12T08:54:30","date_gmt":"2025-12-12T08:54:30","guid":{"rendered":"https:\/\/mountlaser.com\/?post_type=product&#038;p=5874"},"modified":"2025-12-12T08:54:30","modified_gmt":"2025-12-12T08:54:30","slug":"cm02-crack-monitor","status":"publish","type":"product","link":"https:\/\/mountlaser.com\/fr_fr\/produit\/cm02-crack-monitor\/","title":{"rendered":"Moniteur crack\u00e9 CM02"},"content":{"rendered":"<p data-start=\"200\" data-end=\"653\">Le<a href=\"https:\/\/mountlaser.com\/fr_fr\/\"> <strong data-start=\"204\" data-end=\"226\">Moniteur crack\u00e9 CM02<\/strong><\/a> est un instrument de mesure de haute pr\u00e9cision con\u00e7u pour mesurer avec fiabilit\u00e9 les mouvements structurels des b\u00e2timents, ce qui en fait un outil essentiel. <a href=\"https:\/\/mountlaser.com\/fr_fr\/categorie-produit\/surveying-accessory\/\"><strong data-start=\"349\" data-end=\"375\">moniteur de fissures de b\u00e2timent<\/strong><\/a> Destin\u00e9 aux ing\u00e9nieurs et aux inspecteurs, le moniteur de fissures CM02 est compos\u00e9 de deux plaques superpos\u00e9es\u00a0: l\u2019une transparente avec un curseur en croix fin et l\u2019autre gradu\u00e9e en millim\u00e8tres. Il permet ainsi aux professionnels de d\u00e9tecter les plus infimes variations de d\u00e9placement avec une clart\u00e9 et une pr\u00e9cision exceptionnelles.<\/p>\n<p data-start=\"200\" data-end=\"653\"><img fetchpriority=\"high\" decoding=\"async\" class=\"aligncenter wp-image-5369\" src=\"https:\/\/mountlaser.com\/wp-content\/uploads\/2025\/12\/\u4e3b\u56fe3-1.webp\" alt=\"CM02 Crack Monitor\" width=\"500\" height=\"500\" srcset=\"https:\/\/mountlaser.com\/wp-content\/uploads\/2025\/12\/\u4e3b\u56fe3-1.webp 1000w, https:\/\/mountlaser.com\/wp-content\/uploads\/2025\/12\/\u4e3b\u56fe3-1-300x300.webp 300w, https:\/\/mountlaser.com\/wp-content\/uploads\/2025\/12\/\u4e3b\u56fe3-1-150x150.webp 150w, https:\/\/mountlaser.com\/wp-content\/uploads\/2025\/12\/\u4e3b\u56fe3-1-768x768.webp 768w, https:\/\/mountlaser.com\/wp-content\/uploads\/2025\/12\/\u4e3b\u56fe3-1-12x12.webp 12w, https:\/\/mountlaser.com\/wp-content\/uploads\/2025\/12\/\u4e3b\u56fe3-1-600x600.webp 600w, https:\/\/mountlaser.com\/wp-content\/uploads\/2025\/12\/\u4e3b\u56fe3-1-800x800.webp 800w, https:\/\/mountlaser.com\/wp-content\/uploads\/2025\/12\/\u4e3b\u56fe3-1-400x400.webp 400w\" sizes=\"(max-width: 500px) 100vw, 500px\" \/><\/p>\n<p data-start=\"655\" data-end=\"1145\">Con\u00e7u comme un outil de surveillance des fissures de b\u00e2timents durable et facile \u00e0 installer, le CM02 se fixe solidement \u00e0 l&#039;aide des vis fournies et peut \u00eatre associ\u00e9 \u00e0 un adh\u00e9sif (non inclus) pour une stabilit\u00e9 accrue. Il comprend des instructions d&#039;installation d\u00e9taill\u00e9es et une fiche d&#039;enregistrement des fissures, offrant ainsi une solution de surveillance compl\u00e8te pour les \u00e9valuations structurelles continues. Id\u00e9al pour toute personne recherchant un outil fiable. <a href=\"https:\/\/mountlaser.com\/fr_fr\/about-us\/\">moniteur de fissures de b\u00e2timent<\/a>, Ce mod\u00e8le offre des performances constantes aussi bien en int\u00e9rieur qu&#039;en ext\u00e9rieur.<\/p>","protected":false},"excerpt":{"rendered":"<ul>\n<li>Fournit des mesures pr\u00e9cises au millim\u00e8tre pr\u00e8s<\/li>\n<li>Soutient la surveillance \u00e0 long terme de la sant\u00e9 structurelle<\/li>\n<li>Utilise des plaques transparentes et calibr\u00e9es superpos\u00e9es pour une mesure pr\u00e9cise<\/li>\n<li>S&#039;installe avec des vis (fournies) et de l&#039;adh\u00e9sif en option.<\/li>\n<li>Comprend un guide d&#039;installation complet et une fiche d&#039;enregistrement de surveillance<\/li>\n<\/ul>","protected":false},"featured_media":5367,"comment_status":"open","ping_status":"closed","template":"","meta":[],"product_brand":[],"product_cat":[151,79],"product_tag":[],"class_list":{"0":"post-5874","1":"product","2":"type-product","3":"status-publish","4":"has-post-thumbnail","6":"product_cat-crack-monitor","7":"product_cat-surveying-accessory","9":"first","10":"instock","11":"shipping-taxable","12":"product-type-simple"},"_links":{"self":[{"href":"https:\/\/mountlaser.com\/fr_fr\/wp-json\/wp\/v2\/product\/5874","targetHints":{"allow":["GET"]}}],"collection":[{"href":"https:\/\/mountlaser.com\/fr_fr\/wp-json\/wp\/v2\/product"}],"about":[{"href":"https:\/\/mountlaser.com\/fr_fr\/wp-json\/wp\/v2\/types\/product"}],"replies":[{"embeddable":true,"href":"https:\/\/mountlaser.com\/fr_fr\/wp-json\/wp\/v2\/comments?post=5874"}],"wp:featuredmedia":[{"embeddable":true,"href":"https:\/\/mountlaser.com\/fr_fr\/wp-json\/wp\/v2\/media\/5367"}],"wp:attachment":[{"href":"https:\/\/mountlaser.com\/fr_fr\/wp-json\/wp\/v2\/media?parent=5874"}],"wp:term":[{"taxonomy":"product_brand","embeddable":true,"href":"https:\/\/mountlaser.com\/fr_fr\/wp-json\/wp\/v2\/product_brand?post=5874"},{"taxonomy":"product_cat","embeddable":true,"href":"https:\/\/mountlaser.com\/fr_fr\/wp-json\/wp\/v2\/product_cat?post=5874"},{"taxonomy":"product_tag","embeddable":true,"href":"https:\/\/mountlaser.com\/fr_fr\/wp-json\/wp\/v2\/product_tag?post=5874"}],"curies":[{"name":"wp","href":"https:\/\/api.w.org\/{rel}","templated":true}]}}