{"id":5872,"date":"2025-12-12T07:44:07","date_gmt":"2025-12-12T07:44:07","guid":{"rendered":"https:\/\/mountlaser.com\/?post_type=product&#038;p=5872"},"modified":"2025-12-12T07:44:08","modified_gmt":"2025-12-12T07:44:08","slug":"sm01-rd-surveying-marker","status":"publish","type":"product","link":"https:\/\/mountlaser.com\/fr_fr\/produit\/sm01-rd-surveying-marker\/","title":{"rendered":"Bornier d&#039;arpentage SM01-RD"},"content":{"rendered":"<p data-start=\"215\" data-end=\"735\">Le <a href=\"https:\/\/mountlaser.com\/fr_fr\/\"><strong data-start=\"219\" data-end=\"247\">Bornier d&#039;arpentage SM01-RD<\/strong><\/a> Le marqueur de terrain SM01-RD est un marqueur durable et tr\u00e8s visible, con\u00e7u pour le rep\u00e9rage pr\u00e9cis des points de r\u00e9f\u00e9rence lors des travaux de topographie et de construction. Fabriqu\u00e9 en plastique moul\u00e9 par injection de haute qualit\u00e9, il offre une r\u00e9sistance exceptionnelle et une fiabilit\u00e9 \u00e0 long terme, ce qui en fait le choix id\u00e9al pour les professionnels qui ont besoin d&#039;un marquage pr\u00e9cis sur leurs chantiers. Figurant parmi les marqueurs les plus fiables\u2026 <a href=\"https:\/\/mountlaser.com\/fr_fr\/categorie-produit\/surveying-accessory\/\"><strong data-start=\"629\" data-end=\"664\">Bornes de d\u00e9limitation de lev\u00e9s topographiques en plastique<\/strong><\/a>, elle garantit des performances constantes m\u00eame dans des environnements ext\u00e9rieurs difficiles.<\/p>\n<p data-start=\"737\" data-end=\"1276\">Avec sa couleur rouge vif et sa taille compacte (D46 \u00d7 d10 \u00d7 H6 mm), le marqueur de topographie SM01-RD permet une identification rapide des lignes d&#039;implantation, des points de contr\u00f4le et des bornes. Les g\u00e9om\u00e8tres qui utilisent r\u00e9guli\u00e8rement des marqueurs de bornes en plastique appr\u00e9cieront la durabilit\u00e9, la visibilit\u00e9 et la r\u00e9sistance \u00e0 l&#039;usure de ce marqueur. <a href=\"https:\/\/mountlaser.com\/fr_fr\/contact-us\/\">Bornier d&#039;arpentage SM01-RD <\/a>Il convient \u00e9galement aux projets de grande envergure gr\u00e2ce \u00e0 sa quantit\u00e9 minimale de commande comp\u00e9titive de 1000 pi\u00e8ces, ce qui en fait une solution rentable parmi les bornes de d\u00e9limitation de lev\u00e9s topographiques en plastique de qualit\u00e9 professionnelle.<\/p>\n<div>\n<table style=\"border-collapse: collapse; width: 801.02pt;\" border=\"0\" width=\"1068\" cellspacing=\"0\" cellpadding=\"0\">\n<tbody>\n<tr style=\"height: 14.25pt;\">\n<td class=\"et2\" style=\"height: 14.25pt; width: 127.50pt;\" width=\"170\" height=\"19\">NOMBRE<\/td>\n<td class=\"et2\" style=\"width: 196.50pt;\" width=\"262\">COULEUR<\/td>\n<td class=\"et2\" style=\"width: 213.00pt;\" width=\"284\">TAILLE D xdx H<\/td>\n<td class=\"et3\" style=\"width: 93.75pt;\" width=\"125\">MOQ (pi\u00e8ces)<\/td>\n<td class=\"et3\" style=\"width: 170.25pt;\" width=\"227\">IMAGE<\/td>\n<\/tr>\n<tr style=\"height: 14.25pt;\">\n<td class=\"et4\" style=\"height: 14.25pt;\" height=\"19\">SM01-RD<\/td>\n<td class=\"et5\">ROUGE<\/td>\n<td class=\"et6\">D46 \u00d7 d10 \u00d7 H6 mm<\/td>\n<td class=\"et7\" align=\"right\">1000<\/td>\n<td class=\"et7\"><img fetchpriority=\"high\" decoding=\"async\" class=\"aligncenter wp-image-5348\" src=\"https:\/\/mountlaser.com\/wp-content\/uploads\/2025\/12\/SM01-Surveying-Marker6-300x300.webp\" alt=\"SM01-RD Surveying Marker\" width=\"500\" height=\"500\" srcset=\"https:\/\/mountlaser.com\/wp-content\/uploads\/2025\/12\/SM01-Surveying-Marker6-300x300.webp 300w, https:\/\/mountlaser.com\/wp-content\/uploads\/2025\/12\/SM01-Surveying-Marker6-150x150.webp 150w, https:\/\/mountlaser.com\/wp-content\/uploads\/2025\/12\/SM01-Surveying-Marker6-768x768.webp 768w, https:\/\/mountlaser.com\/wp-content\/uploads\/2025\/12\/SM01-Surveying-Marker6-12x12.webp 12w, https:\/\/mountlaser.com\/wp-content\/uploads\/2025\/12\/SM01-Surveying-Marker6-600x600.webp 600w, https:\/\/mountlaser.com\/wp-content\/uploads\/2025\/12\/SM01-Surveying-Marker6-800x800.webp 800w, https:\/\/mountlaser.com\/wp-content\/uploads\/2025\/12\/SM01-Surveying-Marker6-400x400.webp 400w, https:\/\/mountlaser.com\/wp-content\/uploads\/2025\/12\/SM01-Surveying-Marker6.webp 1000w\" sizes=\"(max-width: 500px) 100vw, 500px\" \/><\/td>\n<\/tr>\n<\/tbody>\n<\/table>\n<\/div>","protected":false},"excerpt":{"rendered":"<ul>\n<li>Offre une visibilit\u00e9 optimale sur le terrain, avec une excellente luminosit\u00e9.<\/li>\n<li>Fabriqu\u00e9 en plastique moul\u00e9 par injection r\u00e9sistant<\/li>\n<li>Couleur rouge vif pour une visibilit\u00e9 optimale<\/li>\n<li>Conception durable et r\u00e9sistante aux intemp\u00e9ries<\/li>\n<\/ul>","protected":false},"featured_media":5352,"comment_status":"open","ping_status":"closed","template":"","meta":[],"product_brand":[],"product_cat":[152,79],"product_tag":[],"class_list":{"0":"post-5872","1":"product","2":"type-product","3":"status-publish","4":"has-post-thumbnail","6":"product_cat-surveying-marker","7":"product_cat-surveying-accessory","9":"first","10":"instock","11":"shipping-taxable","12":"product-type-simple"},"_links":{"self":[{"href":"https:\/\/mountlaser.com\/fr_fr\/wp-json\/wp\/v2\/product\/5872","targetHints":{"allow":["GET"]}}],"collection":[{"href":"https:\/\/mountlaser.com\/fr_fr\/wp-json\/wp\/v2\/product"}],"about":[{"href":"https:\/\/mountlaser.com\/fr_fr\/wp-json\/wp\/v2\/types\/product"}],"replies":[{"embeddable":true,"href":"https:\/\/mountlaser.com\/fr_fr\/wp-json\/wp\/v2\/comments?post=5872"}],"wp:featuredmedia":[{"embeddable":true,"href":"https:\/\/mountlaser.com\/fr_fr\/wp-json\/wp\/v2\/media\/5352"}],"wp:attachment":[{"href":"https:\/\/mountlaser.com\/fr_fr\/wp-json\/wp\/v2\/media?parent=5872"}],"wp:term":[{"taxonomy":"product_brand","embeddable":true,"href":"https:\/\/mountlaser.com\/fr_fr\/wp-json\/wp\/v2\/product_brand?post=5872"},{"taxonomy":"product_cat","embeddable":true,"href":"https:\/\/mountlaser.com\/fr_fr\/wp-json\/wp\/v2\/product_cat?post=5872"},{"taxonomy":"product_tag","embeddable":true,"href":"https:\/\/mountlaser.com\/fr_fr\/wp-json\/wp\/v2\/product_tag?post=5872"}],"curies":[{"name":"wp","href":"https:\/\/api.w.org\/{rel}","templated":true}]}}