{"id":5871,"date":"2025-12-12T06:55:30","date_gmt":"2025-12-12T06:55:30","guid":{"rendered":"https:\/\/mountlaser.com\/?post_type=product&#038;p=5871"},"modified":"2025-12-12T07:27:36","modified_gmt":"2025-12-12T07:27:36","slug":"sm01-yl-surveying-marker","status":"publish","type":"product","link":"https:\/\/mountlaser.com\/fr_fr\/produit\/sm01-yl-surveying-marker\/","title":{"rendered":"Bornier d&#039;arpentage SM01-YL"},"content":{"rendered":"<p data-start=\"169\" data-end=\"642\">Le <a href=\"https:\/\/mountlaser.com\/fr_fr\/\"><strong data-start=\"173\" data-end=\"201\">Bornier d&#039;arpentage SM01-YL<\/strong><\/a> Le marqueur de terrain SM01-YL est un marqueur fiable et durable, con\u00e7u pour des points de r\u00e9f\u00e9rence pr\u00e9cis lors de travaux de topographie professionnels. Fabriqu\u00e9 en plastique moul\u00e9 par injection de haute qualit\u00e9, il offre une performance durable m\u00eame dans des environnements ext\u00e9rieurs exigeants. Hautement visible, il est parfaitement visible. <a href=\"https:\/\/mountlaser.com\/fr_fr\/categorie-produit\/surveying-accessory\/\"><strong data-start=\"493\" data-end=\"518\">marqueur d&#039;arpentage en plastique<\/strong><\/a>, Il permet une identification claire des lignes d&#039;implantation, des points de contr\u00f4le et des marquages de limites sur les chantiers de construction et les sites topographiques.<\/p>\n<p data-start=\"644\" data-end=\"1006\">Con\u00e7u pour la pr\u00e9cision et la fiabilit\u00e9, le <a href=\"https:\/\/mountlaser.com\/fr_fr\/contact-us\/\">Bornier d&#039;arpentage SM01-YL<\/a> Ce marqueur se distingue parmi les bornes topographiques en plastique modernes par ses couleurs vives qui assurent une visibilit\u00e9 optimale m\u00eame \u00e0 distance. Les g\u00e9om\u00e8tres professionnels qui utilisent quotidiennement des bornes topographiques en plastique appr\u00e9cieront sa robustesse, sa r\u00e9sistance aux intemp\u00e9ries et sa pr\u00e9cision constante.<\/p>\n<div>\n<table style=\"border-collapse: collapse; width: 801.02pt;\" border=\"0\" width=\"1068\" cellspacing=\"0\" cellpadding=\"0\">\n<tbody>\n<tr style=\"height: 14.25pt;\">\n<td class=\"et2\" style=\"height: 14.25pt; width: 127.50pt;\" width=\"170\" height=\"19\">NOMBRE<\/td>\n<td class=\"et2\" style=\"width: 196.50pt;\" width=\"262\">COULEUR<\/td>\n<td class=\"et2\" style=\"width: 213.00pt;\" width=\"284\">TAILLE D xdx H<\/td>\n<td class=\"et3\" style=\"width: 93.75pt;\" width=\"125\">MOQ (pi\u00e8ces)<\/td>\n<td class=\"et3\" style=\"width: 170.25pt;\" width=\"227\">IMAGE<\/td>\n<\/tr>\n<tr style=\"height: 14.25pt;\">\n<td class=\"et4\" style=\"height: 14.25pt;\" height=\"19\">SM01-YL<\/td>\n<td class=\"et5\">Jaune<\/td>\n<td class=\"et6\">D46 \u00d7 d10 \u00d7 H6 mm<\/td>\n<td class=\"et7\" align=\"right\">1000<\/td>\n<td class=\"et7\"><img fetchpriority=\"high\" decoding=\"async\" class=\"alignnone wp-image-5350 size-medium\" src=\"https:\/\/mountlaser.com\/wp-content\/uploads\/2025\/12\/SM01-Surveying-Marker5-300x300.webp\" alt=\"SM01-YL Surveying Marker\" width=\"300\" height=\"300\" srcset=\"https:\/\/mountlaser.com\/wp-content\/uploads\/2025\/12\/SM01-Surveying-Marker5-300x300.webp 300w, https:\/\/mountlaser.com\/wp-content\/uploads\/2025\/12\/SM01-Surveying-Marker5-150x150.webp 150w, https:\/\/mountlaser.com\/wp-content\/uploads\/2025\/12\/SM01-Surveying-Marker5-768x768.webp 768w, https:\/\/mountlaser.com\/wp-content\/uploads\/2025\/12\/SM01-Surveying-Marker5-12x12.webp 12w, https:\/\/mountlaser.com\/wp-content\/uploads\/2025\/12\/SM01-Surveying-Marker5-600x600.webp 600w, https:\/\/mountlaser.com\/wp-content\/uploads\/2025\/12\/SM01-Surveying-Marker5-800x800.webp 800w, https:\/\/mountlaser.com\/wp-content\/uploads\/2025\/12\/SM01-Surveying-Marker5-400x400.webp 400w, https:\/\/mountlaser.com\/wp-content\/uploads\/2025\/12\/SM01-Surveying-Marker5.webp 1000w\" sizes=\"(max-width: 300px) 100vw, 300px\" \/><\/td>\n<\/tr>\n<\/tbody>\n<\/table>\n<\/div>","protected":false},"excerpt":{"rendered":"<ul>\n<li>Permet un marquage pr\u00e9cis des points de contr\u00f4le, des limites et des lignes d&#039;implantation<\/li>\n<li>Fabriqu\u00e9 en plastique moul\u00e9 par injection de haute qualit\u00e9 pour une durabilit\u00e9 exceptionnelle<\/li>\n<li>Offert dans des couleurs vives et tr\u00e8s visibles pour une reconnaissance facile sur le terrain<\/li>\n<li>Id\u00e9al pour les chantiers de construction, les lev\u00e9s topographiques et le marquage de r\u00e9f\u00e9rence \u00e0 long terme<\/li>\n<li>Offre des performances fiables en tant que marqueur d&#039;arpentage de qualit\u00e9 professionnelle<\/li>\n<\/ul>","protected":false},"featured_media":5352,"comment_status":"open","ping_status":"closed","template":"","meta":[],"product_brand":[],"product_cat":[152,79],"product_tag":[],"class_list":{"0":"post-5871","1":"product","2":"type-product","3":"status-publish","4":"has-post-thumbnail","6":"product_cat-surveying-marker","7":"product_cat-surveying-accessory","9":"first","10":"instock","11":"shipping-taxable","12":"product-type-simple"},"_links":{"self":[{"href":"https:\/\/mountlaser.com\/fr_fr\/wp-json\/wp\/v2\/product\/5871","targetHints":{"allow":["GET"]}}],"collection":[{"href":"https:\/\/mountlaser.com\/fr_fr\/wp-json\/wp\/v2\/product"}],"about":[{"href":"https:\/\/mountlaser.com\/fr_fr\/wp-json\/wp\/v2\/types\/product"}],"replies":[{"embeddable":true,"href":"https:\/\/mountlaser.com\/fr_fr\/wp-json\/wp\/v2\/comments?post=5871"}],"wp:featuredmedia":[{"embeddable":true,"href":"https:\/\/mountlaser.com\/fr_fr\/wp-json\/wp\/v2\/media\/5352"}],"wp:attachment":[{"href":"https:\/\/mountlaser.com\/fr_fr\/wp-json\/wp\/v2\/media?parent=5871"}],"wp:term":[{"taxonomy":"product_brand","embeddable":true,"href":"https:\/\/mountlaser.com\/fr_fr\/wp-json\/wp\/v2\/product_brand?post=5871"},{"taxonomy":"product_cat","embeddable":true,"href":"https:\/\/mountlaser.com\/fr_fr\/wp-json\/wp\/v2\/product_cat?post=5871"},{"taxonomy":"product_tag","embeddable":true,"href":"https:\/\/mountlaser.com\/fr_fr\/wp-json\/wp\/v2\/product_tag?post=5871"}],"curies":[{"name":"wp","href":"https:\/\/api.w.org\/{rel}","templated":true}]}}