{"id":5869,"date":"2025-12-12T05:45:46","date_gmt":"2025-12-12T05:45:46","guid":{"rendered":"https:\/\/mountlaser.com\/?post_type=product&#038;p=5869"},"modified":"2025-12-12T05:45:46","modified_gmt":"2025-12-12T05:45:46","slug":"al03-abney-level","status":"publish","type":"product","link":"https:\/\/mountlaser.com\/fr_fr\/produit\/al03-abney-level\/","title":{"rendered":"Niveau AL03 Abney"},"content":{"rendered":"<p>Le <a href=\"https:\/\/mountlaser.com\/fr_fr\/\"><strong>Niveau AL03 Abney<\/strong><\/a> Le niveau d&#039;Abney AL03 est un instrument de pr\u00e9cision con\u00e7u pour les professionnels qui ont besoin d&#039;\u00e9valuations rapides et fiables des pentes et des altitudes sur le terrain. Dot\u00e9 d&#039;un tube de vis\u00e9e carr\u00e9 et d&#039;une lunette de mise au point interne, il offre une pr\u00e9cision de 20 pieds (2 mm), ce qui en fait un outil de confiance pour l&#039;\u00e9valuation des terrains, l&#039;implantation de constructions et les mesures topographiques. Compact et robuste, il est largement utilis\u00e9 en topographie \u00e0 main, permettant aux g\u00e9om\u00e8tres d&#039;effectuer des contr\u00f4les d&#039;angles, de pentes et d&#039;altitudes avec pr\u00e9cision et efficacit\u00e9.<\/p>\n<p>Dot\u00e9 d&#039;arcs interchangeables, d&#039;une \u00e9chelle principale de 1\u00b0 avec vernier de 10\u2032 et d&#039;\u00e9chelles de pente int\u00e9gr\u00e9es de 1:1 et 1:10, le <a href=\"https:\/\/mountlaser.com\/fr_fr\/categorie-produit\/surveying-accessory\/\">Niveau AL03 Abney<\/a> S&#039;adaptant facilement \u00e0 une large gamme d&#039;applications sur le terrain, cet instrument est dot\u00e9 d&#039;un cadran de 90 mm offrant une plage de mesure claire de 0\u00b0 \u00e0 90\u00b0, permettant des mesures aux angles standards et aigus. Con\u00e7u pour les environnements de lev\u00e9s topographiques r\u00e9els, il est un outil fiable pour les lev\u00e9s au niveau \u00e0 main Abney et est fourni avec un \u00e9tui de ceinture pratique pour un transport ais\u00e9 sur le terrain.<\/p>\n<p><img fetchpriority=\"high\" decoding=\"async\" class=\"aligncenter wp-image-5550\" src=\"https:\/\/mountlaser.com\/wp-content\/uploads\/2025\/12\/AL035.webp\" alt=\"AL03 Abney Level\" width=\"500\" height=\"500\" srcset=\"https:\/\/mountlaser.com\/wp-content\/uploads\/2025\/12\/AL035.webp 1000w, https:\/\/mountlaser.com\/wp-content\/uploads\/2025\/12\/AL035-300x300.webp 300w, https:\/\/mountlaser.com\/wp-content\/uploads\/2025\/12\/AL035-150x150.webp 150w, https:\/\/mountlaser.com\/wp-content\/uploads\/2025\/12\/AL035-768x768.webp 768w, https:\/\/mountlaser.com\/wp-content\/uploads\/2025\/12\/AL035-12x12.webp 12w, https:\/\/mountlaser.com\/wp-content\/uploads\/2025\/12\/AL035-600x600.webp 600w, https:\/\/mountlaser.com\/wp-content\/uploads\/2025\/12\/AL035-800x800.webp 800w, https:\/\/mountlaser.com\/wp-content\/uploads\/2025\/12\/AL035-400x400.webp 400w\" sizes=\"(max-width: 500px) 100vw, 500px\" \/><\/p>\n<p>Con\u00e7u pour la polyvalence, la portabilit\u00e9 et une pr\u00e9cision fiable, le niveau Abney AL03 reste une solution de choix pour les professionnels qui effectuent r\u00e9guli\u00e8rement des mesures de pr\u00e9cision. <a href=\"https:\/\/mountlaser.com\/fr_fr\/about-us\/\"><strong>lev\u00e9 topographique \u00e0 niveau manuel Abney<\/strong><\/a> et n\u00e9cessitent un outil pr\u00e9cis pour mesurer les pentes, les angles et les variations d&#039;altitude.<\/p>","protected":false},"excerpt":{"rendered":"<ul>\n<li>Mesure pr\u00e9cise des pentes, des angles et des variations d&#039;altitude<\/li>\n<li>Tube de vis\u00e9e carr\u00e9 avec lunette de mise au point interne (pr\u00e9cision 20&#039;\/2 mm)<\/li>\n<li>Arcs de mesure interchangeables pour une utilisation flexible<\/li>\n<li>\u00c9chelle au 1\u00b0 avec vernier de 10\u2032 pour des lectures pr\u00e9cises<\/li>\n<li>\u00c9chelles de pente int\u00e9gr\u00e9es 1:1 et 1:10<\/li>\n<li>Cadran de 90 mm, plage de mesure de 0\u00b0 \u00e0 90\u00b0<\/li>\n<li>Comprend un \u00e9tui \u00e0 passant de ceinture pour un transport facile sur le terrain.<\/li>\n<li>Id\u00e9al pour des lev\u00e9s topographiques rapides et fiables \u00e0 l&#039;aide d&#039;un niveau \u00e0 main Abney<\/li>\n<\/ul>","protected":false},"featured_media":5546,"comment_status":"open","ping_status":"closed","template":"","meta":[],"product_brand":[],"product_cat":[156,79],"product_tag":[],"class_list":{"0":"post-5869","1":"product","2":"type-product","3":"status-publish","4":"has-post-thumbnail","6":"product_cat-abney-level","7":"product_cat-surveying-accessory","9":"first","10":"instock","11":"shipping-taxable","12":"product-type-simple"},"_links":{"self":[{"href":"https:\/\/mountlaser.com\/fr_fr\/wp-json\/wp\/v2\/product\/5869","targetHints":{"allow":["GET"]}}],"collection":[{"href":"https:\/\/mountlaser.com\/fr_fr\/wp-json\/wp\/v2\/product"}],"about":[{"href":"https:\/\/mountlaser.com\/fr_fr\/wp-json\/wp\/v2\/types\/product"}],"replies":[{"embeddable":true,"href":"https:\/\/mountlaser.com\/fr_fr\/wp-json\/wp\/v2\/comments?post=5869"}],"wp:featuredmedia":[{"embeddable":true,"href":"https:\/\/mountlaser.com\/fr_fr\/wp-json\/wp\/v2\/media\/5546"}],"wp:attachment":[{"href":"https:\/\/mountlaser.com\/fr_fr\/wp-json\/wp\/v2\/media?parent=5869"}],"wp:term":[{"taxonomy":"product_brand","embeddable":true,"href":"https:\/\/mountlaser.com\/fr_fr\/wp-json\/wp\/v2\/product_brand?post=5869"},{"taxonomy":"product_cat","embeddable":true,"href":"https:\/\/mountlaser.com\/fr_fr\/wp-json\/wp\/v2\/product_cat?post=5869"},{"taxonomy":"product_tag","embeddable":true,"href":"https:\/\/mountlaser.com\/fr_fr\/wp-json\/wp\/v2\/product_tag?post=5869"}],"curies":[{"name":"wp","href":"https:\/\/api.w.org\/{rel}","templated":true}]}}