{"id":5867,"date":"2025-12-12T03:13:33","date_gmt":"2025-12-12T03:13:33","guid":{"rendered":"https:\/\/mountlaser.com\/?post_type=product&#038;p=5867"},"modified":"2025-12-12T03:13:33","modified_gmt":"2025-12-12T03:13:33","slug":"ps4a-pocket-stereo-viewer","status":"publish","type":"product","link":"https:\/\/mountlaser.com\/fr_fr\/produit\/ps4a-pocket-stereo-viewer\/","title":{"rendered":"Visionneuse st\u00e9r\u00e9o de poche PS4A"},"content":{"rendered":"<p>Le <a href=\"https:\/\/mountlaser.com\/fr_fr\/\"><strong>Visionneuse st\u00e9r\u00e9o de poche PS4A<\/strong><\/a> Le PS4A est un st\u00e9r\u00e9oscope compact et pr\u00eat \u00e0 l&#039;emploi, con\u00e7u pour les g\u00e9om\u00e8tres et cartographes professionnels qui privil\u00e9gient une interpr\u00e9tation claire des images st\u00e9r\u00e9oscopiques. Dot\u00e9 de supports robustes en alliage m\u00e9tallique moul\u00e9, le st\u00e9r\u00e9oscope de poche PS4A offre un grossissement fiable de 4x, ce qui en fait une alternative performante et portable aux instruments st\u00e9r\u00e9oscopiques plus volumineux. Ses performances optiques et sa construction robuste en font \u00e9galement un excellent choix pour les utilisateurs exigeants. <a href=\"https:\/\/mountlaser.com\/fr_fr\/categorie-produit\/surveying-accessory\/\"><strong>Visionneuse st\u00e9r\u00e9oscopique de poche 4X<\/strong><\/a> aussi bien au bureau qu&#039;en ext\u00e9rieur.<\/p>\n<p>Con\u00e7u pour le confort et la clart\u00e9, le <a href=\"https:\/\/mountlaser.com\/fr_fr\/about-us\/\">Visionneuse st\u00e9r\u00e9o de poche PS4A<\/a> Ce st\u00e9r\u00e9oscope de poche 4x offre un \u00e9cart interpupillaire r\u00e9glable de 56 \u00e0 75 mm, permettant un confort optimal m\u00eame lors de longues s\u00e9ances d&#039;observation. Son large champ de vision de 125 \u00d7 125 mm facilite l&#039;analyse st\u00e9r\u00e9oscopique d\u00e9taill\u00e9e, sans l&#039;encombrement ni les limitations des st\u00e9r\u00e9oscopes traditionnels. Polyvalent, il excelle dans l&#039;\u00e9valuation du terrain, la photogramm\u00e9trie et l&#039;interpr\u00e9tation d&#039;images st\u00e9r\u00e9oscopiques.<\/p>\n<p><img fetchpriority=\"high\" decoding=\"async\" class=\"aligncenter wp-image-5562\" src=\"https:\/\/mountlaser.com\/wp-content\/uploads\/2025\/12\/\u4e3b\u56fe2-4.webp\" alt=\"PS4A Pocket Stereo Viewer\" width=\"500\" height=\"500\" srcset=\"https:\/\/mountlaser.com\/wp-content\/uploads\/2025\/12\/\u4e3b\u56fe2-4.webp 1000w, https:\/\/mountlaser.com\/wp-content\/uploads\/2025\/12\/\u4e3b\u56fe2-4-300x300.webp 300w, https:\/\/mountlaser.com\/wp-content\/uploads\/2025\/12\/\u4e3b\u56fe2-4-150x150.webp 150w, https:\/\/mountlaser.com\/wp-content\/uploads\/2025\/12\/\u4e3b\u56fe2-4-768x768.webp 768w, https:\/\/mountlaser.com\/wp-content\/uploads\/2025\/12\/\u4e3b\u56fe2-4-12x12.webp 12w, https:\/\/mountlaser.com\/wp-content\/uploads\/2025\/12\/\u4e3b\u56fe2-4-600x600.webp 600w, https:\/\/mountlaser.com\/wp-content\/uploads\/2025\/12\/\u4e3b\u56fe2-4-800x800.webp 800w, https:\/\/mountlaser.com\/wp-content\/uploads\/2025\/12\/\u4e3b\u56fe2-4-400x400.webp 400w\" sizes=\"(max-width: 500px) 100vw, 500px\" \/><\/p>\n<p>Que vous r\u00e9alisiez des relev\u00e9s topographiques sur le terrain ou analysiez des photographies a\u00e9riennes au bureau, la visionneuse st\u00e9r\u00e9oscopique de poche PS4A offre la stabilit\u00e9, la clart\u00e9 et la pr\u00e9cision optique n\u00e9cessaires aux flux de travail modernes en topographie. Son grossissement optique 4x et son format compact en font l&#039;outil id\u00e9al. <a href=\"https:\/\/mountlaser.com\/fr_fr\/contact-us\/\">Visionneuse st\u00e9r\u00e9oscopique de poche 4X<\/a> pour les professionnels qui ont besoin de pr\u00e9cision sans sacrifier la portabilit\u00e9.<\/p>","protected":false},"excerpt":{"rendered":"<ul>\n<li>Grossissement 4X pour une interpr\u00e9tation claire de l&#039;image st\u00e9r\u00e9oscopique<\/li>\n<li>Distance interpupillaire r\u00e9glable (56\u201375 mm) pour un confort d&#039;utilisation optimal<\/li>\n<li>Champ de vision de 125 mm \u00d7 125 mm pour l&#039;observation st\u00e9r\u00e9oscopique \u00e0 grande \u00e9chelle<\/li>\n<li>Construction robuste en alliage m\u00e9tallique moul\u00e9 pour une fiabilit\u00e9 sur le terrain<\/li>\n<li>Id\u00e9al pour les applications de photogramm\u00e9trie, d&#039;analyse de terrain et de lev\u00e9s topographiques<\/li>\n<li>Fonctionne comme un st\u00e9r\u00e9oscope de poche 4X tr\u00e8s portable<\/li>\n<\/ul>","protected":false},"featured_media":5564,"comment_status":"open","ping_status":"closed","template":"","meta":[],"product_brand":[],"product_cat":[158,79],"product_tag":[],"class_list":{"0":"post-5867","1":"product","2":"type-product","3":"status-publish","4":"has-post-thumbnail","6":"product_cat-pocket-stereo-viewer","7":"product_cat-surveying-accessory","9":"first","10":"instock","11":"shipping-taxable","12":"product-type-simple"},"_links":{"self":[{"href":"https:\/\/mountlaser.com\/fr_fr\/wp-json\/wp\/v2\/product\/5867","targetHints":{"allow":["GET"]}}],"collection":[{"href":"https:\/\/mountlaser.com\/fr_fr\/wp-json\/wp\/v2\/product"}],"about":[{"href":"https:\/\/mountlaser.com\/fr_fr\/wp-json\/wp\/v2\/types\/product"}],"replies":[{"embeddable":true,"href":"https:\/\/mountlaser.com\/fr_fr\/wp-json\/wp\/v2\/comments?post=5867"}],"wp:featuredmedia":[{"embeddable":true,"href":"https:\/\/mountlaser.com\/fr_fr\/wp-json\/wp\/v2\/media\/5564"}],"wp:attachment":[{"href":"https:\/\/mountlaser.com\/fr_fr\/wp-json\/wp\/v2\/media?parent=5867"}],"wp:term":[{"taxonomy":"product_brand","embeddable":true,"href":"https:\/\/mountlaser.com\/fr_fr\/wp-json\/wp\/v2\/product_brand?post=5867"},{"taxonomy":"product_cat","embeddable":true,"href":"https:\/\/mountlaser.com\/fr_fr\/wp-json\/wp\/v2\/product_cat?post=5867"},{"taxonomy":"product_tag","embeddable":true,"href":"https:\/\/mountlaser.com\/fr_fr\/wp-json\/wp\/v2\/product_tag?post=5867"}],"curies":[{"name":"wp","href":"https:\/\/api.w.org\/{rel}","templated":true}]}}