{"id":5858,"date":"2025-12-12T02:40:46","date_gmt":"2025-12-12T02:40:46","guid":{"rendered":"https:\/\/mountlaser.com\/?post_type=product&#038;p=5858"},"modified":"2025-12-12T02:40:46","modified_gmt":"2025-12-12T02:40:46","slug":"dql-8-geology-compass","status":"publish","type":"product","link":"https:\/\/mountlaser.com\/fr_fr\/produit\/dql-8-geology-compass\/","title":{"rendered":"Boussole g\u00e9ologique DQL-8"},"content":{"rendered":"<p>Le <a href=\"https:\/\/mountlaser.com\/fr_fr\/\"><strong>Boussole g\u00e9ologique DQL-8<\/strong><\/a> Il s&#039;agit d&#039;un instrument de terrain de pr\u00e9cision con\u00e7u pour la g\u00e9ologie structurale, la cartographie et les lev\u00e9s topographiques. Con\u00e7u pour offrir des performances comparables \u00e0 celles d&#039;un instrument de haute qualit\u00e9. <a href=\"https:\/\/mountlaser.com\/fr_fr\/categorie-produit\/surveying-accessory\/\"><strong>clinom\u00e8tre de boussole Brunton<\/strong><\/a>, Le DQL-8 offre une pr\u00e9cision fiable pour la mesure de la direction, du pendage, de l&#039;azimut et de l&#039;inclinaison. Que ce soit pour la recherche acad\u00e9mique ou l&#039;exploration g\u00e9ologique professionnelle, ce mod\u00e8le garantit des performances fiables m\u00eame dans des conditions de terrain exigeantes.<\/p>\n<p>La boussole g\u00e9ologique DQL-8 est dot\u00e9e d&#039;un niveau \u00e0 bulle long d&#039;une sensibilit\u00e9 de 15&#039; \u00b1 3&#039;\/2 mm et d&#039;un niveau \u00e0 bulle circulaire d&#039;une pr\u00e9cision de 30&#039; \u00b1 8&#039;\/2 mm, garantissant des lectures stables et pr\u00e9cises. Son clinom\u00e8tre int\u00e9gr\u00e9, con\u00e7u avec une erreur de lecture \u2264 0,5\u00b0, facilite la mesure des angles d&#039;inclinaison, ce qui en fait une excellente alternative aux boussoles traditionnelles. <a href=\"https:\/\/mountlaser.com\/fr_fr\/about-us\/\"><strong>clinom\u00e8tre de boussole Brunton<\/strong><\/a>. L&#039;\u00e9chelle gradu\u00e9e au 1\/20e de pouce offre des graduations claires pour des mesures structurelles rapides et pr\u00e9cises.<\/p>\n<p><img fetchpriority=\"high\" decoding=\"async\" class=\"aligncenter wp-image-5863\" src=\"https:\/\/mountlaser.com\/wp-content\/uploads\/2025\/12\/DQL-8\uff085\uff09.webp\" alt=\"DQL-8 geology compass\" width=\"500\" height=\"500\" srcset=\"https:\/\/mountlaser.com\/wp-content\/uploads\/2025\/12\/DQL-8\uff085\uff09.webp 1000w, https:\/\/mountlaser.com\/wp-content\/uploads\/2025\/12\/DQL-8\uff085\uff09-300x300.webp 300w, https:\/\/mountlaser.com\/wp-content\/uploads\/2025\/12\/DQL-8\uff085\uff09-150x150.webp 150w, https:\/\/mountlaser.com\/wp-content\/uploads\/2025\/12\/DQL-8\uff085\uff09-768x768.webp 768w, https:\/\/mountlaser.com\/wp-content\/uploads\/2025\/12\/DQL-8\uff085\uff09-12x12.webp 12w, https:\/\/mountlaser.com\/wp-content\/uploads\/2025\/12\/DQL-8\uff085\uff09-600x600.webp 600w, https:\/\/mountlaser.com\/wp-content\/uploads\/2025\/12\/DQL-8\uff085\uff09-800x800.webp 800w, https:\/\/mountlaser.com\/wp-content\/uploads\/2025\/12\/DQL-8\uff085\uff09-400x400.webp 400w\" sizes=\"(max-width: 500px) 100vw, 500px\" \/><\/p>\n<p>Extr\u00eamement durable et facile \u00e0 utiliser, le <a href=\"https:\/\/mountlaser.com\/fr_fr\/contact-us\/\">Boussole g\u00e9ologique DQL-8<\/a> Cet instrument est destin\u00e9 aux g\u00e9ologues qui ont besoin d&#039;un outil robuste et fiable pour les relev\u00e9s min\u00e9ralogiques, l&#039;\u00e9tude de l&#039;orientation des roches et les travaux de terrain environnementaux. Combinant boussole g\u00e9ologique et clinom\u00e8tre Brunton, il allie pr\u00e9cision et praticit\u00e9 dans un seul instrument.<\/p>","protected":false},"excerpt":{"rendered":"<ul>\n<li>Mesures de la direction, du pendage, de l&#039;azimut et de l&#039;inclinaison pour l&#039;analyse g\u00e9ologique et structurale<\/li>\n<li>Niveau \u00e0 bulle long (15&#039;\u00b13&#039;\/2 mm) et niveau \u00e0 bulle circulaire (30&#039;\u00b18&#039;\/2 mm) pour un nivellement stable<\/li>\n<li>Erreur de lecture du clinom\u00e8tre \u2264 0,5\u00b0 pour une mesure pr\u00e9cise de l&#039;angle<\/li>\n<li>\u00c9chelle du cadran au 1\/10 pour des lectures claires et fiables<\/li>\n<li>Fonctionne \u00e0 la fois comme une boussole g\u00e9ologique et comme une alternative au clinom\u00e8tre de Brunton.<\/li>\n<li>Durable, portable et id\u00e9al pour les professionnels de terrain<\/li>\n<\/ul>","protected":false},"featured_media":5859,"comment_status":"open","ping_status":"closed","template":"","meta":[],"product_brand":[],"product_cat":[165,79],"product_tag":[],"class_list":{"0":"post-5858","1":"product","2":"type-product","3":"status-publish","4":"has-post-thumbnail","6":"product_cat-geology-compass","7":"product_cat-surveying-accessory","9":"first","10":"instock","11":"shipping-taxable","12":"product-type-simple"},"_links":{"self":[{"href":"https:\/\/mountlaser.com\/fr_fr\/wp-json\/wp\/v2\/product\/5858","targetHints":{"allow":["GET"]}}],"collection":[{"href":"https:\/\/mountlaser.com\/fr_fr\/wp-json\/wp\/v2\/product"}],"about":[{"href":"https:\/\/mountlaser.com\/fr_fr\/wp-json\/wp\/v2\/types\/product"}],"replies":[{"embeddable":true,"href":"https:\/\/mountlaser.com\/fr_fr\/wp-json\/wp\/v2\/comments?post=5858"}],"wp:featuredmedia":[{"embeddable":true,"href":"https:\/\/mountlaser.com\/fr_fr\/wp-json\/wp\/v2\/media\/5859"}],"wp:attachment":[{"href":"https:\/\/mountlaser.com\/fr_fr\/wp-json\/wp\/v2\/media?parent=5858"}],"wp:term":[{"taxonomy":"product_brand","embeddable":true,"href":"https:\/\/mountlaser.com\/fr_fr\/wp-json\/wp\/v2\/product_brand?post=5858"},{"taxonomy":"product_cat","embeddable":true,"href":"https:\/\/mountlaser.com\/fr_fr\/wp-json\/wp\/v2\/product_cat?post=5858"},{"taxonomy":"product_tag","embeddable":true,"href":"https:\/\/mountlaser.com\/fr_fr\/wp-json\/wp\/v2\/product_tag?post=5858"}],"curies":[{"name":"wp","href":"https:\/\/api.w.org\/{rel}","templated":true}]}}