{"id":5851,"date":"2025-12-12T01:30:53","date_gmt":"2025-12-12T01:30:53","guid":{"rendered":"https:\/\/mountlaser.com\/?post_type=product&#038;p=5851"},"modified":"2025-12-12T01:30:53","modified_gmt":"2025-12-12T01:30:53","slug":"tsfg02-tripod-floor-guide","status":"publish","type":"product","link":"https:\/\/mountlaser.com\/fr_fr\/produit\/tsfg02-tripod-floor-guide\/","title":{"rendered":"Guide de sol pour tr\u00e9pied TSFG02"},"content":{"rendered":"<p data-start=\"145\" data-end=\"641\">Le <a href=\"https:\/\/mountlaser.com\/fr_fr\/\"><strong data-start=\"149\" data-end=\"178\">Guide de sol pour tr\u00e9pied TSFG02<\/strong><\/a> Le guide de sol pour tr\u00e9pied TSFG02 est un accessoire de stabilisation de pr\u00e9cision con\u00e7u pour maintenir les tr\u00e9pieds topographiques stables et correctement positionn\u00e9s sur des surfaces lisses ou dures. Fabriqu\u00e9 en aluminium durable, il \u00e9tend les pieds du tr\u00e9pied jusqu&#039;\u00e0 60 cm (23,6 pouces), offrant ainsi une assise plus large et plus s\u00fbre. <a href=\"https:\/\/mountlaser.com\/fr_fr\/categorie-produit\/surveying-accessory\/\"><strong data-start=\"473\" data-end=\"494\">Stabilisateur de tr\u00e9pied<\/strong><\/a>, il comprend des emplacements suppl\u00e9mentaires \u00e0 36 cm, 47 cm et 58 cm, permettant aux g\u00e9om\u00e8tres d&#039;ajuster et de verrouiller rapidement leur tr\u00e9pied pour un alignement pr\u00e9cis.<\/p>\n<p><img fetchpriority=\"high\" decoding=\"async\" class=\"aligncenter wp-image-5579\" src=\"https:\/\/mountlaser.com\/wp-content\/uploads\/2025\/12\/TSFG02.webp\" alt=\"TSFG02 Tripod Floor Guide\" width=\"500\" height=\"500\" srcset=\"https:\/\/mountlaser.com\/wp-content\/uploads\/2025\/12\/TSFG02.webp 1000w, https:\/\/mountlaser.com\/wp-content\/uploads\/2025\/12\/TSFG02-300x300.webp 300w, https:\/\/mountlaser.com\/wp-content\/uploads\/2025\/12\/TSFG02-150x150.webp 150w, https:\/\/mountlaser.com\/wp-content\/uploads\/2025\/12\/TSFG02-768x768.webp 768w, https:\/\/mountlaser.com\/wp-content\/uploads\/2025\/12\/TSFG02-12x12.webp 12w, https:\/\/mountlaser.com\/wp-content\/uploads\/2025\/12\/TSFG02-600x600.webp 600w, https:\/\/mountlaser.com\/wp-content\/uploads\/2025\/12\/TSFG02-800x800.webp 800w, https:\/\/mountlaser.com\/wp-content\/uploads\/2025\/12\/TSFG02-400x400.webp 400w\" sizes=\"(max-width: 500px) 100vw, 500px\" \/><\/p>\n<p>Gr\u00e2ce \u00e0 ses encoches d\u00e9di\u00e9es et \u00e0 ses sangles en caoutchouc qui maintiennent fermement les points d&#039;ancrage du tr\u00e9pied, ce stabilisateur assure une stabilit\u00e9 constante lors des op\u00e9rations de station totale, de niveau laser ou de num\u00e9risation. Que vous travailliez sur des sols polis, du b\u00e9ton ou en int\u00e9rieur, le guide de sol pour tr\u00e9pied TSFG02 garantit une installation plus rapide, un glissement minimal et une pr\u00e9cision de mesure accrue, ce qui en fait un accessoire indispensable. <a href=\"https:\/\/mountlaser.com\/fr_fr\/about-us\/\">Stabilisateur de tr\u00e9pied<\/a> pour les g\u00e9om\u00e8tres professionnels.<\/p>","protected":false},"excerpt":{"rendered":"<ul>\n<li>Les pieds du tr\u00e9pied s&#039;\u00e9tendent jusqu&#039;\u00e0 60 cm pour une meilleure stabilit\u00e9.<\/li>\n<li>Plusieurs positions d&#039;emplacement (36 cm \/ 47 cm \/ 58 cm) pour des configurations polyvalentes<\/li>\n<li>Les fentes pour sangles en caoutchouc maintiennent les points de fixation du tr\u00e9pied en place en toute s\u00e9curit\u00e9.<\/li>\n<li>Emp\u00eache le d\u00e9placement du tr\u00e9pied sur les surfaces int\u00e9rieures lisses ou dures.<\/li>\n<li>Am\u00e9liore la pr\u00e9cision lors de l&#039;alignement des instruments<\/li>\n<\/ul>","protected":false},"featured_media":5579,"comment_status":"open","ping_status":"closed","template":"","meta":[],"product_brand":[],"product_cat":[160,79],"product_tag":[],"class_list":{"0":"post-5851","1":"product","2":"type-product","3":"status-publish","4":"has-post-thumbnail","6":"product_cat-tripod-floor-guide","7":"product_cat-surveying-accessory","9":"first","10":"instock","11":"shipping-taxable","12":"product-type-simple"},"_links":{"self":[{"href":"https:\/\/mountlaser.com\/fr_fr\/wp-json\/wp\/v2\/product\/5851","targetHints":{"allow":["GET"]}}],"collection":[{"href":"https:\/\/mountlaser.com\/fr_fr\/wp-json\/wp\/v2\/product"}],"about":[{"href":"https:\/\/mountlaser.com\/fr_fr\/wp-json\/wp\/v2\/types\/product"}],"replies":[{"embeddable":true,"href":"https:\/\/mountlaser.com\/fr_fr\/wp-json\/wp\/v2\/comments?post=5851"}],"wp:featuredmedia":[{"embeddable":true,"href":"https:\/\/mountlaser.com\/fr_fr\/wp-json\/wp\/v2\/media\/5579"}],"wp:attachment":[{"href":"https:\/\/mountlaser.com\/fr_fr\/wp-json\/wp\/v2\/media?parent=5851"}],"wp:term":[{"taxonomy":"product_brand","embeddable":true,"href":"https:\/\/mountlaser.com\/fr_fr\/wp-json\/wp\/v2\/product_brand?post=5851"},{"taxonomy":"product_cat","embeddable":true,"href":"https:\/\/mountlaser.com\/fr_fr\/wp-json\/wp\/v2\/product_cat?post=5851"},{"taxonomy":"product_tag","embeddable":true,"href":"https:\/\/mountlaser.com\/fr_fr\/wp-json\/wp\/v2\/product_tag?post=5851"}],"curies":[{"name":"wp","href":"https:\/\/api.w.org\/{rel}","templated":true}]}}