{"id":5843,"date":"2025-12-11T09:02:52","date_gmt":"2025-12-11T09:02:52","guid":{"rendered":"https:\/\/mountlaser.com\/?post_type=product&#038;p=5843"},"modified":"2025-12-11T09:02:52","modified_gmt":"2025-12-11T09:02:52","slug":"sc60012-soft-case","status":"publish","type":"product","link":"https:\/\/mountlaser.com\/fr_fr\/produit\/sc60012-soft-case\/","title":{"rendered":"\u00c9tui souple SC60012"},"content":{"rendered":"<p data-start=\"161\" data-end=\"621\">Le <a href=\"https:\/\/mountlaser.com\/fr_fr\/\"><strong data-start=\"165\" data-end=\"186\">\u00c9tui souple SC60012<\/strong><\/a> est une solution de protection durable et r\u00e9sistante aux intemp\u00e9ries, con\u00e7ue pour prot\u00e9ger vos instruments de topographie dans les environnements de terrain les plus difficiles. Con\u00e7ue sp\u00e9cifiquement comme un <a href=\"https:\/\/mountlaser.com\/fr_fr\/categorie-produit\/surveying-accessory\/\"><strong data-start=\"342\" data-end=\"365\">Couverture de station totale<\/strong><\/a>, Elle prot\u00e8ge l&#039;\u00e9quipement de la pluie, de la poussi\u00e8re, du vent et du soleil, garantissant ainsi une fiabilit\u00e9 durable et des performances constantes. Fabriqu\u00e9e en orange vif haute visibilit\u00e9, la housse souple SC60012 am\u00e9liore la s\u00e9curit\u00e9 sur le chantier tout en conservant une apparence professionnelle.<\/p>\n<p><img fetchpriority=\"high\" decoding=\"async\" class=\"aligncenter wp-image-5844\" src=\"https:\/\/mountlaser.com\/wp-content\/uploads\/2025\/12\/SC-TS041.webp\" alt=\"SC60012 Soft case\" width=\"500\" height=\"500\" srcset=\"https:\/\/mountlaser.com\/wp-content\/uploads\/2025\/12\/SC-TS041.webp 1000w, https:\/\/mountlaser.com\/wp-content\/uploads\/2025\/12\/SC-TS041-300x300.webp 300w, https:\/\/mountlaser.com\/wp-content\/uploads\/2025\/12\/SC-TS041-150x150.webp 150w, https:\/\/mountlaser.com\/wp-content\/uploads\/2025\/12\/SC-TS041-768x768.webp 768w, https:\/\/mountlaser.com\/wp-content\/uploads\/2025\/12\/SC-TS041-12x12.webp 12w, https:\/\/mountlaser.com\/wp-content\/uploads\/2025\/12\/SC-TS041-600x600.webp 600w, https:\/\/mountlaser.com\/wp-content\/uploads\/2025\/12\/SC-TS041-800x800.webp 800w, https:\/\/mountlaser.com\/wp-content\/uploads\/2025\/12\/SC-TS041-400x400.webp 400w\" sizes=\"(max-width: 500px) 100vw, 500px\" \/><\/p>\n<p>Con\u00e7ue pour une accessibilit\u00e9 totale, cette housse pour station totale permet aux op\u00e9rateurs d&#039;atteindre et de contr\u00f4ler les stations robotis\u00e9es sans avoir \u00e0 retirer la protection. Son tissu imperm\u00e9able et r\u00e9sistant offre une protection contre les rayures et les chocs, prolongeant ainsi la dur\u00e9e de vie de vos instruments. Compatible avec les mod\u00e8les Swiss TS12, TS15, TS16 et TRI S6\/S7, <a href=\"https:\/\/mountlaser.com\/fr_fr\/about-us\/\">\u00c9tui souple SC60012<\/a> Il s&#039;agit d&#039;une housse de station totale simple mais essentielle pour tout professionnel de la topographie.<\/p>","protected":false},"excerpt":{"rendered":"<ul>\n<li>Protection toutes saisons contre la pluie, la poussi\u00e8re, le soleil et le vent<\/li>\n<li>La conception accessible permet une utilisation compl\u00e8te des commandes de la station totale robotis\u00e9e<\/li>\n<li>Le tissu imperm\u00e9able ultra-r\u00e9sistant prot\u00e8ge contre les chocs et l&#039;abrasion.<\/li>\n<li>Orange haute visibilit\u00e9 pour une s\u00e9curit\u00e9 accrue sur le chantier<\/li>\n<li>Compatible avec les mod\u00e8les Swiss TS12\/TS15\/TS16 et TRI S6\/S7<\/li>\n<\/ul>","protected":false},"featured_media":5848,"comment_status":"open","ping_status":"closed","template":"","meta":[],"product_brand":[],"product_cat":[164,79],"product_tag":[],"class_list":{"0":"post-5843","1":"product","2":"type-product","3":"status-publish","4":"has-post-thumbnail","6":"product_cat-soft-case","7":"product_cat-surveying-accessory","9":"first","10":"instock","11":"shipping-taxable","12":"product-type-simple"},"_links":{"self":[{"href":"https:\/\/mountlaser.com\/fr_fr\/wp-json\/wp\/v2\/product\/5843","targetHints":{"allow":["GET"]}}],"collection":[{"href":"https:\/\/mountlaser.com\/fr_fr\/wp-json\/wp\/v2\/product"}],"about":[{"href":"https:\/\/mountlaser.com\/fr_fr\/wp-json\/wp\/v2\/types\/product"}],"replies":[{"embeddable":true,"href":"https:\/\/mountlaser.com\/fr_fr\/wp-json\/wp\/v2\/comments?post=5843"}],"wp:featuredmedia":[{"embeddable":true,"href":"https:\/\/mountlaser.com\/fr_fr\/wp-json\/wp\/v2\/media\/5848"}],"wp:attachment":[{"href":"https:\/\/mountlaser.com\/fr_fr\/wp-json\/wp\/v2\/media?parent=5843"}],"wp:term":[{"taxonomy":"product_brand","embeddable":true,"href":"https:\/\/mountlaser.com\/fr_fr\/wp-json\/wp\/v2\/product_brand?post=5843"},{"taxonomy":"product_cat","embeddable":true,"href":"https:\/\/mountlaser.com\/fr_fr\/wp-json\/wp\/v2\/product_cat?post=5843"},{"taxonomy":"product_tag","embeddable":true,"href":"https:\/\/mountlaser.com\/fr_fr\/wp-json\/wp\/v2\/product_tag?post=5843"}],"curies":[{"name":"wp","href":"https:\/\/api.w.org\/{rel}","templated":true}]}}