{"id":5842,"date":"2025-12-11T08:18:33","date_gmt":"2025-12-11T08:18:33","guid":{"rendered":"https:\/\/mountlaser.com\/?post_type=product&#038;p=5842"},"modified":"2025-12-11T08:18:33","modified_gmt":"2025-12-11T08:18:33","slug":"pb01-36-brass-plumb-bob","status":"publish","type":"product","link":"https:\/\/mountlaser.com\/fr_fr\/produit\/pb01-36-brass-plumb-bob\/","title":{"rendered":"Fil \u00e0 plomb en laiton PB01-36"},"content":{"rendered":"<p data-start=\"265\" data-end=\"744\">Le <a href=\"https:\/\/mountlaser.com\/fr_fr\/\"><strong data-start=\"269\" data-end=\"296\">Fil \u00e0 plomb en laiton PB01-36<\/strong><\/a> est un outil robuste et usin\u00e9 avec pr\u00e9cision, con\u00e7u pour les professionnels exigeant une pr\u00e9cision absolue dans chaque t\u00e2che. Gr\u00e2ce \u00e0 son poids cons\u00e9quent et \u00e0 sa construction parfaitement \u00e9quilibr\u00e9e, <a href=\"https:\/\/mountlaser.com\/fr_fr\/categorie-produit\/surveying-accessory\/\"><strong data-start=\"477\" data-end=\"503\">Fil \u00e0 plomb en laiton de 36 oz<\/strong><\/a> Offrant une stabilit\u00e9 verticale exceptionnelle, m\u00eame dans des conditions de chantier difficiles, le fil \u00e0 plomb en laiton PB01-36 est recouvert d&#039;un vernis protecteur durable qui le prot\u00e8ge de la corrosion et garantit un fonctionnement fluide et fiable sur le long terme.<\/p>\n<p><img fetchpriority=\"high\" decoding=\"async\" class=\"aligncenter wp-image-5449\" src=\"https:\/\/mountlaser.com\/wp-content\/uploads\/2025\/12\/PB01.webp\" alt=\"PB01-36 Brass Plumb Bob\" width=\"500\" height=\"500\" srcset=\"https:\/\/mountlaser.com\/wp-content\/uploads\/2025\/12\/PB01.webp 1000w, https:\/\/mountlaser.com\/wp-content\/uploads\/2025\/12\/PB01-300x300.webp 300w, https:\/\/mountlaser.com\/wp-content\/uploads\/2025\/12\/PB01-150x150.webp 150w, https:\/\/mountlaser.com\/wp-content\/uploads\/2025\/12\/PB01-768x768.webp 768w, https:\/\/mountlaser.com\/wp-content\/uploads\/2025\/12\/PB01-12x12.webp 12w, https:\/\/mountlaser.com\/wp-content\/uploads\/2025\/12\/PB01-600x600.webp 600w, https:\/\/mountlaser.com\/wp-content\/uploads\/2025\/12\/PB01-800x800.webp 800w, https:\/\/mountlaser.com\/wp-content\/uploads\/2025\/12\/PB01-400x400.webp 400w\" sizes=\"(max-width: 500px) 100vw, 500px\" \/><\/p>\n<p>Fabriqu\u00e9 en laiton massif et dot\u00e9 d&#039;une pointe en acier tremp\u00e9, le fil \u00e0 plomb en laiton de 1 kg (36 oz) garantit un marquage pr\u00e9cis et une excellente r\u00e9sistance \u00e0 l&#039;usure. Le filetage ASA standard assure la compatibilit\u00e9 avec les cordons et accessoires courants, tandis que le capuchon \u00e0 vis ASA en acier int\u00e8gre un compartiment de rangement pour une pointe suppl\u00e9mentaire, pour plus d&#039;efficacit\u00e9 et de praticit\u00e9. <a href=\"https:\/\/mountlaser.com\/fr_fr\/contact-us\/\">Fil \u00e0 plomb en laiton PB01-36<\/a> durant les op\u00e9rations quotidiennes.<\/p>","protected":false},"excerpt":{"rendered":"<ul>\n<li>Fournit une r\u00e9f\u00e9rence verticale stable et tr\u00e8s pr\u00e9cise<\/li>\n<li>Le corps en laiton massif usin\u00e9 avec pr\u00e9cision assure une r\u00e9partition optimale du poids<\/li>\n<li>La pointe en acier tremp\u00e9 permet un marquage net et fiable.<\/li>\n<li>Le filetage ASA standard assure une large compatibilit\u00e9 avec les cordons et accessoires<\/li>\n<li>Le capuchon \u00e0 vis en acier ASA comprend un espace de rangement interne pour une vis de rechange.<\/li>\n<\/ul>","protected":false},"featured_media":5449,"comment_status":"open","ping_status":"closed","template":"","meta":[],"product_brand":[],"product_cat":[154,79],"product_tag":[],"class_list":{"0":"post-5842","1":"product","2":"type-product","3":"status-publish","4":"has-post-thumbnail","6":"product_cat-brass-plumb-bob","7":"product_cat-surveying-accessory","9":"first","10":"instock","11":"shipping-taxable","12":"product-type-simple"},"_links":{"self":[{"href":"https:\/\/mountlaser.com\/fr_fr\/wp-json\/wp\/v2\/product\/5842","targetHints":{"allow":["GET"]}}],"collection":[{"href":"https:\/\/mountlaser.com\/fr_fr\/wp-json\/wp\/v2\/product"}],"about":[{"href":"https:\/\/mountlaser.com\/fr_fr\/wp-json\/wp\/v2\/types\/product"}],"replies":[{"embeddable":true,"href":"https:\/\/mountlaser.com\/fr_fr\/wp-json\/wp\/v2\/comments?post=5842"}],"wp:featuredmedia":[{"embeddable":true,"href":"https:\/\/mountlaser.com\/fr_fr\/wp-json\/wp\/v2\/media\/5449"}],"wp:attachment":[{"href":"https:\/\/mountlaser.com\/fr_fr\/wp-json\/wp\/v2\/media?parent=5842"}],"wp:term":[{"taxonomy":"product_brand","embeddable":true,"href":"https:\/\/mountlaser.com\/fr_fr\/wp-json\/wp\/v2\/product_brand?post=5842"},{"taxonomy":"product_cat","embeddable":true,"href":"https:\/\/mountlaser.com\/fr_fr\/wp-json\/wp\/v2\/product_cat?post=5842"},{"taxonomy":"product_tag","embeddable":true,"href":"https:\/\/mountlaser.com\/fr_fr\/wp-json\/wp\/v2\/product_tag?post=5842"}],"curies":[{"name":"wp","href":"https:\/\/api.w.org\/{rel}","templated":true}]}}