{"id":5841,"date":"2025-12-11T08:09:14","date_gmt":"2025-12-11T08:09:14","guid":{"rendered":"https:\/\/mountlaser.com\/?post_type=product&#038;p=5841"},"modified":"2025-12-11T08:09:14","modified_gmt":"2025-12-11T08:09:14","slug":"pb01-32-brass-plumb-bob","status":"publish","type":"product","link":"https:\/\/mountlaser.com\/fr_fr\/produit\/pb01-32-brass-plumb-bob\/","title":{"rendered":"Fil \u00e0 plomb en laiton PB01-32"},"content":{"rendered":"<p data-start=\"216\" data-end=\"684\">Le <a href=\"https:\/\/mountlaser.com\/fr_fr\/\"><strong data-start=\"220\" data-end=\"247\">Fil \u00e0 plomb en laiton PB01-32<\/strong><\/a> est con\u00e7u pour les g\u00e9om\u00e8tres et les professionnels de la construction qui exigent une stabilit\u00e9 et une pr\u00e9cision maximales pour les t\u00e2ches d&#039;alignement complexes. Avec son corps usin\u00e9 avec pr\u00e9cision et son poids cons\u00e9quent, <a href=\"https:\/\/mountlaser.com\/fr_fr\/categorie-produit\/surveying-accessory\/\"><strong data-start=\"441\" data-end=\"467\">Fil \u00e0 plomb en laiton de 907 g (32 oz)<\/strong><\/a> Ce fil \u00e0 plomb en laiton PB01-32 offre une stabilit\u00e9 verticale exceptionnelle, m\u00eame par temps venteux ou dans des environnements de chantier tr\u00e8s fr\u00e9quent\u00e9s. Dot\u00e9 d&#039;un rev\u00eatement laqu\u00e9 durable, il garantit une performance et une r\u00e9sistance \u00e0 la corrosion optimales sur le long terme.<\/p>\n<p><img fetchpriority=\"high\" decoding=\"async\" class=\"aligncenter wp-image-5449\" src=\"https:\/\/mountlaser.com\/wp-content\/uploads\/2025\/12\/PB01.webp\" alt=\"PB01-32 Brass Plumb Bob\" width=\"500\" height=\"500\" srcset=\"https:\/\/mountlaser.com\/wp-content\/uploads\/2025\/12\/PB01.webp 1000w, https:\/\/mountlaser.com\/wp-content\/uploads\/2025\/12\/PB01-300x300.webp 300w, https:\/\/mountlaser.com\/wp-content\/uploads\/2025\/12\/PB01-150x150.webp 150w, https:\/\/mountlaser.com\/wp-content\/uploads\/2025\/12\/PB01-768x768.webp 768w, https:\/\/mountlaser.com\/wp-content\/uploads\/2025\/12\/PB01-12x12.webp 12w, https:\/\/mountlaser.com\/wp-content\/uploads\/2025\/12\/PB01-600x600.webp 600w, https:\/\/mountlaser.com\/wp-content\/uploads\/2025\/12\/PB01-800x800.webp 800w, https:\/\/mountlaser.com\/wp-content\/uploads\/2025\/12\/PB01-400x400.webp 400w\" sizes=\"(max-width: 500px) 100vw, 500px\" \/><\/p>\n<p>Fabriqu\u00e9 en laiton massif et dot\u00e9 d&#039;une pointe en acier tremp\u00e9, ce fil \u00e0 plomb en laiton de 907 g (32 oz) garantit un marquage pr\u00e9cis et fiable ainsi qu&#039;une excellente r\u00e9sistance \u00e0 l&#039;usure. Le filetage ASA standard assure une large compatibilit\u00e9, tandis que le capuchon \u00e0 vis ASA en acier comprend un compartiment interne pour une pointe de rechange. <a href=\"https:\/\/mountlaser.com\/fr_fr\/about-us\/\">Fil \u00e0 plomb en laiton PB01-32<\/a> un outil fiable, toujours pr\u00eat \u00e0 l&#039;emploi pour un usage professionnel.<\/p>","protected":false},"excerpt":{"rendered":"<ul>\n<li>Fournit une r\u00e9f\u00e9rence verticale stable et tr\u00e8s pr\u00e9cise<\/li>\n<li>Le corps en laiton massif usin\u00e9 avec pr\u00e9cision assure une r\u00e9partition optimale du poids<\/li>\n<li>La pointe en acier tremp\u00e9 permet un marquage net et fiable.<\/li>\n<li>Le filetage ASA standard assure une large compatibilit\u00e9 avec les cordons et accessoires<\/li>\n<li>Le capuchon \u00e0 vis en acier ASA comprend un espace de rangement interne pour une vis de rechange.<\/li>\n<\/ul>","protected":false},"featured_media":5449,"comment_status":"open","ping_status":"closed","template":"","meta":[],"product_brand":[],"product_cat":[154,79],"product_tag":[],"class_list":{"0":"post-5841","1":"product","2":"type-product","3":"status-publish","4":"has-post-thumbnail","6":"product_cat-brass-plumb-bob","7":"product_cat-surveying-accessory","9":"first","10":"instock","11":"shipping-taxable","12":"product-type-simple"},"_links":{"self":[{"href":"https:\/\/mountlaser.com\/fr_fr\/wp-json\/wp\/v2\/product\/5841","targetHints":{"allow":["GET"]}}],"collection":[{"href":"https:\/\/mountlaser.com\/fr_fr\/wp-json\/wp\/v2\/product"}],"about":[{"href":"https:\/\/mountlaser.com\/fr_fr\/wp-json\/wp\/v2\/types\/product"}],"replies":[{"embeddable":true,"href":"https:\/\/mountlaser.com\/fr_fr\/wp-json\/wp\/v2\/comments?post=5841"}],"wp:featuredmedia":[{"embeddable":true,"href":"https:\/\/mountlaser.com\/fr_fr\/wp-json\/wp\/v2\/media\/5449"}],"wp:attachment":[{"href":"https:\/\/mountlaser.com\/fr_fr\/wp-json\/wp\/v2\/media?parent=5841"}],"wp:term":[{"taxonomy":"product_brand","embeddable":true,"href":"https:\/\/mountlaser.com\/fr_fr\/wp-json\/wp\/v2\/product_brand?post=5841"},{"taxonomy":"product_cat","embeddable":true,"href":"https:\/\/mountlaser.com\/fr_fr\/wp-json\/wp\/v2\/product_cat?post=5841"},{"taxonomy":"product_tag","embeddable":true,"href":"https:\/\/mountlaser.com\/fr_fr\/wp-json\/wp\/v2\/product_tag?post=5841"}],"curies":[{"name":"wp","href":"https:\/\/api.w.org\/{rel}","templated":true}]}}