{"id":5840,"date":"2025-12-11T07:27:09","date_gmt":"2025-12-11T07:27:09","guid":{"rendered":"https:\/\/mountlaser.com\/?post_type=product&#038;p=5840"},"modified":"2025-12-11T07:27:09","modified_gmt":"2025-12-11T07:27:09","slug":"pb01-24-brass-plumb-bob","status":"publish","type":"product","link":"https:\/\/mountlaser.com\/fr_fr\/produit\/pb01-24-brass-plumb-bob\/","title":{"rendered":"Fil \u00e0 plomb en laiton PB01-24"},"content":{"rendered":"<p data-start=\"256\" data-end=\"736\">Le <a href=\"https:\/\/mountlaser.com\/fr_fr\/\"><strong data-start=\"260\" data-end=\"287\">Fil \u00e0 plomb en laiton PB01-24<\/strong><\/a> Con\u00e7u pour les professionnels exigeant une stabilit\u00e9 maximale et une pr\u00e9cision sans compromis sur le terrain, ce produit est fabriqu\u00e9 en laiton massif et usin\u00e9 avec pr\u00e9cision pour un \u00e9quilibre parfait. <a href=\"https:\/\/mountlaser.com\/fr_fr\/categorie-produit\/surveying-accessory\/\"><strong data-start=\"460\" data-end=\"486\">Fil \u00e0 plomb en laiton de 24 oz<\/strong><\/a> Fournit une r\u00e9f\u00e9rence verticale fiable m\u00eame dans des conditions de chantier difficiles. Dot\u00e9 d&#039;une finition laqu\u00e9e protectrice, le fil \u00e0 plomb en laiton PB01-24 offre une durabilit\u00e9 exceptionnelle et conserve son aspect soign\u00e9 malgr\u00e9 une utilisation intensive.<\/p>\n<p><img fetchpriority=\"high\" decoding=\"async\" class=\"aligncenter wp-image-5449\" src=\"https:\/\/mountlaser.com\/wp-content\/uploads\/2025\/12\/PB01.webp\" alt=\"PB01-24 Brass Plumb Bob\" width=\"500\" height=\"500\" srcset=\"https:\/\/mountlaser.com\/wp-content\/uploads\/2025\/12\/PB01.webp 1000w, https:\/\/mountlaser.com\/wp-content\/uploads\/2025\/12\/PB01-300x300.webp 300w, https:\/\/mountlaser.com\/wp-content\/uploads\/2025\/12\/PB01-150x150.webp 150w, https:\/\/mountlaser.com\/wp-content\/uploads\/2025\/12\/PB01-768x768.webp 768w, https:\/\/mountlaser.com\/wp-content\/uploads\/2025\/12\/PB01-12x12.webp 12w, https:\/\/mountlaser.com\/wp-content\/uploads\/2025\/12\/PB01-600x600.webp 600w, https:\/\/mountlaser.com\/wp-content\/uploads\/2025\/12\/PB01-800x800.webp 800w, https:\/\/mountlaser.com\/wp-content\/uploads\/2025\/12\/PB01-400x400.webp 400w\" sizes=\"(max-width: 500px) 100vw, 500px\" \/><\/p>\n<p>Con\u00e7u avec une pointe en acier tremp\u00e9, le <a href=\"https:\/\/mountlaser.com\/fr_fr\/contact-us\/\">Fil \u00e0 plomb en laiton de 24 oz<\/a> Ce fil \u00e0 plomb en laiton PB01-24 permet un marquage net et pr\u00e9cis pour l&#039;implantation et l&#039;alignement. Son filetage ASA standard assure une compatibilit\u00e9 universelle, tandis que son capuchon \u00e0 vis ASA en acier offre un espace de rangement interne pour une pointe suppl\u00e9mentaire, garantissant ainsi qu&#039;il soit toujours pr\u00eat \u00e0 l&#039;emploi sur le terrain. Pour les g\u00e9om\u00e8tres, les constructeurs et les professionnels de l&#039;alignement, cet outil allie un poids id\u00e9al, une construction robuste et une grande pr\u00e9cision.<\/p>","protected":false},"excerpt":{"rendered":"<ul>\n<li>Fournit une r\u00e9f\u00e9rence verticale stable et tr\u00e8s pr\u00e9cise<\/li>\n<li>Le corps en laiton massif usin\u00e9 avec pr\u00e9cision assure une r\u00e9partition optimale du poids<\/li>\n<li>La pointe en acier tremp\u00e9 permet un marquage net et fiable.<\/li>\n<li>Le filetage ASA standard assure une large compatibilit\u00e9 avec les cordons et accessoires<\/li>\n<li>Le capuchon \u00e0 vis en acier ASA comprend un espace de rangement interne pour une vis de rechange.<\/li>\n<\/ul>","protected":false},"featured_media":5449,"comment_status":"open","ping_status":"closed","template":"","meta":[],"product_brand":[],"product_cat":[154,79],"product_tag":[],"class_list":{"0":"post-5840","1":"product","2":"type-product","3":"status-publish","4":"has-post-thumbnail","6":"product_cat-brass-plumb-bob","7":"product_cat-surveying-accessory","9":"first","10":"instock","11":"shipping-taxable","12":"product-type-simple"},"_links":{"self":[{"href":"https:\/\/mountlaser.com\/fr_fr\/wp-json\/wp\/v2\/product\/5840","targetHints":{"allow":["GET"]}}],"collection":[{"href":"https:\/\/mountlaser.com\/fr_fr\/wp-json\/wp\/v2\/product"}],"about":[{"href":"https:\/\/mountlaser.com\/fr_fr\/wp-json\/wp\/v2\/types\/product"}],"replies":[{"embeddable":true,"href":"https:\/\/mountlaser.com\/fr_fr\/wp-json\/wp\/v2\/comments?post=5840"}],"wp:featuredmedia":[{"embeddable":true,"href":"https:\/\/mountlaser.com\/fr_fr\/wp-json\/wp\/v2\/media\/5449"}],"wp:attachment":[{"href":"https:\/\/mountlaser.com\/fr_fr\/wp-json\/wp\/v2\/media?parent=5840"}],"wp:term":[{"taxonomy":"product_brand","embeddable":true,"href":"https:\/\/mountlaser.com\/fr_fr\/wp-json\/wp\/v2\/product_brand?post=5840"},{"taxonomy":"product_cat","embeddable":true,"href":"https:\/\/mountlaser.com\/fr_fr\/wp-json\/wp\/v2\/product_cat?post=5840"},{"taxonomy":"product_tag","embeddable":true,"href":"https:\/\/mountlaser.com\/fr_fr\/wp-json\/wp\/v2\/product_tag?post=5840"}],"curies":[{"name":"wp","href":"https:\/\/api.w.org\/{rel}","templated":true}]}}