{"id":5839,"date":"2025-12-11T07:17:37","date_gmt":"2025-12-11T07:17:37","guid":{"rendered":"https:\/\/mountlaser.com\/?post_type=product&#038;p=5839"},"modified":"2025-12-11T07:18:42","modified_gmt":"2025-12-11T07:18:42","slug":"pb01-18-brass-plumb-bob","status":"publish","type":"product","link":"https:\/\/mountlaser.com\/fr_fr\/produit\/pb01-18-brass-plumb-bob\/","title":{"rendered":"Fil \u00e0 plomb en laiton PB01-18"},"content":{"rendered":"<p data-start=\"263\" data-end=\"713\">Le <a href=\"https:\/\/mountlaser.com\/fr_fr\/\"><strong data-start=\"267\" data-end=\"294\">Fil \u00e0 plomb en laiton PB01-18<\/strong><\/a> Con\u00e7u avec expertise pour les professionnels exigeant une grande pr\u00e9cision et une fiabilit\u00e9 \u00e0 toute \u00e9preuve sur le terrain, cet outil est fabriqu\u00e9 en laiton massif et con\u00e7u pour un \u00e9quilibre parfait. <a href=\"https:\/\/mountlaser.com\/fr_fr\/categorie-produit\/surveying-accessory\/\"><strong data-start=\"464\" data-end=\"490\">Fil \u00e0 plomb en laiton de 18 oz<\/strong><\/a> Il garantit un alignement vertical constant, m\u00eame dans des conditions de chantier difficiles. Son vernis protecteur renforce sa durabilit\u00e9, permettant au fil \u00e0 plomb en laiton PB01-18 de conserver ses performances et son aspect pendant des ann\u00e9es.<\/p>\n<p><img fetchpriority=\"high\" decoding=\"async\" class=\"aligncenter wp-image-5449\" src=\"https:\/\/mountlaser.com\/wp-content\/uploads\/2025\/12\/PB01.webp\" alt=\"PB01-18 Brass Plumb Bob\" width=\"500\" height=\"500\" srcset=\"https:\/\/mountlaser.com\/wp-content\/uploads\/2025\/12\/PB01.webp 1000w, https:\/\/mountlaser.com\/wp-content\/uploads\/2025\/12\/PB01-300x300.webp 300w, https:\/\/mountlaser.com\/wp-content\/uploads\/2025\/12\/PB01-150x150.webp 150w, https:\/\/mountlaser.com\/wp-content\/uploads\/2025\/12\/PB01-768x768.webp 768w, https:\/\/mountlaser.com\/wp-content\/uploads\/2025\/12\/PB01-12x12.webp 12w, https:\/\/mountlaser.com\/wp-content\/uploads\/2025\/12\/PB01-600x600.webp 600w, https:\/\/mountlaser.com\/wp-content\/uploads\/2025\/12\/PB01-800x800.webp 800w, https:\/\/mountlaser.com\/wp-content\/uploads\/2025\/12\/PB01-400x400.webp 400w\" sizes=\"(max-width: 500px) 100vw, 500px\" \/><\/p>\n<p>Dot\u00e9 d&#039;une pointe en acier tremp\u00e9, le <a href=\"https:\/\/mountlaser.com\/fr_fr\/contact-us\/\">Fil \u00e0 plomb en laiton de 18 oz<\/a> Ce fil \u00e0 plomb en laiton PB01-18 offre un marquage net et pr\u00e9cis pour les travaux d&#039;implantation et d&#039;alignement. Son filetage ASA standard garantit une compatibilit\u00e9 universelle, tandis que son capuchon \u00e0 vis ASA en acier int\u00e8gre un rangement pour une pointe suppl\u00e9mentaire, pour plus de praticit\u00e9 et de disponibilit\u00e9. Con\u00e7u pour les professionnels exigeants, il allie durabilit\u00e9, pr\u00e9cision et conception pratique en un seul outil fiable.<\/p>","protected":false},"excerpt":{"rendered":"<ul>\n<li>Fournit une r\u00e9f\u00e9rence verticale stable et pr\u00e9cise pour la mise en page et l&#039;alignement<\/li>\n<li>Corps en laiton massif avec une r\u00e9partition optimale du poids pour des performances fluides et constantes<\/li>\n<li>La pointe en acier tremp\u00e9 assure un marquage net et pr\u00e9cis.<\/li>\n<li>Le filetage ASA standard offre une large compatibilit\u00e9 avec les cordons et accessoires<\/li>\n<li>Bouchon \u00e0 vis en acier ASA avec rangement interne pour vis de rechange, am\u00e9liorant la facilit\u00e9 d&#039;utilisation et la dur\u00e9e de vie.<\/li>\n<\/ul>","protected":false},"featured_media":5449,"comment_status":"open","ping_status":"closed","template":"","meta":[],"product_brand":[],"product_cat":[154,79],"product_tag":[],"class_list":{"0":"post-5839","1":"product","2":"type-product","3":"status-publish","4":"has-post-thumbnail","6":"product_cat-brass-plumb-bob","7":"product_cat-surveying-accessory","9":"first","10":"instock","11":"shipping-taxable","12":"product-type-simple"},"_links":{"self":[{"href":"https:\/\/mountlaser.com\/fr_fr\/wp-json\/wp\/v2\/product\/5839","targetHints":{"allow":["GET"]}}],"collection":[{"href":"https:\/\/mountlaser.com\/fr_fr\/wp-json\/wp\/v2\/product"}],"about":[{"href":"https:\/\/mountlaser.com\/fr_fr\/wp-json\/wp\/v2\/types\/product"}],"replies":[{"embeddable":true,"href":"https:\/\/mountlaser.com\/fr_fr\/wp-json\/wp\/v2\/comments?post=5839"}],"wp:featuredmedia":[{"embeddable":true,"href":"https:\/\/mountlaser.com\/fr_fr\/wp-json\/wp\/v2\/media\/5449"}],"wp:attachment":[{"href":"https:\/\/mountlaser.com\/fr_fr\/wp-json\/wp\/v2\/media?parent=5839"}],"wp:term":[{"taxonomy":"product_brand","embeddable":true,"href":"https:\/\/mountlaser.com\/fr_fr\/wp-json\/wp\/v2\/product_brand?post=5839"},{"taxonomy":"product_cat","embeddable":true,"href":"https:\/\/mountlaser.com\/fr_fr\/wp-json\/wp\/v2\/product_cat?post=5839"},{"taxonomy":"product_tag","embeddable":true,"href":"https:\/\/mountlaser.com\/fr_fr\/wp-json\/wp\/v2\/product_tag?post=5839"}],"curies":[{"name":"wp","href":"https:\/\/api.w.org\/{rel}","templated":true}]}}