{"id":5838,"date":"2025-12-11T06:37:34","date_gmt":"2025-12-11T06:37:34","guid":{"rendered":"https:\/\/mountlaser.com\/?post_type=product&#038;p=5838"},"modified":"2025-12-11T06:37:34","modified_gmt":"2025-12-11T06:37:34","slug":"pb01-16-brass-plumb-bob","status":"publish","type":"product","link":"https:\/\/mountlaser.com\/fr_fr\/produit\/pb01-16-brass-plumb-bob\/","title":{"rendered":"Fil \u00e0 plomb en laiton PB01-16"},"content":{"rendered":"<p data-start=\"264\" data-end=\"707\">Le <a href=\"https:\/\/mountlaser.com\/fr_fr\/\"><strong data-start=\"268\" data-end=\"295\">Fil \u00e0 plomb en laiton PB01-16<\/strong><\/a> Con\u00e7ue pour les professionnels exigeant une pr\u00e9cision sans compromis et une durabilit\u00e9 \u00e0 toute \u00e9preuve, cette machine est usin\u00e9e avec pr\u00e9cision \u00e0 partir de laiton massif et con\u00e7ue pour un \u00e9quilibre parfait. <a href=\"https:\/\/mountlaser.com\/fr_fr\/categorie-produit\/surveying-accessory\/\"><strong data-start=\"461\" data-end=\"487\">Fil \u00e0 plomb en laiton de 454 g (16 oz)<\/strong><\/a> Il assure un alignement vertical d&#039;une stabilit\u00e9 exceptionnelle dans toutes les conditions de travail. Prot\u00e9g\u00e9 par une finition laqu\u00e9e durable, le fil \u00e0 plomb en laiton PB01-16 conserve ses performances et son aspect m\u00eame apr\u00e8s une utilisation prolong\u00e9e sur le terrain.<\/p>\n<p><img fetchpriority=\"high\" decoding=\"async\" class=\"aligncenter wp-image-5449\" src=\"https:\/\/mountlaser.com\/wp-content\/uploads\/2025\/12\/PB01.webp\" alt=\"PB01-16 Brass Plumb Bob\" width=\"500\" height=\"500\" srcset=\"https:\/\/mountlaser.com\/wp-content\/uploads\/2025\/12\/PB01.webp 1000w, https:\/\/mountlaser.com\/wp-content\/uploads\/2025\/12\/PB01-300x300.webp 300w, https:\/\/mountlaser.com\/wp-content\/uploads\/2025\/12\/PB01-150x150.webp 150w, https:\/\/mountlaser.com\/wp-content\/uploads\/2025\/12\/PB01-768x768.webp 768w, https:\/\/mountlaser.com\/wp-content\/uploads\/2025\/12\/PB01-12x12.webp 12w, https:\/\/mountlaser.com\/wp-content\/uploads\/2025\/12\/PB01-600x600.webp 600w, https:\/\/mountlaser.com\/wp-content\/uploads\/2025\/12\/PB01-800x800.webp 800w, https:\/\/mountlaser.com\/wp-content\/uploads\/2025\/12\/PB01-400x400.webp 400w\" sizes=\"(max-width: 500px) 100vw, 500px\" \/><\/p>\n<p>Dot\u00e9 d&#039;une pointe en acier tremp\u00e9, le fil \u00e0 plomb en laiton de 454 g (16 oz) assure un marquage net et pr\u00e9cis pour les travaux d&#039;implantation, d&#039;alignement et de construction. Son filetage ASA standard garantit la compatibilit\u00e9 avec une large gamme de cordons et d&#039;accessoires. Le capuchon \u00e0 vis ASA en acier comprend \u00e9galement un compartiment de rangement interne pour une pointe suppl\u00e9mentaire. <a href=\"https:\/\/mountlaser.com\/fr_fr\/about-us\/\">Fil \u00e0 plomb en laiton PB01-16<\/a> Un outil polyvalent, fiable et tr\u00e8s performant pour les applications professionnelles quotidiennes.<\/p>","protected":false},"excerpt":{"rendered":"<ul>\n<li>Fournit une r\u00e9f\u00e9rence verticale stable et pr\u00e9cise pour la mise en page et l&#039;alignement<\/li>\n<li>Le corps en laiton massif, avec une r\u00e9partition parfaite du poids, assure des performances constantes.<\/li>\n<li>La pointe en acier tremp\u00e9 assure un marquage net et pr\u00e9cis.<\/li>\n<li>Le filetage standard ASA offre une compatibilit\u00e9 avec les cordons et raccords universellement utilis\u00e9s.<\/li>\n<li>Le capuchon \u00e0 vis en acier ASA avec rangement interne pour la pointe am\u00e9liore la praticit\u00e9 et la dur\u00e9e de vie de l&#039;outil.<\/li>\n<\/ul>","protected":false},"featured_media":5449,"comment_status":"open","ping_status":"closed","template":"","meta":[],"product_brand":[],"product_cat":[154,79],"product_tag":[],"class_list":{"0":"post-5838","1":"product","2":"type-product","3":"status-publish","4":"has-post-thumbnail","6":"product_cat-brass-plumb-bob","7":"product_cat-surveying-accessory","9":"first","10":"instock","11":"shipping-taxable","12":"product-type-simple"},"_links":{"self":[{"href":"https:\/\/mountlaser.com\/fr_fr\/wp-json\/wp\/v2\/product\/5838","targetHints":{"allow":["GET"]}}],"collection":[{"href":"https:\/\/mountlaser.com\/fr_fr\/wp-json\/wp\/v2\/product"}],"about":[{"href":"https:\/\/mountlaser.com\/fr_fr\/wp-json\/wp\/v2\/types\/product"}],"replies":[{"embeddable":true,"href":"https:\/\/mountlaser.com\/fr_fr\/wp-json\/wp\/v2\/comments?post=5838"}],"wp:featuredmedia":[{"embeddable":true,"href":"https:\/\/mountlaser.com\/fr_fr\/wp-json\/wp\/v2\/media\/5449"}],"wp:attachment":[{"href":"https:\/\/mountlaser.com\/fr_fr\/wp-json\/wp\/v2\/media?parent=5838"}],"wp:term":[{"taxonomy":"product_brand","embeddable":true,"href":"https:\/\/mountlaser.com\/fr_fr\/wp-json\/wp\/v2\/product_brand?post=5838"},{"taxonomy":"product_cat","embeddable":true,"href":"https:\/\/mountlaser.com\/fr_fr\/wp-json\/wp\/v2\/product_cat?post=5838"},{"taxonomy":"product_tag","embeddable":true,"href":"https:\/\/mountlaser.com\/fr_fr\/wp-json\/wp\/v2\/product_tag?post=5838"}],"curies":[{"name":"wp","href":"https:\/\/api.w.org\/{rel}","templated":true}]}}