{"id":5836,"date":"2025-12-11T06:04:10","date_gmt":"2025-12-11T06:04:10","guid":{"rendered":"https:\/\/mountlaser.com\/?post_type=product&#038;p=5836"},"modified":"2025-12-11T06:10:21","modified_gmt":"2025-12-11T06:10:21","slug":"pb01-12-brass-plumb-bob","status":"publish","type":"product","link":"https:\/\/mountlaser.com\/fr_fr\/produit\/pb01-12-brass-plumb-bob\/","title":{"rendered":"Fil \u00e0 plomb en laiton PB01-12"},"content":{"rendered":"<p data-start=\"286\" data-end=\"717\">Le <a href=\"https:\/\/mountlaser.com\/fr_fr\/\"><strong data-start=\"290\" data-end=\"317\">Fil \u00e0 plomb en laiton PB01-12<\/strong><\/a> Con\u00e7u pour les professionnels exigeant une pr\u00e9cision absolue dans chaque t\u00e2che d&#039;alignement, cet outil est fabriqu\u00e9 en laiton massif et usin\u00e9 avec pr\u00e9cision pour un \u00e9quilibre parfait. <a href=\"https:\/\/mountlaser.com\/fr_fr\/categorie-produit\/surveying-accessory\/\"><strong data-start=\"478\" data-end=\"504\">Fil \u00e0 plomb en laiton de 340 g (12 oz)<\/strong><\/a> Il assure une r\u00e9f\u00e9rence verticale fiable m\u00eame dans des conditions de chantier difficiles. Son rev\u00eatement laqu\u00e9 protecteur renforce sa durabilit\u00e9, permettant au fil \u00e0 plomb en laiton PB01-12 de fonctionner de mani\u00e8re constante sur le terrain pendant une utilisation prolong\u00e9e.<\/p>\n<p><img fetchpriority=\"high\" decoding=\"async\" class=\"aligncenter wp-image-5449\" src=\"https:\/\/mountlaser.com\/wp-content\/uploads\/2025\/12\/PB01.webp\" alt=\"PB01-12 Brass Plumb Bob\" width=\"500\" height=\"500\" srcset=\"https:\/\/mountlaser.com\/wp-content\/uploads\/2025\/12\/PB01.webp 1000w, https:\/\/mountlaser.com\/wp-content\/uploads\/2025\/12\/PB01-300x300.webp 300w, https:\/\/mountlaser.com\/wp-content\/uploads\/2025\/12\/PB01-150x150.webp 150w, https:\/\/mountlaser.com\/wp-content\/uploads\/2025\/12\/PB01-768x768.webp 768w, https:\/\/mountlaser.com\/wp-content\/uploads\/2025\/12\/PB01-12x12.webp 12w, https:\/\/mountlaser.com\/wp-content\/uploads\/2025\/12\/PB01-600x600.webp 600w, https:\/\/mountlaser.com\/wp-content\/uploads\/2025\/12\/PB01-800x800.webp 800w, https:\/\/mountlaser.com\/wp-content\/uploads\/2025\/12\/PB01-400x400.webp 400w\" sizes=\"(max-width: 500px) 100vw, 500px\" \/><\/p>\n<p>Avec sa pointe en acier tremp\u00e9 con\u00e7ue pour un marquage pr\u00e9cis et fiable, le fil \u00e0 plomb en laiton de 340 g (12 oz) offre une pr\u00e9cision \u00e0 toute \u00e9preuve. Le filetage ASA standard garantit la compatibilit\u00e9 avec les cordons et accessoires de fil \u00e0 plomb courants. Un capuchon \u00e0 vis ASA en acier renforce sa robustesse et int\u00e8gre un compartiment de rangement pour une pointe suppl\u00e9mentaire. <a href=\"https:\/\/mountlaser.com\/fr_fr\/about-us\/\">Fil \u00e0 plomb en laiton PB01-12<\/a> \u00e0 la fois pratiques et pr\u00eates \u00e0 l&#039;emploi sur le terrain.<\/p>","protected":false},"excerpt":{"rendered":"<ul>\n<li>Fournit une r\u00e9f\u00e9rence verticale pr\u00e9cise et stable pour la mise en page et l&#039;alignement<\/li>\n<li>Le corps en laiton usin\u00e9 avec pr\u00e9cision assure une r\u00e9partition id\u00e9ale du poids<\/li>\n<li>La pointe en acier tremp\u00e9 permet d&#039;obtenir des lignes de marquage nettes et pr\u00e9cises.<\/li>\n<li>La conception \u00e0 filetage ASA permet la compatibilit\u00e9 avec les cordons et accessoires standard.<\/li>\n<li>Le bouchon \u00e0 vis en acier offre une protection durable et un espace de rangement pour les points suppl\u00e9mentaires<\/li>\n<\/ul>","protected":false},"featured_media":5449,"comment_status":"open","ping_status":"closed","template":"","meta":[],"product_brand":[],"product_cat":[154,79],"product_tag":[],"class_list":{"0":"post-5836","1":"product","2":"type-product","3":"status-publish","4":"has-post-thumbnail","6":"product_cat-brass-plumb-bob","7":"product_cat-surveying-accessory","9":"first","10":"instock","11":"shipping-taxable","12":"product-type-simple"},"_links":{"self":[{"href":"https:\/\/mountlaser.com\/fr_fr\/wp-json\/wp\/v2\/product\/5836","targetHints":{"allow":["GET"]}}],"collection":[{"href":"https:\/\/mountlaser.com\/fr_fr\/wp-json\/wp\/v2\/product"}],"about":[{"href":"https:\/\/mountlaser.com\/fr_fr\/wp-json\/wp\/v2\/types\/product"}],"replies":[{"embeddable":true,"href":"https:\/\/mountlaser.com\/fr_fr\/wp-json\/wp\/v2\/comments?post=5836"}],"wp:featuredmedia":[{"embeddable":true,"href":"https:\/\/mountlaser.com\/fr_fr\/wp-json\/wp\/v2\/media\/5449"}],"wp:attachment":[{"href":"https:\/\/mountlaser.com\/fr_fr\/wp-json\/wp\/v2\/media?parent=5836"}],"wp:term":[{"taxonomy":"product_brand","embeddable":true,"href":"https:\/\/mountlaser.com\/fr_fr\/wp-json\/wp\/v2\/product_brand?post=5836"},{"taxonomy":"product_cat","embeddable":true,"href":"https:\/\/mountlaser.com\/fr_fr\/wp-json\/wp\/v2\/product_cat?post=5836"},{"taxonomy":"product_tag","embeddable":true,"href":"https:\/\/mountlaser.com\/fr_fr\/wp-json\/wp\/v2\/product_tag?post=5836"}],"curies":[{"name":"wp","href":"https:\/\/api.w.org\/{rel}","templated":true}]}}