{"id":5835,"date":"2025-12-11T05:25:32","date_gmt":"2025-12-11T05:25:32","guid":{"rendered":"https:\/\/mountlaser.com\/?post_type=product&#038;p=5835"},"modified":"2025-12-11T05:25:32","modified_gmt":"2025-12-11T05:25:32","slug":"pb01-10-brass-plumb-bob","status":"publish","type":"product","link":"https:\/\/mountlaser.com\/fr_fr\/produit\/pb01-10-brass-plumb-bob\/","title":{"rendered":"Fil \u00e0 plomb en laiton PB01-10"},"content":{"rendered":"<p data-start=\"248\" data-end=\"749\">Le <a href=\"https:\/\/mountlaser.com\/fr_fr\/\"><strong data-start=\"252\" data-end=\"279\">Fil \u00e0 plomb en laiton PB01-10<\/strong><\/a> est un outil haut de gamme, usin\u00e9 avec pr\u00e9cision, con\u00e7u pour les g\u00e9om\u00e8tres, les constructeurs et les professionnels du tra\u00e7age exigeant une pr\u00e9cision exceptionnelle. Fabriqu\u00e9 en laiton massif et recouvert d&#039;un vernis protecteur, ce <a href=\"https:\/\/mountlaser.com\/fr_fr\/categorie-produit\/surveying-accessory\/\"><strong data-start=\"484\" data-end=\"510\">Fil \u00e0 plomb en laiton de 283 g (10 oz)<\/strong><\/a> Offrant une stabilit\u00e9 et une r\u00e9sistance \u00e0 l&#039;usure durables m\u00eame dans des environnements de terrain difficiles, le fil \u00e0 plomb en laiton PB01-10, con\u00e7u avec une r\u00e9partition du poids optimale, garantit une ligne de r\u00e9f\u00e9rence parfaitement verticale pour des travaux d&#039;alignement pr\u00e9cis.<\/p>\n<p data-start=\"248\" data-end=\"749\"><img fetchpriority=\"high\" decoding=\"async\" class=\"aligncenter wp-image-5449\" src=\"https:\/\/mountlaser.com\/wp-content\/uploads\/2025\/12\/PB01.webp\" alt=\"PB01-10 Brass Plumb Bob\" width=\"500\" height=\"500\" srcset=\"https:\/\/mountlaser.com\/wp-content\/uploads\/2025\/12\/PB01.webp 1000w, https:\/\/mountlaser.com\/wp-content\/uploads\/2025\/12\/PB01-300x300.webp 300w, https:\/\/mountlaser.com\/wp-content\/uploads\/2025\/12\/PB01-150x150.webp 150w, https:\/\/mountlaser.com\/wp-content\/uploads\/2025\/12\/PB01-768x768.webp 768w, https:\/\/mountlaser.com\/wp-content\/uploads\/2025\/12\/PB01-12x12.webp 12w, https:\/\/mountlaser.com\/wp-content\/uploads\/2025\/12\/PB01-600x600.webp 600w, https:\/\/mountlaser.com\/wp-content\/uploads\/2025\/12\/PB01-800x800.webp 800w, https:\/\/mountlaser.com\/wp-content\/uploads\/2025\/12\/PB01-400x400.webp 400w\" sizes=\"(max-width: 500px) 100vw, 500px\" \/><\/p>\n<p data-start=\"751\" data-end=\"1150\">Ce fil \u00e0 plomb robuste en laiton de 283 g (10 oz) est dot\u00e9 d&#039;une pointe en acier tremp\u00e9 pour un marquage pr\u00e9cis et fiable, tandis que le filetage standard ASA assure la compatibilit\u00e9 avec les cordons et accessoires de fil \u00e0 plomb courants. Un capuchon \u00e0 vis ASA en acier renforce sa durabilit\u00e9 et comprend un compartiment interne pour ranger une pointe de rechange. <a href=\"https:\/\/mountlaser.com\/fr_fr\/about-us\/\">Fil \u00e0 plomb en laiton PB01-10<\/a> Un outil pratique et pr\u00eat \u00e0 l&#039;emploi sur le terrain pour les professionnels des lev\u00e9s topographiques.<\/p>","protected":false},"excerpt":{"rendered":"<ul>\n<li>Fournit une r\u00e9f\u00e9rence verticale pr\u00e9cise pour la mise en page et l&#039;alignement<\/li>\n<li>Assure une pr\u00e9cision d&#039;aplomb stable et constante gr\u00e2ce \u00e0 sa construction en laiton \u00e9quilibr\u00e9e.<\/li>\n<li>La pointe en acier tremp\u00e9 assure un marquage net et pr\u00e9cis.<\/li>\n<li>Compatible avec les cordons et accessoires \u00e0 filetage ASA<\/li>\n<li>Le compartiment de rangement interne permet de garder les points de rechange facilement accessibles.<\/li>\n<\/ul>","protected":false},"featured_media":5449,"comment_status":"open","ping_status":"closed","template":"","meta":[],"product_brand":[],"product_cat":[154,79],"product_tag":[],"class_list":{"0":"post-5835","1":"product","2":"type-product","3":"status-publish","4":"has-post-thumbnail","6":"product_cat-brass-plumb-bob","7":"product_cat-surveying-accessory","9":"first","10":"instock","11":"shipping-taxable","12":"product-type-simple"},"_links":{"self":[{"href":"https:\/\/mountlaser.com\/fr_fr\/wp-json\/wp\/v2\/product\/5835","targetHints":{"allow":["GET"]}}],"collection":[{"href":"https:\/\/mountlaser.com\/fr_fr\/wp-json\/wp\/v2\/product"}],"about":[{"href":"https:\/\/mountlaser.com\/fr_fr\/wp-json\/wp\/v2\/types\/product"}],"replies":[{"embeddable":true,"href":"https:\/\/mountlaser.com\/fr_fr\/wp-json\/wp\/v2\/comments?post=5835"}],"wp:featuredmedia":[{"embeddable":true,"href":"https:\/\/mountlaser.com\/fr_fr\/wp-json\/wp\/v2\/media\/5449"}],"wp:attachment":[{"href":"https:\/\/mountlaser.com\/fr_fr\/wp-json\/wp\/v2\/media?parent=5835"}],"wp:term":[{"taxonomy":"product_brand","embeddable":true,"href":"https:\/\/mountlaser.com\/fr_fr\/wp-json\/wp\/v2\/product_brand?post=5835"},{"taxonomy":"product_cat","embeddable":true,"href":"https:\/\/mountlaser.com\/fr_fr\/wp-json\/wp\/v2\/product_cat?post=5835"},{"taxonomy":"product_tag","embeddable":true,"href":"https:\/\/mountlaser.com\/fr_fr\/wp-json\/wp\/v2\/product_tag?post=5835"}],"curies":[{"name":"wp","href":"https:\/\/api.w.org\/{rel}","templated":true}]}}