{"id":5834,"date":"2025-12-11T02:42:42","date_gmt":"2025-12-11T02:42:42","guid":{"rendered":"https:\/\/mountlaser.com\/?post_type=product&#038;p=5834"},"modified":"2025-12-11T09:17:17","modified_gmt":"2025-12-11T09:17:17","slug":"hdtdo1-tripod-floor-guide","status":"publish","type":"product","link":"https:\/\/mountlaser.com\/fr_fr\/produit\/hdtdo1-tripod-floor-guide\/","title":{"rendered":"Guide de sol pour tr\u00e9pied HDTDO1"},"content":{"rendered":"<p data-start=\"177\" data-end=\"669\">Le <a href=\"https:\/\/mountlaser.com\/fr_fr\/\"><strong data-start=\"181\" data-end=\"204\">Guide de sol pour tr\u00e9pied HDTDO1 <\/strong><\/a>\u00a0est une solution de mobilit\u00e9 robuste et fiable, sp\u00e9cialement con\u00e7ue pour les configurations de lev\u00e9s topographiques professionnels. Construite comme une v\u00e9ritable <a href=\"https:\/\/mountlaser.com\/fr_fr\/categorie-produit\/surveying-accessory\/\"><strong data-start=\"323\" data-end=\"350\">guide de sol tr\u00e9pied robuste<\/strong><\/a>, Ce guide de sol pour tr\u00e9pied est dot\u00e9 de sections caissonn\u00e9es renforc\u00e9es en acier inoxydable de 25 \u00d7 25 mm, garantissant une durabilit\u00e9 \u00e0 long terme et un support stable lors des op\u00e9rations en int\u00e9rieur. Que vous d\u00e9placiez une station totale, un scanner laser ou tout autre instrument de pr\u00e9cision, le guide de sol pour tr\u00e9pied HDTDO1 assure un mouvement fluide et contr\u00f4l\u00e9, tout en offrant une robustesse exceptionnelle.<\/p>\n<p data-start=\"177\" data-end=\"669\"><img fetchpriority=\"high\" decoding=\"async\" class=\"aligncenter wp-image-5581\" src=\"https:\/\/mountlaser.com\/wp-content\/uploads\/2025\/12\/TD011.webp\" alt=\"HDTDO1 Tripod Floor Guide\" width=\"500\" height=\"500\" srcset=\"https:\/\/mountlaser.com\/wp-content\/uploads\/2025\/12\/TD011.webp 1000w, https:\/\/mountlaser.com\/wp-content\/uploads\/2025\/12\/TD011-300x300.webp 300w, https:\/\/mountlaser.com\/wp-content\/uploads\/2025\/12\/TD011-150x150.webp 150w, https:\/\/mountlaser.com\/wp-content\/uploads\/2025\/12\/TD011-768x768.webp 768w, https:\/\/mountlaser.com\/wp-content\/uploads\/2025\/12\/TD011-12x12.webp 12w, https:\/\/mountlaser.com\/wp-content\/uploads\/2025\/12\/TD011-600x600.webp 600w, https:\/\/mountlaser.com\/wp-content\/uploads\/2025\/12\/TD011-800x800.webp 800w, https:\/\/mountlaser.com\/wp-content\/uploads\/2025\/12\/TD011-400x400.webp 400w\" sizes=\"(max-width: 500px) 100vw, 500px\" \/><\/p>\n<p data-start=\"671\" data-end=\"1260\">Ce guide de sol tr\u00e9pied robuste est \u00e9quip\u00e9 de roues en caoutchouc de 75 mm qui assurent un roulement sans effort et un positionnement pr\u00e9cis, tandis que les freins de stationnement int\u00e9gr\u00e9s contribuent \u00e0 maintenir la stabilit\u00e9 lors de travaux sur des points de mesure d\u00e9licats. Des sangles de verrouillage sur le chariot fixent solidement les pieds du tr\u00e9pied, garantissant une plateforme s\u00fbre et stable pendant le transport ou l&#039;installation. Con\u00e7u pour plus de praticit\u00e9, <a href=\"https:\/\/mountlaser.com\/fr_fr\/contact-us\/\">Guide de sol pour tr\u00e9pied HDTDO1<\/a>\u00a0Enti\u00e8rement pliable pour un rangement compact, elle ne p\u00e8se que 3,0 kg et mesure 66 \u00d7 19 \u00d7 17 cm une fois pli\u00e9e \u2013 id\u00e9ale pour les g\u00e9om\u00e8tres qui ont besoin de mobilit\u00e9 sans compromettre la pr\u00e9cision.<\/p>","protected":false},"excerpt":{"rendered":"<ul>\n<li>Assure un transport fluide et contr\u00f4l\u00e9 des instruments topographiques mont\u00e9s<\/li>\n<li>Fixe les pieds du tr\u00e9pied \u00e0 l&#039;aide de sangles de verrouillage pour \u00e9viter tout d\u00e9placement pendant l&#039;utilisation.<\/li>\n<li>Permet un repositionnement rapide pour les t\u00e2ches d&#039;arpentage en int\u00e9rieur<\/li>\n<li>Assure la stabilit\u00e9 gr\u00e2ce \u00e0 ses roues en caoutchouc et ses freins de stationnement.<\/li>\n<\/ul>","protected":false},"featured_media":5584,"comment_status":"open","ping_status":"closed","template":"","meta":[],"product_brand":[],"product_cat":[160,79],"product_tag":[],"class_list":{"0":"post-5834","1":"product","2":"type-product","3":"status-publish","4":"has-post-thumbnail","6":"product_cat-tripod-floor-guide","7":"product_cat-surveying-accessory","9":"first","10":"instock","11":"shipping-taxable","12":"product-type-simple"},"_links":{"self":[{"href":"https:\/\/mountlaser.com\/fr_fr\/wp-json\/wp\/v2\/product\/5834","targetHints":{"allow":["GET"]}}],"collection":[{"href":"https:\/\/mountlaser.com\/fr_fr\/wp-json\/wp\/v2\/product"}],"about":[{"href":"https:\/\/mountlaser.com\/fr_fr\/wp-json\/wp\/v2\/types\/product"}],"replies":[{"embeddable":true,"href":"https:\/\/mountlaser.com\/fr_fr\/wp-json\/wp\/v2\/comments?post=5834"}],"wp:featuredmedia":[{"embeddable":true,"href":"https:\/\/mountlaser.com\/fr_fr\/wp-json\/wp\/v2\/media\/5584"}],"wp:attachment":[{"href":"https:\/\/mountlaser.com\/fr_fr\/wp-json\/wp\/v2\/media?parent=5834"}],"wp:term":[{"taxonomy":"product_brand","embeddable":true,"href":"https:\/\/mountlaser.com\/fr_fr\/wp-json\/wp\/v2\/product_brand?post=5834"},{"taxonomy":"product_cat","embeddable":true,"href":"https:\/\/mountlaser.com\/fr_fr\/wp-json\/wp\/v2\/product_cat?post=5834"},{"taxonomy":"product_tag","embeddable":true,"href":"https:\/\/mountlaser.com\/fr_fr\/wp-json\/wp\/v2\/product_tag?post=5834"}],"curies":[{"name":"wp","href":"https:\/\/api.w.org\/{rel}","templated":true}]}}