{"id":5821,"date":"2025-12-10T09:32:46","date_gmt":"2025-12-10T09:32:46","guid":{"rendered":"https:\/\/mountlaser.com\/?post_type=product&#038;p=5821"},"modified":"2025-12-11T09:24:48","modified_gmt":"2025-12-11T09:24:48","slug":"ldt-402-series-theodolite","status":"publish","type":"product","link":"https:\/\/mountlaser.com\/fr_fr\/produit\/ldt-402-series-theodolite\/","title":{"rendered":"Th\u00e9odolite s\u00e9rie LDT-402"},"content":{"rendered":"<p>La s\u00e9rie LDT-402 repr\u00e9sente une avanc\u00e9e significative dans la mesure pr\u00e9cise des angles, alliant une construction robuste \u00e0 des fonctionnalit\u00e9s num\u00e9riques intelligentes.<br \/>\nCe <a href=\"https:\/\/mountlaser.com\/fr_fr\/\"><strong>Th\u00e9odolite \u00e9lectronique intelligent<\/strong><\/a> Il est con\u00e7u pour les g\u00e9om\u00e8tres et les professionnels de la construction qui ont besoin d&#039;une collecte de donn\u00e9es fiable, pr\u00e9cise et efficace sur le terrain.<\/p>\n<p>Ce th\u00e9odolite \u00e9lectronique intelligent est dot\u00e9 d&#039;un collecteur de donn\u00e9es int\u00e9gr\u00e9, \u00e9liminant ainsi le besoin d&#039;appareils d&#039;enregistrement externes et rationalisant votre flux de travail.<\/p>\n<p>Le th\u00e9odolite \u00e9lectronique LDT-402A comprend les quatre types suivants\u00a0:<\/p>\n<p>Th\u00e9odolite \u00e9lectronique LDT-402AOL<br \/>\nTh\u00e9odolite, partie inf\u00e9rieure : optique, partie sup\u00e9rieure : laser (faisceau rouge), coque grise<\/p>\n<p>Th\u00e9odolite \u00e9lectronique LDT-402ALO<br \/>\nTh\u00e9odolite, partie inf\u00e9rieure\u00a0: laser (faisceau rouge), partie sup\u00e9rieure\u00a0: optique, coque grise<\/p>\n<p>Th\u00e9odolite \u00e9lectronique LDT-402ALL<br \/>\nTh\u00e9odolite, Bas : Laser (faisceau rouge), Haut : Laser (faisceau rouge), Coque grise<\/p>\n<p>Th\u00e9odolite \u00e9lectronique LDT-402AOO<br \/>\nTh\u00e9odolite, Base : optique, Haut : optique, Coque grise<\/p>\n<p>Le th\u00e9odolite \u00e9lectronique LDT-402E comprend les quatre types suivants\u00a0:<\/p>\n<p>Th\u00e9odolite \u00e9lectronique LDT-402EOL<br \/>\nTh\u00e9odolite, partie inf\u00e9rieure : optique, partie sup\u00e9rieure : laser (faisceau rouge), coque verte<\/p>\n<p>Th\u00e9odolite \u00e9lectronique LDT-402ELO<br \/>\nTh\u00e9odolite, en bas : laser (faisceau rouge), en haut : optique, coque verte<\/p>\n<p>Th\u00e9odolite \u00e9lectronique LDT-402ELL<br \/>\nTh\u00e9odolite, Bas : Laser (faisceau rouge), Haut : Laser (faisceau rouge), Coque verte<\/p>\n<p>Th\u00e9odolite \u00e9lectronique LDT-402EOO<br \/>\nTh\u00e9odolite, partie inf\u00e9rieure : optique, partie sup\u00e9rieure : optique, couleur de la coque : verte<\/p>\n<p><img fetchpriority=\"high\" decoding=\"async\" class=\"aligncenter wp-image-5831\" src=\"https:\/\/mountlaser.com\/wp-content\/uploads\/2025\/12\/LDT-402AL2.webp\" alt=\"Smart Electronic Theodolite\" width=\"500\" height=\"500\" srcset=\"https:\/\/mountlaser.com\/wp-content\/uploads\/2025\/12\/LDT-402AL2.webp 1000w, https:\/\/mountlaser.com\/wp-content\/uploads\/2025\/12\/LDT-402AL2-300x300.webp 300w, https:\/\/mountlaser.com\/wp-content\/uploads\/2025\/12\/LDT-402AL2-150x150.webp 150w, https:\/\/mountlaser.com\/wp-content\/uploads\/2025\/12\/LDT-402AL2-768x768.webp 768w, https:\/\/mountlaser.com\/wp-content\/uploads\/2025\/12\/LDT-402AL2-12x12.webp 12w, https:\/\/mountlaser.com\/wp-content\/uploads\/2025\/12\/LDT-402AL2-600x600.webp 600w, https:\/\/mountlaser.com\/wp-content\/uploads\/2025\/12\/LDT-402AL2-800x800.webp 800w, https:\/\/mountlaser.com\/wp-content\/uploads\/2025\/12\/LDT-402AL2-400x400.webp 400w\" sizes=\"(max-width: 500px) 100vw, 500px\" \/><\/p>\n<p><strong><a href=\"https:\/\/mountlaser.com\/fr_fr\/\">Th\u00e9odolite s\u00e9rie LDT-402<\/a> Caract\u00e9ristiques<\/strong><\/p>\n<table style=\"border-collapse: collapse; width: 854px; height: 980px;\" border=\"0\" width=\"619\" cellspacing=\"0\" cellpadding=\"0\">\n<tbody>\n<tr style=\"height: 13.50pt;\">\n<td class=\"et2\" style=\"height: 13.50pt; width: 230.25pt;\" colspan=\"2\" width=\"307\" height=\"18\">Num\u00e9ro de mod\u00e8le.<\/td>\n<td class=\"et3\" style=\"width: 117.00pt;\" width=\"156\">LDT-402E\/402A<\/td>\n<td class=\"et3\" style=\"width: 117.00pt;\" width=\"156\">LDT-402EL\/402AL<\/td>\n<\/tr>\n<tr style=\"height: 13.50pt;\">\n<td class=\"et3\" style=\"height: 13.50pt;\" height=\"18\">Tribrach<\/td>\n<td class=\"et3\">Mod\u00e8le<\/td>\n<td class=\"et3\">D\u00e9tachable<\/td>\n<td class=\"et3\">D\u00e9tachable<\/td>\n<\/tr>\n<tr style=\"height: 13.50pt;\">\n<td class=\"et2\" style=\"height: 108.00pt;\" rowspan=\"8\" height=\"144\">T\u00e9lescope<\/td>\n<td class=\"et3\">Imagerie<\/td>\n<td class=\"et3\">\u00c9riger<\/td>\n<td class=\"et3\">\u00c9riger<\/td>\n<\/tr>\n<tr style=\"height: 13.50pt;\">\n<td class=\"et3\">Grossissement<\/td>\n<td class=\"et3\">30X<\/td>\n<td class=\"et3\">30X<\/td>\n<\/tr>\n<tr style=\"height: 13.50pt;\">\n<td class=\"et3\">Ouverture de l&#039;objectif<\/td>\n<td class=\"et3\">45 mm<\/td>\n<td class=\"et3\">45 mm<\/td>\n<\/tr>\n<tr style=\"height: 13.50pt;\">\n<td class=\"et3\">R\u00e9solution<\/td>\n<td class=\"et3\">3\u2033<\/td>\n<td class=\"et3\">3\u2033<\/td>\n<\/tr>\n<tr style=\"height: 13.50pt;\">\n<td class=\"et3\">Champ de vision<\/td>\n<td class=\"et3\">1\u00b030\u2032<\/td>\n<td class=\"et3\">1\u00b030\u2032<\/td>\n<\/tr>\n<tr style=\"height: 13.50pt;\">\n<td class=\"et3\">Concentration minimale<\/td>\n<td class=\"et3\">1,3 m<\/td>\n<td class=\"et3\">1,5 m<\/td>\n<\/tr>\n<tr style=\"height: 13.50pt;\">\n<td class=\"et3\">Constante de multiplication\/addition<\/td>\n<td class=\"et3\">100\/ 0<\/td>\n<td class=\"et3\">100\/ 0<\/td>\n<\/tr>\n<tr style=\"height: 13.50pt;\">\n<td class=\"et3\">Longueur<\/td>\n<td class=\"et3\">156 mm<\/td>\n<td class=\"et3\">156 mm<\/td>\n<\/tr>\n<tr style=\"height: 13.50pt;\">\n<td class=\"et2\" style=\"height: 67.50pt;\" rowspan=\"5\" height=\"90\">Mesure d&#039;angle<\/td>\n<td class=\"et3\">Mode de mesure<\/td>\n<td class=\"et3\">Encodeur absolu<\/td>\n<td class=\"et3\">Encodeur absolu<\/td>\n<\/tr>\n<tr style=\"height: 13.50pt;\">\n<td class=\"et3\">Lecture minimale<\/td>\n<td class=\"et3\">1\u2033\/ 5\u2033<\/td>\n<td class=\"et3\">1\u2033\/ 5\u2033<\/td>\n<\/tr>\n<tr style=\"height: 13.50pt;\">\n<td class=\"et3\">Pr\u00e9cision de lecture<\/td>\n<td class=\"et3\">2\u2033<\/td>\n<td class=\"et3\">2\u2033<\/td>\n<\/tr>\n<tr style=\"height: 13.50pt;\">\n<td class=\"et3\">Diam\u00e8tre du cercle<\/td>\n<td class=\"et3\">71 mm<\/td>\n<td class=\"et3\">71 mm<\/td>\n<\/tr>\n<tr style=\"height: 13.50pt;\">\n<td class=\"et3\">Unit\u00e9s d&#039;angle<\/td>\n<td class=\"et3\">360\u00b0\/ 400 gon\/ 6400 mil<\/td>\n<td class=\"et3\">360\u00b0\/ 400 gon\/ 6400 mil<\/td>\n<\/tr>\n<tr style=\"height: 13.50pt;\">\n<td class=\"et2\" style=\"height: 27.00pt;\" rowspan=\"2\" height=\"36\">Compensateur<\/td>\n<td class=\"et3\">Capteur d&#039;inclinaison<\/td>\n<td class=\"et3\">Oui<\/td>\n<td class=\"et3\">Oui<\/td>\n<\/tr>\n<tr style=\"height: 13.50pt;\">\n<td class=\"et3\">Gamme<\/td>\n<td class=\"et3\">\u00b13\u2032<\/td>\n<td class=\"et3\">\u00b13\u2032<\/td>\n<\/tr>\n<tr style=\"height: 13.50pt;\">\n<td class=\"et2\" style=\"height: 54.00pt;\" rowspan=\"4\" height=\"72\">Plongeon laser<\/td>\n<td class=\"et3\">Longueur d&#039;onde<\/td>\n<td class=\"et3\">Faisceau rouge de 635 nm<\/td>\n<td class=\"et3\">Faisceau rouge de 635 nm<\/td>\n<\/tr>\n<tr style=\"height: 13.50pt;\">\n<td class=\"et3\">Pouvoir<\/td>\n<td class=\"et3\">1 mW<\/td>\n<td class=\"et3\">1 mW<\/td>\n<\/tr>\n<tr style=\"height: 13.50pt;\">\n<td class=\"et3\">Pr\u00e9cision (1,5 m)<\/td>\n<td class=\"et3\">\u00b11 mm<\/td>\n<td class=\"et3\">\u00b11 mm<\/td>\n<\/tr>\n<tr style=\"height: 13.50pt;\">\n<td class=\"et3\">Qualit\u00e9 laser<\/td>\n<td class=\"et3\"><span class=\"font1\">Classe<\/span><span class=\"font5\">\u2161<\/span><\/td>\n<td class=\"et3\"><span class=\"font1\">Classe<\/span><span class=\"font5\">\u2161<\/span><\/td>\n<\/tr>\n<tr style=\"height: 13.50pt;\">\n<td class=\"et2\" style=\"height: 40.50pt;\" rowspan=\"3\" height=\"54\">Plomb optique (en option)<\/td>\n<td class=\"et3\">Grossissement<\/td>\n<td class=\"et3\">3x<\/td>\n<td class=\"et3\">3x<\/td>\n<\/tr>\n<tr style=\"height: 13.50pt;\">\n<td class=\"et3\">Champ de vision<\/td>\n<td class=\"et3\">5\u00b0<\/td>\n<td class=\"et3\">5\u00b0<\/td>\n<\/tr>\n<tr style=\"height: 13.50pt;\">\n<td class=\"et3\">Plage de mise au point<\/td>\n<td class=\"et3\"><span class=\"font1\">0,5 m \u2014<\/span><span class=\"font5\">\u221e<\/span><\/td>\n<td class=\"et3\"><span class=\"font1\">0,5 m \u2014<\/span><span class=\"font5\">\u221e<\/span><\/td>\n<\/tr>\n<tr style=\"height: 13.50pt;\">\n<td class=\"et2\" style=\"height: 67.50pt;\" rowspan=\"5\" height=\"90\">Pointeur laser<\/td>\n<td class=\"et3\">Longueur d&#039;onde<\/td>\n<td class=\"et3\">\/<\/td>\n<td class=\"et3\">Rouge 635 nm<\/td>\n<\/tr>\n<tr style=\"height: 13.50pt;\">\n<td class=\"et3\">Pouvoir<\/td>\n<td class=\"et3\">\/<\/td>\n<td class=\"et3\">1 mW<\/td>\n<\/tr>\n<tr style=\"height: 13.50pt;\">\n<td class=\"et3\">Port\u00e9e laser (de jour)<\/td>\n<td class=\"et3\">\/<\/td>\n<td class=\"et3\">200 m<\/td>\n<\/tr>\n<tr style=\"height: 13.50pt;\">\n<td class=\"et3\">Pr\u00e9cision coaxiale laser<\/td>\n<td class=\"et3\">\/<\/td>\n<td class=\"et4\"><span class=\"font2\">\u2264<\/span><span class=\"font1\">5\u2033<\/span><\/td>\n<\/tr>\n<tr style=\"height: 13.50pt;\">\n<td class=\"et3\">Diam\u00e8tre du point laser<\/td>\n<td class=\"et3\">\/<\/td>\n<td class=\"et5\"><span class=\"font3\">\u2264<\/span><span class=\"font6\">2 mm\/100 m<\/span><\/td>\n<\/tr>\n<tr style=\"height: 13.50pt;\">\n<td class=\"et2\" style=\"height: 27.00pt;\" rowspan=\"2\" height=\"36\">Ampoule<\/td>\n<td class=\"et3\">Flacon \u00e0 plaque<\/td>\n<td class=\"et3\">30\u2033\/ 2 mm<\/td>\n<td class=\"et3\">30\u2033\/ 2 mm<\/td>\n<\/tr>\n<tr style=\"height: 13.50pt;\">\n<td class=\"et3\">Flacon circulaire<\/td>\n<td class=\"et3\">8&#039;\/ 2 mm<\/td>\n<td class=\"et3\">8&#039;\/ 2 mm<\/td>\n<\/tr>\n<tr style=\"height: 13.50pt;\">\n<td class=\"et3\" style=\"height: 13.50pt;\" height=\"18\">Afficher<\/td>\n<td class=\"et3\">Double face<\/td>\n<td class=\"et3\">R\u00e9tro\u00e9clairage LED<\/td>\n<td class=\"et3\">R\u00e9tro\u00e9clairage LED<\/td>\n<\/tr>\n<tr style=\"height: 13.50pt;\">\n<td class=\"et2\" style=\"height: 27.00pt;\" rowspan=\"2\" height=\"36\">Pouvoir<\/td>\n<td class=\"et3\">Ressources \u00e9nerg\u00e9tiques<\/td>\n<td class=\"et6\">Batterie Ni-MH 4,8 V 1500 mAh<\/td>\n<td class=\"et6\">Batterie Ni-MH 4,8 V 1500 mAh<\/td>\n<\/tr>\n<tr style=\"height: 13.50pt;\">\n<td class=\"et3\">Temp\u00e9rature de fonctionnement<\/td>\n<td class=\"et3\"><span class=\"font1\">-20<\/span><span class=\"font2\">\u2103\uff5e<\/span><span class=\"font1\">+50<\/span><span class=\"font2\">\u2103<\/span><\/td>\n<td class=\"et3\"><span class=\"font1\">-20<\/span><span class=\"font2\">\u2103\uff5e<\/span><span class=\"font1\">+50<\/span><span class=\"font2\">\u2103<\/span><\/td>\n<\/tr>\n<tr style=\"height: 13.50pt;\">\n<td class=\"et2\" style=\"height: 27.00pt;\" rowspan=\"2\" height=\"36\">Sortir<\/td>\n<td class=\"et3\">Sortie de donn\u00e9es<\/td>\n<td class=\"et3\">\/<\/td>\n<td class=\"et3\">RS232C<\/td>\n<\/tr>\n<tr style=\"height: 13.50pt;\">\n<td class=\"et3\">M\u00e9moire (points)<\/td>\n<td class=\"et3\">\/<\/td>\n<td class=\"et7\">1000<\/td>\n<\/tr>\n<\/tbody>\n<\/table>","protected":false},"excerpt":{"rendered":"<ul>\n<li>Robuste et fiable : gr\u00e2ce \u00e0 son indice de protection IP54, le th\u00e9odolite est prot\u00e9g\u00e9 contre la poussi\u00e8re et les projections d&#039;eau, ce qui le rend adapt\u00e9 \u00e0 une utilisation sur les chantiers actifs.<\/li>\n<li>Rapide et productif : il permet d&#039;effectuer des mesures en moins de 5 secondes, am\u00e9liorant consid\u00e9rablement la productivit\u00e9 sur site.<\/li>\n<\/ul>","protected":false},"featured_media":5822,"comment_status":"open","ping_status":"closed","template":"","meta":[],"product_brand":[],"product_cat":[144,95],"product_tag":[],"class_list":{"0":"post-5821","1":"product","2":"type-product","3":"status-publish","4":"has-post-thumbnail","6":"product_cat-theodoliteagent-sales","7":"product_cat-agent-sales","9":"first","10":"instock","11":"shipping-taxable","12":"product-type-simple"},"_links":{"self":[{"href":"https:\/\/mountlaser.com\/fr_fr\/wp-json\/wp\/v2\/product\/5821","targetHints":{"allow":["GET"]}}],"collection":[{"href":"https:\/\/mountlaser.com\/fr_fr\/wp-json\/wp\/v2\/product"}],"about":[{"href":"https:\/\/mountlaser.com\/fr_fr\/wp-json\/wp\/v2\/types\/product"}],"replies":[{"embeddable":true,"href":"https:\/\/mountlaser.com\/fr_fr\/wp-json\/wp\/v2\/comments?post=5821"}],"wp:featuredmedia":[{"embeddable":true,"href":"https:\/\/mountlaser.com\/fr_fr\/wp-json\/wp\/v2\/media\/5822"}],"wp:attachment":[{"href":"https:\/\/mountlaser.com\/fr_fr\/wp-json\/wp\/v2\/media?parent=5821"}],"wp:term":[{"taxonomy":"product_brand","embeddable":true,"href":"https:\/\/mountlaser.com\/fr_fr\/wp-json\/wp\/v2\/product_brand?post=5821"},{"taxonomy":"product_cat","embeddable":true,"href":"https:\/\/mountlaser.com\/fr_fr\/wp-json\/wp\/v2\/product_cat?post=5821"},{"taxonomy":"product_tag","embeddable":true,"href":"https:\/\/mountlaser.com\/fr_fr\/wp-json\/wp\/v2\/product_tag?post=5821"}],"curies":[{"name":"wp","href":"https:\/\/api.w.org\/{rel}","templated":true}]}}