{"id":5812,"date":"2025-12-10T09:11:42","date_gmt":"2025-12-10T09:11:42","guid":{"rendered":"https:\/\/mountlaser.com\/?post_type=product&#038;p=5812"},"modified":"2025-12-10T09:25:57","modified_gmt":"2025-12-10T09:25:57","slug":"sc-dc01-soft-case","status":"publish","type":"product","link":"https:\/\/mountlaser.com\/fr_fr\/produit\/sc-dc01-soft-case\/","title":{"rendered":"\u00c9tui souple SC-DC01"},"content":{"rendered":"<p>Le <a href=\"https:\/\/mountlaser.com\/fr_fr\/\"><strong>\u00c9tui souple SC-DC01<\/strong><\/a> L&#039;\u00e9tui souple SC-DC01 est une solution durable et protectrice con\u00e7ue sp\u00e9cifiquement pour les collecteurs de donn\u00e9es portables utilis\u00e9s dans les applications topographiques professionnelles. Dot\u00e9 d&#039;un ext\u00e9rieur jaune vif pour une visibilit\u00e9 optimale sur le terrain, il garantit le rangement s\u00e9curis\u00e9 et l&#039;acc\u00e8s facile aux instruments essentiels lors de travaux de terrain exigeants. <a href=\"https:\/\/mountlaser.com\/fr_fr\/categorie-produit\/surveying-accessory\/\"><strong>\u00c9tui souple pour collecteur de donn\u00e9es TRI<\/strong><\/a>, Elle offre une protection fiable contre la poussi\u00e8re, les chocs mineurs et l&#039;usure quotidienne, ce qui en fait un accessoire id\u00e9al pour les g\u00e9om\u00e8tres qui ont besoin d&#039;un \u00e9quipement fiable sur leur lieu de travail.<\/p>\n<p><img fetchpriority=\"high\" decoding=\"async\" class=\"aligncenter wp-image-5819\" src=\"https:\/\/mountlaser.com\/wp-content\/uploads\/2025\/12\/SC-DC017.webp\" alt=\"SC-DC01 Soft case\" width=\"500\" height=\"500\" srcset=\"https:\/\/mountlaser.com\/wp-content\/uploads\/2025\/12\/SC-DC017.webp 1000w, https:\/\/mountlaser.com\/wp-content\/uploads\/2025\/12\/SC-DC017-300x300.webp 300w, https:\/\/mountlaser.com\/wp-content\/uploads\/2025\/12\/SC-DC017-150x150.webp 150w, https:\/\/mountlaser.com\/wp-content\/uploads\/2025\/12\/SC-DC017-768x768.webp 768w, https:\/\/mountlaser.com\/wp-content\/uploads\/2025\/12\/SC-DC017-12x12.webp 12w, https:\/\/mountlaser.com\/wp-content\/uploads\/2025\/12\/SC-DC017-600x600.webp 600w, https:\/\/mountlaser.com\/wp-content\/uploads\/2025\/12\/SC-DC017-800x800.webp 800w, https:\/\/mountlaser.com\/wp-content\/uploads\/2025\/12\/SC-DC017-400x400.webp 400w\" sizes=\"(max-width: 500px) 100vw, 500px\" \/><\/p>\n<p>Con\u00e7ue pour allier fonctionnalit\u00e9 et praticit\u00e9, cette housse souple pour collecteur de donn\u00e9es TRI offre un maintien s\u00fbr pour une large gamme de collecteurs de donn\u00e9es, tout en conservant une structure l\u00e9g\u00e8re pour une utilisation confortable. Sa conception robuste prolonge la dur\u00e9e de vie de votre appareil, et sa forme profil\u00e9e facilite le transport \u00e0 la main ou le rangement dans les grands sacs d&#039;enqu\u00eate. Gr\u00e2ce \u00e0 son agencement efficace et \u00e0 ses coutures solides,<a href=\"https:\/\/mountlaser.com\/fr_fr\/contact-us\/\"> \u00c9tui souple SC-DC01<\/a> assure une durabilit\u00e9 \u00e0 long terme dans divers environnements de terrain.<\/p>","protected":false},"excerpt":{"rendered":"<ul>\n<li>Sa couleur jaune vif am\u00e9liore la visibilit\u00e9 dans les environnements de travail ext\u00e9rieurs.<\/li>\n<li>\u00c9tui souple sp\u00e9cialement con\u00e7u pour le collecteur de donn\u00e9es TRI, offrant un ajustement et une protection optimaux.<\/li>\n<li>Un rembourrage r\u00e9sistant aux chocs prot\u00e8ge les appareils des impacts et de l&#039;abrasion.<\/li>\n<li>Conception l\u00e9g\u00e8re et compacte pour une utilisation manuelle sans effort et une portabilit\u00e9 optimale sur le terrain.<\/li>\n<li>Les coutures r\u00e9sistantes et la construction renforc\u00e9e prolongent la dur\u00e9e de vie lors d&#039;op\u00e9rations intensives sur le terrain.<\/li>\n<\/ul>","protected":false},"featured_media":5815,"comment_status":"open","ping_status":"closed","template":"","meta":[],"product_brand":[],"product_cat":[164,79],"product_tag":[],"class_list":{"0":"post-5812","1":"product","2":"type-product","3":"status-publish","4":"has-post-thumbnail","6":"product_cat-soft-case","7":"product_cat-surveying-accessory","9":"first","10":"instock","11":"shipping-taxable","12":"product-type-simple"},"_links":{"self":[{"href":"https:\/\/mountlaser.com\/fr_fr\/wp-json\/wp\/v2\/product\/5812","targetHints":{"allow":["GET"]}}],"collection":[{"href":"https:\/\/mountlaser.com\/fr_fr\/wp-json\/wp\/v2\/product"}],"about":[{"href":"https:\/\/mountlaser.com\/fr_fr\/wp-json\/wp\/v2\/types\/product"}],"replies":[{"embeddable":true,"href":"https:\/\/mountlaser.com\/fr_fr\/wp-json\/wp\/v2\/comments?post=5812"}],"wp:featuredmedia":[{"embeddable":true,"href":"https:\/\/mountlaser.com\/fr_fr\/wp-json\/wp\/v2\/media\/5815"}],"wp:attachment":[{"href":"https:\/\/mountlaser.com\/fr_fr\/wp-json\/wp\/v2\/media?parent=5812"}],"wp:term":[{"taxonomy":"product_brand","embeddable":true,"href":"https:\/\/mountlaser.com\/fr_fr\/wp-json\/wp\/v2\/product_brand?post=5812"},{"taxonomy":"product_cat","embeddable":true,"href":"https:\/\/mountlaser.com\/fr_fr\/wp-json\/wp\/v2\/product_cat?post=5812"},{"taxonomy":"product_tag","embeddable":true,"href":"https:\/\/mountlaser.com\/fr_fr\/wp-json\/wp\/v2\/product_tag?post=5812"}],"curies":[{"name":"wp","href":"https:\/\/api.w.org\/{rel}","templated":true}]}}